{"id":2229,"date":"2026-01-07T14:43:05","date_gmt":"2026-01-07T06:43:05","guid":{"rendered":"https:\/\/www.haideclean.com\/?post_type=product&#038;p=2229"},"modified":"2026-04-09T15:32:48","modified_gmt":"2026-04-09T07:32:48","slug":"chd5070tslqle6-road-sweeper-truck","status":"publish","type":"product","link":"https:\/\/www.haideclean.com\/pt\/produto\/chd5070tslqle6-road-sweeper-truck\/","title":{"rendered":"CHD5070TSLQLE6 Varredeira de estradas"},"content":{"rendered":"<p>1.Clutch centrifugal independentemente desenvolvido: Para alcan\u00e7ar o in\u00edcio sem carga do motor, um clutch centrifugal auto-desenvolvido crescendo \u00e9 instalado. Comparados com os clutches centr\u00edfugos tradicionais, este tipo de clutch centr\u00edfugas tem um engajamento suave, n\u00e3o \u00e9 propenso a deslizar, uso m\u00ednimo e uma vida de servi\u00e7o mais longa.<\/p>\n<p><img fetchpriority=\"high\" decoding=\"async\" class=\"alignnone wp-image-2236 size-full\" src=\"https:\/\/www.haideclean.com\/wp-content\/uploads\/2026\/01\/Performance-characteristics1.jpg\" alt=\"\" width=\"800\" height=\"600\" srcset=\"https:\/\/www.haideclean.com\/wp-content\/uploads\/2026\/01\/Performance-characteristics1.jpg 800w, https:\/\/www.haideclean.com\/wp-content\/uploads\/2026\/01\/Performance-characteristics1-300x225.jpg 300w, https:\/\/www.haideclean.com\/wp-content\/uploads\/2026\/01\/Performance-characteristics1-768x576.jpg 768w, https:\/\/www.haideclean.com\/wp-content\/uploads\/2026\/01\/Performance-characteristics1-600x450.jpg 600w\" sizes=\"(max-width: 800px) 100vw, 800px\" \/><\/p>\n<p>2.O grupo de v\u00e1lvulas hidr\u00e1ulicas plug-in com fios tem um desempenho mais est\u00e1vel: para assegurar a estabilidade e a confiabilidade de todo o ve\u00edculo&#8217; s sistema hidr\u00e1ulico, o grupo de v\u00e1lvulas hidr\u00e1ulicas utilizado no ve\u00edculo \u00e9 uma v\u00e1lvula hidr\u00e1ulica plug-in, que tem as vantagens de estrutura compact a, peso ligeiro, fun\u00e7\u00e3o poderosa, alta confiabilidade e manuten\u00e7\u00e3o f\u00e1cil.<\/p>\n<p>3.A velocidade do pincel de limpeza adota um ajuste sem passos: devido a diferentes condi\u00e7\u00f5es de estrada e distribui\u00e7\u00e3o do lixo, o pincel de limpeza precisa usar diferentes velocidades de trabalho para alcan\u00e7ar resultados de opera\u00e7\u00e3o ideales. O ajuste do pincel de limpeza deste ve\u00edculo \u00e9 alcan\u00e7ado ajustando o bot\u00e3o de ajuste da caixa de controle el\u00e9trico para controlar a corrente da bobina no grupo de v\u00e1lvulas, e obter a mudan\u00e7a no deslocamento do grupo de v\u00e1lvulas, alcan\u00e7ando o ajuste sem passos do disco de pincel de limpeza.<\/p>\n<p>4.Todas as articula\u00e7\u00f5es de manga hidr\u00e1ulicas s\u00e3o formadas em uma vez por uma m\u00e1quina de forma\u00e7\u00e3o de ponta de tubo: m\u00e1quinas de forma\u00e7\u00e3o de ponta de tubo comumente usadas na Europa e nos EUA s\u00e3o usadas para tubos hidr\u00e1ulicos. Todos os extremos dos tubos de a\u00e7o s\u00e3o formados em uma vez, pressionando, e est\u00e3o equipados com an\u00e9is de selagem especiais para resistir a retirada, sem fuga no tubo.<\/p>\n<p>5.Dispositivo de filtragem de ar em dois est\u00e1gios: adota um filtro de ar de filtragem de duas camadas de filtragem de ar de filtragem de \u00f3leo de banho, assegurando a qualidade de ingest\u00e3o do motor e maximizando a vida de servi\u00e7o do motor.<\/p>\n<p>6.The dumping angle of the garbage container is as high as 60\u00b0: Due to the sticky nature of the garbage collected by the road sweeper, it is difficult to remove it directly. In order to maximize the unloading angle of the vehicle, the water tank of the vehicle is designed at the bottom of the garbage container, with a volume of up to 1100L. This allows the bottom plate of the garbage container to have a pre inclination angle of more than 10 degrees, and the unloading angle of the garbage container reach more than 60 degrees.<\/p>\n<p><img decoding=\"async\" class=\"alignnone wp-image-2237 size-full\" src=\"https:\/\/www.haideclean.com\/wp-content\/uploads\/2026\/01\/Performance-characteristics2.jpg\" alt=\"\" width=\"800\" height=\"600\" srcset=\"https:\/\/www.haideclean.com\/wp-content\/uploads\/2026\/01\/Performance-characteristics2.jpg 800w, https:\/\/www.haideclean.com\/wp-content\/uploads\/2026\/01\/Performance-characteristics2-300x225.jpg 300w, https:\/\/www.haideclean.com\/wp-content\/uploads\/2026\/01\/Performance-characteristics2-768x576.jpg 768w, https:\/\/www.haideclean.com\/wp-content\/uploads\/2026\/01\/Performance-characteristics2-600x450.jpg 600w\" sizes=\"(max-width: 800px) 100vw, 800px\" \/><\/p>\n<p>7.Um filtro de grande \u00e1rea \u00e9 instalado no topo do corpo: Para minimizar a diminui\u00e7\u00e3o da capacidade de suc\u00e7\u00e3o causada pelo bloqueio do fluxo a \u00e9reo, o ve\u00edculo est\u00e1 equipado com uma grande \u00e1rea de filtro de a\u00e7o inoxid\u00e1vel no topo do recipiente de lixo, que \u00e9 usado para bloquear e filtrar o lixo de grande e pequeno volume no fluxo a\u00e9reo. O guia tamb\u00e9m \u00e9 instalado no topo da caixa para melhorar o efeito de redu\u00e7\u00e3o de p\u00f3, fazer a pilha de lixo subir de forma uniforme e aumentar a capacidade efetiva.<\/p>\n<p><img decoding=\"async\" class=\"alignnone wp-image-2238 size-full\" src=\"https:\/\/www.haideclean.com\/wp-content\/uploads\/2026\/01\/Performance-characteristics3.jpg\" alt=\"\" width=\"800\" height=\"600\" srcset=\"https:\/\/www.haideclean.com\/wp-content\/uploads\/2026\/01\/Performance-characteristics3.jpg 800w, https:\/\/www.haideclean.com\/wp-content\/uploads\/2026\/01\/Performance-characteristics3-300x225.jpg 300w, https:\/\/www.haideclean.com\/wp-content\/uploads\/2026\/01\/Performance-characteristics3-768x576.jpg 768w, https:\/\/www.haideclean.com\/wp-content\/uploads\/2026\/01\/Performance-characteristics3-600x450.jpg 600w\" sizes=\"(max-width: 800px) 100vw, 800px\" \/><\/p>\n<p>8.O sistema de levantamento de emerg\u00eancia da bomba de m\u00e3o proporciona conveni\u00eancia para manuten\u00e7\u00e3o de emerg\u00eancia do ve\u00edculo: A fun\u00e7\u00e3o de levantamento de emerg\u00eancia da bomba de m\u00e3o n\u00e3o s\u00f3 pode controlar o levantamento da caixa quando o motor auxiliar falha e n\u00e3o pode ser iniciado, mas tamb\u00e9m pode levantar as escovas e portos de suc\u00e7\u00e3o de emerg\u00eancia para facilitar o movimento de ve\u00edculos ou manuten\u00e7\u00e3o.<\/p>\n<p><img loading=\"lazy\" decoding=\"async\" class=\"alignnone wp-image-2239 size-full\" src=\"https:\/\/www.haideclean.com\/wp-content\/uploads\/2026\/01\/Performance-characteristics4.jpg\" alt=\"\" width=\"800\" height=\"600\" srcset=\"https:\/\/www.haideclean.com\/wp-content\/uploads\/2026\/01\/Performance-characteristics4.jpg 800w, https:\/\/www.haideclean.com\/wp-content\/uploads\/2026\/01\/Performance-characteristics4-300x225.jpg 300w, https:\/\/www.haideclean.com\/wp-content\/uploads\/2026\/01\/Performance-characteristics4-768x576.jpg 768w, https:\/\/www.haideclean.com\/wp-content\/uploads\/2026\/01\/Performance-characteristics4-600x450.jpg 600w\" sizes=\"(max-width: 800px) 100vw, 800px\" \/><\/p>\n<p>9.Equipado com dispositivo avan\u00e7ado de monitoramento da TV de cores: Para facilitar a observa\u00e7\u00e3o oportuna do ve\u00edculo&#8217; o estado de opera\u00e7\u00e3o, sondas de observa\u00e7\u00e3o s \u00e3o instaladas nos lados traseiros e direitos do ve\u00edculo, e a opera\u00e7\u00e3o e convers\u00e3o da c\u00e2mera s\u00e3o extremamente convenientes, o que pode proporcionar qualidade de opera\u00e7\u00e3o de limpeza em tempo oportuno e fun\u00e7\u00e3o de imagem traseira do ve\u00edculo para os operadores.<\/p>\n<p><img loading=\"lazy\" decoding=\"async\" class=\"alignnone wp-image-2240 size-full\" src=\"https:\/\/www.haideclean.com\/wp-content\/uploads\/2026\/01\/Performance-characteristics5.jpg\" alt=\"\" width=\"800\" height=\"600\" srcset=\"https:\/\/www.haideclean.com\/wp-content\/uploads\/2026\/01\/Performance-characteristics5.jpg 800w, https:\/\/www.haideclean.com\/wp-content\/uploads\/2026\/01\/Performance-characteristics5-300x225.jpg 300w, https:\/\/www.haideclean.com\/wp-content\/uploads\/2026\/01\/Performance-characteristics5-768x576.jpg 768w, https:\/\/www.haideclean.com\/wp-content\/uploads\/2026\/01\/Performance-characteristics5-600x450.jpg 600w\" sizes=\"(max-width: 800px) 100vw, 800px\" \/><\/p>\n<p>10.O quadro de seguran\u00e7a est\u00e1 equipado com um interruptor de proximidade: Para evitar esquecer de baixar o corpo de seguran\u00e7a e causar danos \u00e0 caixa e quadro, um interruptor de proximidade \u00e9 especialmente instalado.<\/p>\n<p><img loading=\"lazy\" decoding=\"async\" class=\"alignnone wp-image-2241 size-full\" src=\"https:\/\/www.haideclean.com\/wp-content\/uploads\/2026\/01\/Performance-characteristics6.jpg\" alt=\"\" width=\"800\" height=\"600\" srcset=\"https:\/\/www.haideclean.com\/wp-content\/uploads\/2026\/01\/Performance-characteristics6.jpg 800w, https:\/\/www.haideclean.com\/wp-content\/uploads\/2026\/01\/Performance-characteristics6-300x225.jpg 300w, https:\/\/www.haideclean.com\/wp-content\/uploads\/2026\/01\/Performance-characteristics6-768x576.jpg 768w, https:\/\/www.haideclean.com\/wp-content\/uploads\/2026\/01\/Performance-characteristics6-600x450.jpg 600w\" sizes=\"(max-width: 800px) 100vw, 800px\" \/><\/p>\n<p>11.A taza de suc\u00e7\u00e3o plenamente flutuante adota uma estrutura de conex\u00e3o: a taza de suc\u00e7\u00e3o adota uma conex\u00e3o plenamente flutuante e um mecanismo de equil\u00edbrio \u00fanico, que pode automaticamente ajustar de acordo com a altura do solo para assegurar que a lacuna entre a taza de suc\u00e7\u00e3o e a estrada permane\u00e7a inalterada, de modo que o ve\u00edculo mant\u00e9m sempre um bom efeito de trabalho.<\/p>\n<p><img loading=\"lazy\" decoding=\"async\" class=\"alignnone wp-image-2243 size-full\" src=\"https:\/\/www.haideclean.com\/wp-content\/uploads\/2026\/01\/Performance-characteristics8.jpg\" alt=\"\" width=\"800\" height=\"600\" srcset=\"https:\/\/www.haideclean.com\/wp-content\/uploads\/2026\/01\/Performance-characteristics8.jpg 800w, https:\/\/www.haideclean.com\/wp-content\/uploads\/2026\/01\/Performance-characteristics8-300x225.jpg 300w, https:\/\/www.haideclean.com\/wp-content\/uploads\/2026\/01\/Performance-characteristics8-768x576.jpg 768w, https:\/\/www.haideclean.com\/wp-content\/uploads\/2026\/01\/Performance-characteristics8-600x450.jpg 600w\" sizes=\"(max-width: 800px) 100vw, 800px\" \/><\/p>\n<p>12.A bomba eficiente de \u00e1gua de vortex proporciona uma garantia para limpeza e redu\u00e7\u00e3o de poeira: pulveriza\u00e7\u00e3o eficaz e redu\u00e7\u00e3o de poeira \u00e9 uma condi\u00e7\u00e3o necess\u00e1ria para limpeza rodovi\u00e1ria. Al\u00e9m de ter as escovas necess\u00e1rias, portos de suc\u00e7\u00e3o e tubos de suc\u00e7\u00e3o para redu\u00e7\u00e3o de poeira, este ve\u00edculo tamb\u00e9m serve como um nozzle de auto-fluxo para limpar e comprimir poeira em \u00e1reas com alto conte\u00fado de poeira. Este nozzle s\u00f3 \u00e9 aberto quando o p\u00f3 \u00e9 severo para aumentar a quantidade de \u00e1gua pulverizada pelo tubo de suc\u00e7\u00e3o, melhorar o efeito de redu\u00e7\u00e3o do p\u00f3 e evitar a obstru\u00e7\u00e3o do tubo de suc\u00e7\u00e3o.<\/p>\n<p><img loading=\"lazy\" decoding=\"async\" class=\"alignnone wp-image-2242 size-full\" src=\"https:\/\/www.haideclean.com\/wp-content\/uploads\/2026\/01\/Performance-characteristics7.jpg\" alt=\"\" width=\"800\" height=\"600\" srcset=\"https:\/\/www.haideclean.com\/wp-content\/uploads\/2026\/01\/Performance-characteristics7.jpg 800w, https:\/\/www.haideclean.com\/wp-content\/uploads\/2026\/01\/Performance-characteristics7-300x225.jpg 300w, https:\/\/www.haideclean.com\/wp-content\/uploads\/2026\/01\/Performance-characteristics7-768x576.jpg 768w, https:\/\/www.haideclean.com\/wp-content\/uploads\/2026\/01\/Performance-characteristics7-600x450.jpg 600w\" sizes=\"(max-width: 800px) 100vw, 800px\" \/><\/p>\n<p>13.Fans de suc\u00e7\u00e3o eficientes e de baixo ru\u00eddo fornecem poderosas capacidades de suc\u00e7\u00e3o para opera\u00e7\u00f5es de ve\u00edculos: Fans de suc\u00e7\u00e3o especialmente projetados de alta efici\u00eancia e de baixo ru\u00eddo s\u00e3o usados para fornecer fortes capacidades de suc\u00e7\u00e3o para ve\u00edculos para alcan\u00e7ar melhores resultados operacionais. Eles podem alcan\u00e7ar uma suc\u00e7\u00e3o de uma vez limpa de lixo comum, lama e pedras pequenas na superf\u00edcie da estrada.<\/p>\n<p><img loading=\"lazy\" decoding=\"async\" class=\"alignnone wp-image-2244 size-full\" src=\"https:\/\/www.haideclean.com\/wp-content\/uploads\/2026\/01\/Performance-characteristics9.jpg\" alt=\"\" width=\"800\" height=\"600\" srcset=\"https:\/\/www.haideclean.com\/wp-content\/uploads\/2026\/01\/Performance-characteristics9.jpg 800w, https:\/\/www.haideclean.com\/wp-content\/uploads\/2026\/01\/Performance-characteristics9-300x225.jpg 300w, https:\/\/www.haideclean.com\/wp-content\/uploads\/2026\/01\/Performance-characteristics9-768x576.jpg 768w, https:\/\/www.haideclean.com\/wp-content\/uploads\/2026\/01\/Performance-characteristics9-600x450.jpg 600w\" sizes=\"(max-width: 800px) 100vw, 800px\" \/><\/p>\n<p>14.O dispositivo hidr\u00e1ulico de refrigera\u00e7\u00e3o de \u00f3leo fornece refrigera\u00e7\u00e3o para ve\u00edculos durante opera\u00e7\u00f5es de ver\u00e3o quente: Como a temperatura do \u00f3leo hidr\u00e1ulico excede 70 \u00b0C durante opera\u00e7\u00f5es de ver\u00e3o quente, a viscosidade do \u00f3leo hidr\u00e1ulico diminuir\u00e1, e pode tamb\u00e9m causar danos aos selos hidr\u00e1ulicos. Portanto, o ve\u00edculo est\u00e1 equipado com um dispositivo hidr\u00e1ulico de refrigera\u00e7\u00e3o de \u00f3leo, que refrigera e refrigera o \u00f3leo hidr\u00e1ulico atrav\u00e9s do fluxo de \u00e1gua no tanque de p\u00f3 para assegurar que o ve\u00edculo funciona normalmente no ver\u00e3o quente.<\/p>\n<p><img loading=\"lazy\" decoding=\"async\" class=\"alignnone wp-image-2245 size-full\" src=\"https:\/\/www.haideclean.com\/wp-content\/uploads\/2026\/01\/Performance-characteristics10.jpg\" alt=\"\" width=\"800\" height=\"600\" srcset=\"https:\/\/www.haideclean.com\/wp-content\/uploads\/2026\/01\/Performance-characteristics10.jpg 800w, https:\/\/www.haideclean.com\/wp-content\/uploads\/2026\/01\/Performance-characteristics10-300x225.jpg 300w, https:\/\/www.haideclean.com\/wp-content\/uploads\/2026\/01\/Performance-characteristics10-768x576.jpg 768w, https:\/\/www.haideclean.com\/wp-content\/uploads\/2026\/01\/Performance-characteristics10-600x450.jpg 600w\" sizes=\"(max-width: 800px) 100vw, 800px\" \/><\/p>\n<p>15.O motor de condu\u00e7\u00e3o de pincel \u00e9 selecionado a partir de motores cicl\u00f3ides de alta qualidade e eficientes: os motores de condu\u00e7\u00e3o para cada disco de limpeza de pincel s\u00e3o motores cicl\u00f3ides de alta qualidade, que t\u00eam alta efici\u00eancia de transmiss\u00e3o e longa vida de servi\u00e7o.<\/p>\n<p>16.Os discos de pincel de limpeza da frente esquerda e direita t\u00eam fun\u00e7\u00e3o de prote\u00e7\u00e3o autom\u00e1tica para evitar obst\u00e1culos e de reiniciar autom\u00e1ticamente: quando o disco de limpeza encontra obst\u00e1culos, ele pode automaticamente retirar para evitar e reiniciar, resolvendo eficazmente o problema de danos f\u00e1ceis ao dispositivo de limpeza.<\/p>\n<p>17.As escovas da frente esquerda e direita podem ser independentes ou ligadas: permitindo ao ve\u00edculo usar seletivamente as escovas da frente direita ou esquerda durante a opera\u00e7\u00e3o, permitindo que o mecanismo de trabalho do lado da via r\u00e1pida n\u00e3o se estenda al\u00e9m do corpo do ve\u00edculo ao selecionar a escova esquerda. Isso n\u00e3o s\u00f3 reduz a largura da ocupa\u00e7\u00e3o rodovi\u00e1ria, melhora a seguran\u00e7a do trabalho e dos ve\u00edculos de passagem, mas tamb\u00e9m reduz o desgaste e lacrime das escovas, reduzindo os custos de funcionamento.<\/p>\n<p>18.Para minimizar o ru\u00eddo gerado durante a opera\u00e7\u00e3o do ve\u00edculo, s\u00e3o adicionados materiais especiais de absor\u00e7\u00e3o de som ao compartimento de pot\u00eancia do ve\u00edculo.<\/p>\n<p>19. Este ve\u00edculo pode ser equipado com uma pala de neve de 2,2 metros.<\/p>\n<p><strong>Op\u00e7\u00e3o<\/strong><\/p>\n<ol>\n<li>Tubo de suc\u00e7\u00e3o da porta traseira<\/li>\n<li>Dispositivo magn\u00e9tico frontal<\/li>\n<li>Dispositivo de pulveriza\u00e7\u00e3o de \u00e1gua frontal<\/li>\n<\/ol>","protected":false},"excerpt":{"rendered":"<p>O cami\u00e3o de pulveriza\u00e7\u00e3o CHD5070TSLQLE6 \u00e9 um ve\u00edculo de pulveriza\u00e7\u00e3o de pulveriza\u00e7\u00e3o e pulveriza\u00e7\u00e3o de pulveriza\u00e7\u00e3o de \u00e1gua do tipo de pulveriza\u00e7\u00e3o e pulveriza\u00e7\u00e3o modificado, baseado no xase autom\u00f3vel QL1070BUHACY Euro[UNK]VIproduzido pela Qingling Automobile Co., Ltd., equipado com um dispositivo de funcionamento dedicado com um motor secund\u00e1rio como pot\u00eancia de funcionamento.<\/p>","protected":false},"featured_media":2246,"template":"","meta":[],"product_brand":[],"product_cat":[15],"product_tag":[],"class_list":{"0":"post-2229","1":"product","2":"type-product","3":"status-publish","4":"has-post-thumbnail","6":"product_cat-road-sweeping","8":"first","9":"instock","10":"shipping-taxable","11":"product-type-simple"},"_links":{"self":[{"href":"https:\/\/www.haideclean.com\/pt\/wp-json\/wp\/v2\/product\/2229","targetHints":{"allow":["GET"]}}],"collection":[{"href":"https:\/\/www.haideclean.com\/pt\/wp-json\/wp\/v2\/product"}],"about":[{"href":"https:\/\/www.haideclean.com\/pt\/wp-json\/wp\/v2\/types\/product"}],"wp:featuredmedia":[{"embeddable":true,"href":"https:\/\/www.haideclean.com\/pt\/wp-json\/wp\/v2\/media\/2246"}],"wp:attachment":[{"href":"https:\/\/www.haideclean.com\/pt\/wp-json\/wp\/v2\/media?parent=2229"}],"wp:term":[{"taxonomy":"product_brand","embeddable":true,"href":"https:\/\/www.haideclean.com\/pt\/wp-json\/wp\/v2\/product_brand?post=2229"},{"taxonomy":"product_cat","embeddable":true,"href":"https:\/\/www.haideclean.com\/pt\/wp-json\/wp\/v2\/product_cat?post=2229"},{"taxonomy":"product_tag","embeddable":true,"href":"https:\/\/www.haideclean.com\/pt\/wp-json\/wp\/v2\/product_tag?post=2229"}],"curies":[{"name":"wp","href":"https:\/\/api.w.org\/{rel}","templated":true}]}}