{"id":2230,"date":"2026-01-07T14:56:16","date_gmt":"2026-01-07T06:56:16","guid":{"rendered":"https:\/\/www.haideclean.com\/?post_type=product&#038;p=2230"},"modified":"2026-04-09T15:10:39","modified_gmt":"2026-04-09T07:10:39","slug":"chd5110tslqle6-road-sweeper-truck","status":"publish","type":"product","link":"https:\/\/www.haideclean.com\/pt\/produto\/chd5110tslqle6-road-sweeper-truck\/","title":{"rendered":"CHD5110TSLQLE6 Varredeira de estradas"},"content":{"rendered":"<p>1.O grupo de v\u00e1lvulas hidr\u00e1ulicas de cartuchos com filos tem um desempenho mais est\u00e1vel: para assegurar a estabilidade e a confiabilidade do sistema hidr\u00e1ulico do ve\u00edculo inteiro, o grupo de v\u00e1lvulas hidr\u00e1ulicas adotado pelo ve\u00edculo \u00e9 a v\u00e1lvula hidr\u00e1ulica de cartuchos, que tem as vantagens de estrutura compacta, peso ligeiro, fun\u00e7\u00e3o poderosa, alta confiabilidade, manuten\u00e7\u00e3o f\u00e1cil, etc.<\/p>\n<p>2.A velocidade do pincel de limpeza adota um ajuste sem passos: Devido a diferentes condi\u00e7\u00f5es de estrada e distribui\u00e7\u00e3o do lixo, o pincel de limpeza precisa de diferentes velocidades de trabalho para obter um efeito de trabalho mais ideal, o ajuste do pincel de limpeza deste ve\u00edculo \u00e9 adotado ajustando o bot\u00e3o de ajuste na caixa de controle eletr\u00f4nico para perceber o tamanho da corrente das bobinas de controle no grupo de v\u00e1lvulas e obter a mudan\u00e7a do deslocamento do grupo de v\u00e1lvulas, de modo a alcan\u00e7ar o ajuste sem passos do disco de pincel de limpeza.<\/p>\n<p>3.Todos os equipamentos hidr\u00e1ulicos de tubos s\u00e3o formados pela m\u00e1quina de moldagem do fim de tubos em uma vez: a m\u00e1quina de moldagem do fim de tubos comumente usada na Europa e nos Estados Unidos para tubos hidr\u00e1ulicos \u00e9 selecionada, e todos os extremos de tubos de a\u00e7o s\u00e3o presos e moldados em uma vez e equipados com selos especiais para resistir a retirada, de modo que n\u00e3o h\u00e1 fuga nas tubos.<\/p>\n<p>4.Submotor tr\u00eas dispositivos de filtra\u00e7\u00e3o de ar: adota filtro de ar de elementos de filtra\u00e7\u00e3o de duas camadas \u00bf filtro de ar de banho de \u00f3leo \u00bf filtro prim\u00e1rio de ciclon para garantir a qualidade do motor&#8217; a ingest\u00e3o de ar e maximizar a vida de servi\u00e7o do motor.<\/p>\n<p>5.O \u00e2ngulo de descarga do tanque de lixo \u00e9 de at \u00e9 53 graus: Porque o lixo do lavador de estrada \u00e9 principalmente lixo viscoso, \u00e9 dif\u00edcil remover diretamente, para maximizar o \u00e2ngulo de descarga do ve\u00edculo, o tanque de \u00e1gua do ve\u00edculo \u00e9 projetado no fundo do tanque de lixo, e o volume do tanque de \u00e1gua \u00e9 de 2.000L, o que faz o tanque de lixo&#8217; a placa inferior tem um \u00e2ngulo pr\u00e9-dumping de 11 graus, e o \u00e2ngulo de descarga do lixo \u00e9 t\u00e3o alto como 53 graus ou mais.<\/p>\n<p>6.Malha de filtro de grande \u00e1rea no topo do corpo: Para maximizar o decl\u00ednio da capacidade de suc\u00e7\u00e3o devido ao bloqueio do fluxo a \u00e9reo, o ve\u00edculo est\u00e1 equipado com uma malha de filtro de a\u00e7o inoxid\u00e1vel de grande \u00e1rea no topo do tanque de lixo, que \u00e9 usada para bloquear e filtrar lixo de grande e pequeno tamanho no fluxo a\u00e9reo, e um espa\u00e7o de deflector \u00e9 colocado no topo do corpo para melhorar o efeito da redu\u00e7\u00e3o do polvo e para aumentar uniformemente a pilha de lixo e melhorar a capacidade efetiva.<\/p>\n<p>7.Sistema de levantamento de emerg\u00eancia da bomba de m\u00e3o para manuten\u00e7\u00e3o de emerg\u00eancia do ve\u00edculo para proporcionar conveni\u00eancia: a fun\u00e7\u00e3o de levantamento de emerg\u00eancia da bomba de m\u00e3o pode estar na falha secund\u00e1ria do motor n\u00e3o pode iniciar, n\u00e3o s\u00f3 pode controlar o levantamento do corpo, e tamb\u00e9m pode estar na pinzelha de limpeza, boca de suc\u00e7\u00e3o para levantamento de emerg\u00eancia, para mover o ve\u00edculo ou facilitar sua manuten\u00e7\u00e3o.<\/p>\n<p>8.Equipado com monitor de TV de cor avan\u00e7ada: para facilitar a observa\u00e7\u00e3o oportuna das condi\u00e7\u00f5es de funcionamento do ve\u00edculo, o lado traseiro e direito do ve\u00edculo est\u00e3o equipados com sondas de observa\u00e7\u00e3o, a c\u00e2mera \u00e9 extremamente conveniente para o funcionamento da convers\u00e3o, e pode proporcionar aos operadores a qualidade da opera\u00e7\u00e3o de limpeza e a imagem traseira do ve\u00edculo de forma oportuna.<\/p>\n<p>9.Conmutador de proximidade para o quadro de seguran\u00e7a: Um interruptor de proximidade \u00e9 fornecido para prevenir danos ao corpo e quadro se o corpo for operado esquecendo de p\u00f4r a seguran\u00e7a em baixo.<\/p>\n<p>10.O disco de suc\u00e7\u00e3o flutuante adota estrutura de conex\u00e3o: o copo de suc\u00e7\u00e3o adota conex\u00e3o flutuante e adota um mecanismo de equil\u00edbrio \u00fanico, que pode ser automaticamente ajustado com as diferentes alturas do solo para assegurar que a dist\u00e2ncia entre o copo de suc\u00e7\u00e3o e a superf\u00edcie da estrada seja sempre constante, de modo que o ve\u00edculo tenha sempre um bom efeito de funcionamento.<\/p>\n<p>11<\/p>\n<p>12.Um ventilador de suc\u00e7\u00e3o de alta efici\u00eancia e baixo ru\u00eddo proporciona uma forte capacidade de suc\u00e7\u00e3o para o funcionamento do ve\u00edculo: o ventilador de suc\u00e7\u00e3o de alta efici\u00eancia e baixo ru\u00eddo especialmente projetado proporciona uma forte capacidade de suc\u00e7\u00e3o para o ve\u00edculo obter melhor efeito de funcionamento, o que pode perceber que o lixo comum, lama, areia e pedras pequenas na superf\u00edcie da estrada podem ser succionadas limpo de uma vez.<\/p>\n<p>13.O dispositivo hidr\u00e1ulico de refrigera\u00e7\u00e3o do \u00f3leo para o ve\u00edculo na opera\u00e7\u00e3o de ver\u00e3o quente para fornecer refrigera\u00e7\u00e3o: porque o ve\u00edculo na opera\u00e7\u00e3o de ver\u00e3o quente, a temperatura do \u00f3leo hidr\u00e1ulico mais de 70\u00b0, ir\u00e1 reduzir a viscosidade do \u00f3leo hidr\u00e1ulico, mas tamb\u00e9m pode causar danos aos selos hidr\u00e1ulicos, ent\u00e3o o ve\u00edculo est\u00e1 equipado com um dispositivo hidr\u00e1ulico de refrigera\u00e7\u00e3o do \u00f3leo para assegurar que o ve\u00edculo no ver\u00e3o quente funciona como sempre.<\/p>\n<p>14.O motor de pulveriza\u00e7\u00e3o \u00e9 um cicloide de alta qualidade e efici\u00eancia: o motor de pulveriza\u00e7\u00e3o de cada disco de pulveriza\u00e7\u00e3o \u00e9 um motor cicloide de alta qualidade, que tem alta efici\u00eancia de transmiss\u00e3o e long a vida de servi\u00e7o.<\/p>\n<p>15.Disco de pincel de limpeza frontal esquerdo e direito, com fun\u00e7\u00e3o de prote\u00e7\u00e3o autom\u00e1tica para evitar obst\u00e1culos e fun\u00e7\u00e3o de reinicio autom\u00e1tico: quando o disco de limpeza encontra obst\u00e1culos, ele pode automaticamente retirar para evitar e reiniciar automaticamente, essa fun\u00e7\u00e3o resolve efetivamente o problema de f\u00e1cil tocar no dispositivo de limpeza ruim.<\/p>\n<p>16.A placa de pincel da frente esquerda e direita pode ser independente ou liga\u00e7\u00e3o: de modo que o ve\u00edculo no trabalho do sweeping da frente direita ou do sweeping da frente esquerda possa ser utilizado seletivamente, de modo que o lado da via r\u00e1pida do mecanismo de trabalho possa estar na escolha do caso de sweeping esquerda n\u00e3o estende o corpo do ve\u00edculo n\u00e3o apenas reduz a largura da estrada ocupada, melhora a seguran\u00e7a da opera\u00e7\u00e3o e da passagem do ve\u00edculo, mas tamb\u00e9m reduz o desgaste e lixo da pincel, reduzindo os custos de funcionamento.<\/p>\n<p>17.Material de muffling de compartimentos de energia: Para minimizar a agita\u00e7\u00e3o gerada quando o ve\u00edculo est\u00e1 em funcionamento, o ve\u00edculo tem um material especial de muffling fixado no compartimento de energia.<\/p>\n<p>18.Os cilindros de levantamento s\u00e3o montados com fechadores hidr\u00e1ulicos especiais: fechadores hidr\u00e1ulicos especiais desenvolvidos conjuntamente com famosos fabricantes podem realizar as fun\u00e7\u00f5es de levantar sincroniza\u00e7\u00e3o, descida suave e auto-fechadura.<\/p>\n<p><strong>Op\u00e7\u00e3o<\/strong><\/p>\n<ol>\n<li>Mancha de suc\u00e7\u00e3o da porta traseira<\/li>\n<li>Dispositivo Front Magnet<\/li>\n<li>Dispositivo de jets de \u00e1gua frontal<\/li>\n<li>P\u00e1 de neve<\/li>\n<\/ol>","protected":false},"excerpt":{"rendered":"<p>CHD5110TSLQLE6 road sweeper truck \u00e9 um sweeping and suction type operation wet type dust reduction road sweeper modificado com base no chassis QL1110ANLACY produzido pela Qingling Automobile Co.Ltd.<\/p>","protected":false},"featured_media":2252,"template":"","meta":[],"product_brand":[],"product_cat":[15],"product_tag":[],"class_list":{"0":"post-2230","1":"product","2":"type-product","3":"status-publish","4":"has-post-thumbnail","6":"product_cat-road-sweeping","8":"first","9":"instock","10":"shipping-taxable","11":"product-type-simple"},"_links":{"self":[{"href":"https:\/\/www.haideclean.com\/pt\/wp-json\/wp\/v2\/product\/2230","targetHints":{"allow":["GET"]}}],"collection":[{"href":"https:\/\/www.haideclean.com\/pt\/wp-json\/wp\/v2\/product"}],"about":[{"href":"https:\/\/www.haideclean.com\/pt\/wp-json\/wp\/v2\/types\/product"}],"wp:featuredmedia":[{"embeddable":true,"href":"https:\/\/www.haideclean.com\/pt\/wp-json\/wp\/v2\/media\/2252"}],"wp:attachment":[{"href":"https:\/\/www.haideclean.com\/pt\/wp-json\/wp\/v2\/media?parent=2230"}],"wp:term":[{"taxonomy":"product_brand","embeddable":true,"href":"https:\/\/www.haideclean.com\/pt\/wp-json\/wp\/v2\/product_brand?post=2230"},{"taxonomy":"product_cat","embeddable":true,"href":"https:\/\/www.haideclean.com\/pt\/wp-json\/wp\/v2\/product_cat?post=2230"},{"taxonomy":"product_tag","embeddable":true,"href":"https:\/\/www.haideclean.com\/pt\/wp-json\/wp\/v2\/product_tag?post=2230"}],"curies":[{"name":"wp","href":"https:\/\/api.w.org\/{rel}","templated":true}]}}