{"id":2257,"date":"2026-01-07T15:10:44","date_gmt":"2026-01-07T07:10:44","guid":{"rendered":"https:\/\/www.haideclean.com\/?post_type=product&#038;p=2257"},"modified":"2026-04-09T15:09:25","modified_gmt":"2026-04-09T07:09:25","slug":"chd5186tslzqe2-road-sweeper-truck","status":"publish","type":"product","link":"https:\/\/www.haideclean.com\/pt\/produto\/chd5186tslzqe2-road-sweeper-truck\/","title":{"rendered":"CHD5186TSLZQE2 Ve\u00edculo varredor de estradas"},"content":{"rendered":"<p>1. Dispositivo de clutch pneum\u00e1tico ultra est\u00e1vel: adotar clutch pneum\u00e1tico de alta qualidade, perceber o in\u00edcio pneum\u00e1tico sem carga do motor, prolongando efetivamente a vida de servi\u00e7o do motor.<\/p>\n<p>2.V\u00e1lvula hidr\u00e1ulica de cartucho de alta precis\u00e3o: adotar colher e bobina de alta qualidade, combinados com bloqueio de v\u00e1lvula de alta precis\u00e3o, tem estrutura compacta, peso ligeiro, fun\u00e7\u00e3o poderosa, alta confiabilidade, manuten\u00e7\u00e3o f\u00e1cil, assegurando a estabilidade e confiabilidade de todo o sistema hidr\u00e1ulico do ve\u00edculo.<\/p>\n<p>3.Mudan\u00e7a de velocidade sem passos da escova de limpeza el\u00e9trica ajustada: atrav\u00e9s do bot\u00e3o el\u00e9trico ajustado, a velocidade da escova de limpeza pode ser ajustada sem passos para se adaptar a diferentes condi\u00e7\u00f5es rodovi\u00e1rias e distribui\u00e7\u00e3o de lixo para assegurar o melhor efeito de funcionamento.<\/p>\n<p>4.Tubo de a\u00e7o de moldura de um peda\u00e7o de precis\u00e3o: adota uma m\u00e1quina de moldura est\u00e1ndar europeia e americana para moldura de um peda\u00e7o, e monta um anel de selagem especial para assegurar que o tubo n\u00e3o tenha vazamento e que a opera\u00e7\u00e3o seja mais segura.<\/p>\n<p>5.Dispositivo de filtro de ar duplo-motor: filtro de ar duplo-elemento \u00b7 filtro de ar de banho de \u00f3leo \u00e9 usado para garantir a qualidade da ingest\u00e3o do motor e maximizar a vida de servi\u00e7o do motor.<\/p>\n<p>6.\u00c1ngulo de descarga extremamente grande: Porque o lixo do lavador de estrada \u00e9 principalmente estado de lixo pegajoso, \u00e9 mais dif\u00edcil remover diretamente, para maximizar o \u00e2ngulo de descarga do ve\u00edculo, o tanque de \u00e1gua do ve\u00edculo \u00e9 projetado no fundo do tanque de lixo, e o \u00e2ngulo de descarga do lixo \u00e9 igual ou superior a 60 graus.<\/p>\n<p>7.Malha de filtro de grande \u00e1rea: Para maximizar o decl\u00ednio da capacidade de suc\u00e7\u00e3o causado pelo bloqueio do fluxo a \u00e9reo, o ve\u00edculo est\u00e1 equipado com uma malha de filtro de a\u00e7o inoxid\u00e1vel de grande \u00e1rea no topo da lata de lixo para bloqueio e filtragem o grande volume mas pequena \u00e1rea de lixo no fluxo a\u00e9reo, e tamb\u00e9m \u00e9 instalado um espa\u00e7o de deflector no topo da caixa para melhorar o efeito da redu\u00e7\u00e3o da polvere, para aumentar uniformemente a pilha de lixo e melhorar a capacidade efetiva.<\/p>\n<p>8.Sistema hidr\u00e1ulico rico de duas bombas: o carro, al\u00e9m do motor secund\u00e1rio montado com uma bomba hidr\u00e1ulica de aceite, para facilidade de funcionamento, mas tamb\u00e9m no extrator do chassis montado com uma bomba hidr\u00e1ulica de alto fluxo, a bomba e a bomba de aceite secund\u00e1ria do motor para tomar a conex\u00e3o paralela, de modo que o operador possa iniciar qualquer bomba pode ser completado o ve\u00edculo&#8217; \u00e9 a\u00e7\u00e3o hidr\u00e1ulica.<\/p>\n<p>Monitor de TV de cor completa de 9,7 polegadas: para facilitar a observa\u00e7\u00e3o oportuna das condi\u00e7\u00f5es de funcionamento do ve\u00edculo, o lado traseiro e direito do ve\u00edculo est\u00e3o equipados com sondas de observa\u00e7\u00e3o, a c\u00e2mera&#8217; a opera\u00e7\u00e3o de s \u00e9 extremamente conveniente para trocar para proporcionar aos operadores a qualidade da opera\u00e7\u00e3o de limpeza e o traseiro do ve\u00edculo de forma oportuna para proporcionar ao operador a fun\u00e7\u00e3o da imagem do ve\u00edculo.<\/p>\n<p>10.Quadro de seguran\u00e7a duplo: Para evitar esquecer de colocar a seguran\u00e7a e operar a caixa de aterragem, resultando na destrui\u00e7\u00e3o da caixa, o quadro, especialmente instalado com um interruptor de proximidade.<\/p>\n<p>11.High-efficiency vortex pump: effective spray dust is a necessary condition for road sweeping, the car in addition to having the necessary sweeping brush and suction mouth, suction pipe dust, but also for the sandy and dusty areas sweeping for dust pressure of the self-flowing nozzles, this nozzle is only in the dust is more serious when the waterway is open in order to increase the amount of suction mouth suction pipe of the water spray to increase the effect of the dust, in order to avoid the suction pipe sticky blockage.<\/p>\n<p>12.High-efficiency and low-noise suction fan: The specially designed high-efficiency and low-noise suction fan provides strong suction capacity for the vehicle to obtain better operating results, which can realize the common garbage, mud, sand and small stones on the road surface can be suctioned clean at once.<\/p>\n<p>13.Reliable hydraulic oil cooling device: because the vehicle in the hot summer operation, the temperature of the hydraulic oil exceeds 70\u00b0, will make the viscosity of the hydraulic oil reduced, but also may cause damage to the hydraulic seals, so the vehicle is equipped with a hydraulic oil cooling device, through the water flow in the dust reduction tank to the hydraulic oil cooling cooling to ensure that the vehicle in the hot summer work as usual.<\/p>\n<p>14.High-efficiency brush motor: The drive motor of each sweeping brush disk is a high-quality cycloid drive motor with high transmission efficiency and long service life.<\/p>\n<p>15.Automatic obstacle avoidance sweeping and suction: when the sweeping device and suction device meets the obstacle, it can automatically retract to avoid the obstacle, this function effectively solves the suction cup device easy to touch the bad problem.<\/p>\n<p>16.Flexible and independent brush plate: enables the vehicle to selectively use the right front sweep or left front sweep during the work, so that the working mechanism on the side of the fast lane can be selected in the case of left sweep without extending the body of the vehicle not only reduces the width of the occupied road, improves the safety of the operation and the passing vehicles, and reduces the wear and tear of the sweeping brushes, reduces the operating costs.<\/p>\n<p>17.Silenced powerhouse: To minimize the agitated sound generated when the vehicle is in operation, the vehicle has a special silencing material affixed to the powerhouse.<\/p>\n<p>18.Safe lifting hydraulic lock: special hydraulic lock jointly developed with famous manufacturers, which can realize lifting synchronization, smooth descent and self-locking.<\/p>\n<p>19.Convenient high-pressure car washing device: equipped with a high-pressure car washing gun, the gun can not only effectively remove all the oil impurities on the car, but also remove posted advertisements.<\/p>\n<p>20.Durable stainless steel box: the dumpster and water tank are made of stainless steel. Dumpster and water tank are integral structure, water tank is set in the bottom of the dumpster so that the dumpster floor has a 10-degree pre-tilt angle, which is more convenient for dumping clean garbage.<\/p>","protected":false},"excerpt":{"rendered":"<p>Este produto \u00e9 um lavador de estradas com pulveriza\u00e7\u00e3o de \u00e1gua, escova e brocha de suc\u00e7\u00e3o como pot\u00eancia de funcionamento do sub-motor. Ela adota a estrutura de quatro escovas de limpeza no centro e copa de suc\u00e7\u00e3o na parte de tr\u00e1s, que podem ser amplamente usadas em estradas urbanas e outras cenas operacionais.<\/p>","protected":false},"featured_media":2905,"template":"","meta":[],"product_brand":[],"product_cat":[15],"product_tag":[],"class_list":{"0":"post-2257","1":"product","2":"type-product","3":"status-publish","4":"has-post-thumbnail","6":"product_cat-road-sweeping","8":"first","9":"instock","10":"shipping-taxable","11":"product-type-simple"},"_links":{"self":[{"href":"https:\/\/www.haideclean.com\/pt\/wp-json\/wp\/v2\/product\/2257","targetHints":{"allow":["GET"]}}],"collection":[{"href":"https:\/\/www.haideclean.com\/pt\/wp-json\/wp\/v2\/product"}],"about":[{"href":"https:\/\/www.haideclean.com\/pt\/wp-json\/wp\/v2\/types\/product"}],"wp:featuredmedia":[{"embeddable":true,"href":"https:\/\/www.haideclean.com\/pt\/wp-json\/wp\/v2\/media\/2905"}],"wp:attachment":[{"href":"https:\/\/www.haideclean.com\/pt\/wp-json\/wp\/v2\/media?parent=2257"}],"wp:term":[{"taxonomy":"product_brand","embeddable":true,"href":"https:\/\/www.haideclean.com\/pt\/wp-json\/wp\/v2\/product_brand?post=2257"},{"taxonomy":"product_cat","embeddable":true,"href":"https:\/\/www.haideclean.com\/pt\/wp-json\/wp\/v2\/product_cat?post=2257"},{"taxonomy":"product_tag","embeddable":true,"href":"https:\/\/www.haideclean.com\/pt\/wp-json\/wp\/v2\/product_tag?post=2257"}],"curies":[{"name":"wp","href":"https:\/\/api.w.org\/{rel}","templated":true}]}}