{"id":2258,"date":"2026-01-07T15:31:05","date_gmt":"2026-01-07T07:31:05","guid":{"rendered":"https:\/\/www.haideclean.com\/?post_type=product&#038;p=2258"},"modified":"2026-03-19T12:10:44","modified_gmt":"2026-03-19T04:10:44","slug":"chd5181txsdfbev-full-electric-washing-and-sweeping-truck","status":"publish","type":"product","link":"https:\/\/www.haideclean.com\/pt\/produto\/chd5181txsdfbev-full-electric-washing-and-sweeping-truck\/","title":{"rendered":"CHD5181TXSDFBEV Varredeira e lavadora de estradas totalmente el\u00e9trica"},"content":{"rendered":"<p>O ve\u00edculo adota modalidade de controle de controle multimotores mais de controle total em um, em compara\u00e7\u00e3o com modalidade de controle de controle de um \u00fanico motor pode reduzir consideravelmente a perda de energia trazida pela transmiss\u00e3o mec\u00e2nica, e ao mesmo tempo pode realizar a melhor correspond\u00eancia \u00e0 demanda de energia de ve\u00edculos el\u00e9tricos puros, maximizar o tempo de funcionamento do ve\u00edculo, e cada a\u00e7\u00e3o pode realizar controle de velocidade independente.<\/p>\n<p>O ve\u00edculo adota escovas duplas montadas no centro, um porto de suc\u00e7\u00e3o amplo, uma moldura de pulveriza\u00e7\u00e3o de flecha est\u00e1 localizada em ambos os lados do porto de suc\u00e7\u00e3o amplo, e o porto de suc\u00e7\u00e3o \u00e9 arranjado em forma V, de modo que toda a estrutura do ve\u00edculo seja razo\u00e1velmente arranjada, e h\u00e1 uma variedade de op\u00e7\u00f5es para o modo de funcionamento.<\/p>\n<p>O ve\u00edculo usa um display program\u00e1vel de comunica\u00e7\u00e3o CAN e um controlador m\u00f3vel para controlar todo o ve\u00edculo. s a\u00e7\u00e3o, e o display mostra compreensivamente o ve\u00edculo&#8217; s condi\u00e7\u00f5es de funcionamento, estado motor e estado de alarme e outra informa\u00e7\u00e3o. atraatraatraatraatraatraatraatraatraatraatraatraatraatraatraatraatraatraatram\u00f3m\u00f3m\u00f3m\u00f3m\u00f3do CACAN de busbusbusbusbusbusbusbusbusbusbusbusbusbusbusbusbusbusbusbusbusbusbusbusbusbusbusbusbusbusbusbusbusbusbusbusbusbusbusbusbusbusbusbusbusbusbusbusbusbusbusbusbusbusbusbusbusbusbusbusbuscolecolecolede dadodadodadocolecolede todo todo o circucircucircucircucircucircucircucircucircucircucircucircucircucircucircucircucircucircucircucircucircucircucircucircucircucircucircucircucircucircucircucircucircucircucircucircucircucircucircucircucircucircucircucircucircucircuque pode fornfornforninformainformainformainformainformainformainformainformainformainformainformainformainformainformabusbusbusbusbusbusbusbus bus bus bus bus bus bus bus bus bus bus bus bus bus bus bus bus bus bus bus bus bus bus bus bus bus O que aconteceu?<\/p>\n<table style=\"border-collapse: collapse; width: 100%;\">\n<tbody>\n<tr>\n<td style=\"width: 28.9625%;\"><img fetchpriority=\"high\" decoding=\"async\" class=\"size-medium wp-image-2908 alignnone\" src=\"https:\/\/www.haideclean.com\/wp-content\/uploads\/2026\/01\/CHD5181TXSDFBEV1-297x300.jpg\" alt=\"\" width=\"297\" height=\"300\" srcset=\"https:\/\/www.haideclean.com\/wp-content\/uploads\/2026\/01\/CHD5181TXSDFBEV1-297x300.jpg 297w, https:\/\/www.haideclean.com\/wp-content\/uploads\/2026\/01\/CHD5181TXSDFBEV1-12x12.jpg 12w, https:\/\/www.haideclean.com\/wp-content\/uploads\/2026\/01\/CHD5181TXSDFBEV1-100x100.jpg 100w, https:\/\/www.haideclean.com\/wp-content\/uploads\/2026\/01\/CHD5181TXSDFBEV1.jpg 483w\" sizes=\"(max-width: 297px) 100vw, 297px\" \/><\/td>\n<td style=\"width: 71.0375%;\"><img decoding=\"async\" class=\"alignnone wp-image-2909\" src=\"https:\/\/www.haideclean.com\/wp-content\/uploads\/2026\/01\/CHD5181TXSDFBEV2-300x205.jpg\" alt=\"\" width=\"449\" height=\"307\" srcset=\"https:\/\/www.haideclean.com\/wp-content\/uploads\/2026\/01\/CHD5181TXSDFBEV2-300x205.jpg 300w, https:\/\/www.haideclean.com\/wp-content\/uploads\/2026\/01\/CHD5181TXSDFBEV2-18x12.jpg 18w, https:\/\/www.haideclean.com\/wp-content\/uploads\/2026\/01\/CHD5181TXSDFBEV2-600x409.jpg 600w, https:\/\/www.haideclean.com\/wp-content\/uploads\/2026\/01\/CHD5181TXSDFBEV2.jpg 724w\" sizes=\"(max-width: 449px) 100vw, 449px\" \/><\/td>\n<\/tr>\n<\/tbody>\n<\/table>\n<p>Figura 1 V\u00e1lvula hidr\u00e1ulica<\/p>\n<table style=\"border-collapse: collapse; width: 100%;\">\n<tbody>\n<tr>\n<td style=\"width: 21.3737%;\"><img decoding=\"async\" class=\"alignnone size-medium wp-image-2910\" src=\"https:\/\/www.haideclean.com\/wp-content\/uploads\/2026\/01\/CHD5181TXSDFBEV3-217x300.jpg\" alt=\"\" width=\"217\" height=\"300\" srcset=\"https:\/\/www.haideclean.com\/wp-content\/uploads\/2026\/01\/CHD5181TXSDFBEV3-217x300.jpg 217w, https:\/\/www.haideclean.com\/wp-content\/uploads\/2026\/01\/CHD5181TXSDFBEV3-9x12.jpg 9w, https:\/\/www.haideclean.com\/wp-content\/uploads\/2026\/01\/CHD5181TXSDFBEV3.jpg 328w\" sizes=\"(max-width: 217px) 100vw, 217px\" \/><\/td>\n<td style=\"width: 78.6263%;\"><img loading=\"lazy\" decoding=\"async\" class=\"alignnone wp-image-2911\" src=\"https:\/\/www.haideclean.com\/wp-content\/uploads\/2026\/01\/CHD5181TXSDFBEV4-300x284.jpg\" alt=\"\" width=\"310\" height=\"293\" srcset=\"https:\/\/www.haideclean.com\/wp-content\/uploads\/2026\/01\/CHD5181TXSDFBEV4-300x284.jpg 300w, https:\/\/www.haideclean.com\/wp-content\/uploads\/2026\/01\/CHD5181TXSDFBEV4-13x12.jpg 13w, https:\/\/www.haideclean.com\/wp-content\/uploads\/2026\/01\/CHD5181TXSDFBEV4.jpg 472w\" sizes=\"(max-width: 310px) 100vw, 310px\" \/><\/td>\n<\/tr>\n<\/tbody>\n<\/table>\n<p><img loading=\"lazy\" decoding=\"async\" class=\"alignnone size-medium wp-image-2914\" src=\"https:\/\/www.haideclean.com\/wp-content\/uploads\/2026\/01\/CHD5181TXSDFBEV7-300x226.jpg\" alt=\"\" width=\"300\" height=\"226\" srcset=\"https:\/\/www.haideclean.com\/wp-content\/uploads\/2026\/01\/CHD5181TXSDFBEV7-300x226.jpg 300w, https:\/\/www.haideclean.com\/wp-content\/uploads\/2026\/01\/CHD5181TXSDFBEV7-16x12.jpg 16w, https:\/\/www.haideclean.com\/wp-content\/uploads\/2026\/01\/CHD5181TXSDFBEV7.jpg 561w\" sizes=\"(max-width: 300px) 100vw, 300px\" \/><\/p>\n<p>Figura 2 Componentes de circuitos a\u00e9reos<\/p>\n<p><img loading=\"lazy\" decoding=\"async\" class=\"alignnone size-medium wp-image-2915\" src=\"https:\/\/www.haideclean.com\/wp-content\/uploads\/2026\/01\/CHD5181TXSDFBEV8-300x296.jpg\" alt=\"\" width=\"300\" height=\"296\" srcset=\"https:\/\/www.haideclean.com\/wp-content\/uploads\/2026\/01\/CHD5181TXSDFBEV8-300x296.jpg 300w, https:\/\/www.haideclean.com\/wp-content\/uploads\/2026\/01\/CHD5181TXSDFBEV8-12x12.jpg 12w, https:\/\/www.haideclean.com\/wp-content\/uploads\/2026\/01\/CHD5181TXSDFBEV8-100x100.jpg 100w, https:\/\/www.haideclean.com\/wp-content\/uploads\/2026\/01\/CHD5181TXSDFBEV8.jpg 340w\" sizes=\"(max-width: 300px) 100vw, 300px\" \/><\/p>\n<p>Figura 3 corpo de a\u00e7o inoxid\u00e1vel<\/p>\n<p><img loading=\"lazy\" decoding=\"async\" class=\"alignnone size-medium wp-image-2916\" src=\"https:\/\/www.haideclean.com\/wp-content\/uploads\/2026\/01\/CHD5181TXSDFBEV9-300x172.jpg\" alt=\"\" width=\"300\" height=\"172\" srcset=\"https:\/\/www.haideclean.com\/wp-content\/uploads\/2026\/01\/CHD5181TXSDFBEV9-300x172.jpg 300w, https:\/\/www.haideclean.com\/wp-content\/uploads\/2026\/01\/CHD5181TXSDFBEV9-18x10.jpg 18w, https:\/\/www.haideclean.com\/wp-content\/uploads\/2026\/01\/CHD5181TXSDFBEV9-600x344.jpg 600w, https:\/\/www.haideclean.com\/wp-content\/uploads\/2026\/01\/CHD5181TXSDFBEV9.jpg 648w\" sizes=\"(max-width: 300px) 100vw, 300px\" \/><\/p>\n<p>Figura 4 Alarme de n\u00edvel de \u00e1gua no tanque de esgotos<\/p>\n<p><img loading=\"lazy\" decoding=\"async\" class=\"alignnone size-medium wp-image-2917\" src=\"https:\/\/www.haideclean.com\/wp-content\/uploads\/2026\/01\/CHD5181TXSDFBEV10-300x161.jpg\" alt=\"\" width=\"300\" height=\"161\" srcset=\"https:\/\/www.haideclean.com\/wp-content\/uploads\/2026\/01\/CHD5181TXSDFBEV10-300x161.jpg 300w, https:\/\/www.haideclean.com\/wp-content\/uploads\/2026\/01\/CHD5181TXSDFBEV10-18x10.jpg 18w, https:\/\/www.haideclean.com\/wp-content\/uploads\/2026\/01\/CHD5181TXSDFBEV10-600x323.jpg 600w, https:\/\/www.haideclean.com\/wp-content\/uploads\/2026\/01\/CHD5181TXSDFBEV10.jpg 649w\" sizes=\"(max-width: 300px) 100vw, 300px\" \/><\/p>\n<p>Figura 5 Pipa de pulveriza\u00e7\u00e3o posterior<\/p>\n<p><img loading=\"lazy\" decoding=\"async\" class=\"alignnone size-medium wp-image-2918\" src=\"https:\/\/www.haideclean.com\/wp-content\/uploads\/2026\/01\/CHD5181TXSDFBEV11-300x286.jpg\" alt=\"\" width=\"300\" height=\"286\" srcset=\"https:\/\/www.haideclean.com\/wp-content\/uploads\/2026\/01\/CHD5181TXSDFBEV11-300x286.jpg 300w, https:\/\/www.haideclean.com\/wp-content\/uploads\/2026\/01\/CHD5181TXSDFBEV11-13x12.jpg 13w, https:\/\/www.haideclean.com\/wp-content\/uploads\/2026\/01\/CHD5181TXSDFBEV11.jpg 519w\" sizes=\"(max-width: 300px) 100vw, 300px\" \/><\/p>\n<p>Figura 6 Disco de Pincel Autom\u00e1tico de Evita\u00e7\u00e3o de Obst\u00e1culos e Evita\u00e7\u00e3o de Colisi\u00f5es<\/p>","protected":false},"excerpt":{"rendered":"<p>CHD5181TXSDFBEV \u00e9 uma nova gera\u00e7\u00e3o de sweeper el\u00e9trico completo para opera\u00e7\u00e3o rodovi\u00e1ria que \u00e9 modificada pela Yantai Haide Special Vehicle Co., Ltd. com base de rodas de 5,3 metros chassis el\u00e9trico completo EQ1180DACEV produzido pela Dongfeng Motor Co.<\/p>","protected":false},"featured_media":2905,"template":"","meta":[],"product_brand":[],"product_cat":[15],"product_tag":[],"class_list":{"0":"post-2258","1":"product","2":"type-product","3":"status-publish","4":"has-post-thumbnail","6":"product_cat-road-sweeping","8":"first","9":"instock","10":"shipping-taxable","11":"product-type-simple"},"_links":{"self":[{"href":"https:\/\/www.haideclean.com\/pt\/wp-json\/wp\/v2\/product\/2258","targetHints":{"allow":["GET"]}}],"collection":[{"href":"https:\/\/www.haideclean.com\/pt\/wp-json\/wp\/v2\/product"}],"about":[{"href":"https:\/\/www.haideclean.com\/pt\/wp-json\/wp\/v2\/types\/product"}],"wp:featuredmedia":[{"embeddable":true,"href":"https:\/\/www.haideclean.com\/pt\/wp-json\/wp\/v2\/media\/2905"}],"wp:attachment":[{"href":"https:\/\/www.haideclean.com\/pt\/wp-json\/wp\/v2\/media?parent=2258"}],"wp:term":[{"taxonomy":"product_brand","embeddable":true,"href":"https:\/\/www.haideclean.com\/pt\/wp-json\/wp\/v2\/product_brand?post=2258"},{"taxonomy":"product_cat","embeddable":true,"href":"https:\/\/www.haideclean.com\/pt\/wp-json\/wp\/v2\/product_cat?post=2258"},{"taxonomy":"product_tag","embeddable":true,"href":"https:\/\/www.haideclean.com\/pt\/wp-json\/wp\/v2\/product_tag?post=2258"}],"curies":[{"name":"wp","href":"https:\/\/api.w.org\/{rel}","templated":true}]}}