{"id":2264,"date":"2026-01-07T15:17:36","date_gmt":"2026-01-07T07:17:36","guid":{"rendered":"https:\/\/www.haideclean.com\/?post_type=product&#038;p=2264"},"modified":"2026-04-09T15:06:32","modified_gmt":"2026-04-09T07:06:32","slug":"chd5186txcdfe6-vacuum-sweeper-truck","status":"publish","type":"product","link":"https:\/\/www.haideclean.com\/pt\/produto\/chd5186txcdfe6-vacuum-sweeper-truck\/","title":{"rendered":"CHD5186TXCDFE6 Ve\u00edculo varredor e aspirador a v\u00e1cuo"},"content":{"rendered":"<p><img fetchpriority=\"high\" decoding=\"async\" class=\"alignnone size-medium wp-image-2893\" src=\"https:\/\/www.haideclean.com\/wp-content\/uploads\/2026\/01\/CHD5186TXCDFE64-300x199.jpg\" alt=\"\" width=\"300\" height=\"199\" data-wp-editing=\"1\" srcset=\"https:\/\/www.haideclean.com\/wp-content\/uploads\/2026\/01\/CHD5186TXCDFE64-300x199.jpg 300w, https:\/\/www.haideclean.com\/wp-content\/uploads\/2026\/01\/CHD5186TXCDFE64-18x12.jpg 18w, https:\/\/www.haideclean.com\/wp-content\/uploads\/2026\/01\/CHD5186TXCDFE64-600x398.jpg 600w, https:\/\/www.haideclean.com\/wp-content\/uploads\/2026\/01\/CHD5186TXCDFE64.jpg 665w\" sizes=\"(max-width: 300px) 100vw, 300px\" \/><\/p>\n<p>1.Sistema de transporte pneum\u00e1tico de filtra\u00e7\u00e3o de volume de ar completo: realizar completamente a opera\u00e7\u00e3o sem \u00e1gua.<\/p>\n<p><img decoding=\"async\" class=\"alignnone size-medium wp-image-2890\" src=\"https:\/\/www.haideclean.com\/wp-content\/uploads\/2026\/01\/CHD5186TXCDFE61-300x163.jpg\" alt=\"\" width=\"300\" height=\"163\" srcset=\"https:\/\/www.haideclean.com\/wp-content\/uploads\/2026\/01\/CHD5186TXCDFE61-300x163.jpg 300w, https:\/\/www.haideclean.com\/wp-content\/uploads\/2026\/01\/CHD5186TXCDFE61-18x10.jpg 18w, https:\/\/www.haideclean.com\/wp-content\/uploads\/2026\/01\/CHD5186TXCDFE61-600x325.jpg 600w, https:\/\/www.haideclean.com\/wp-content\/uploads\/2026\/01\/CHD5186TXCDFE61.jpg 707w\" sizes=\"(max-width: 300px) 100vw, 300px\" \/><\/p>\n<p>2.Spraying unloading dust reduction system: realizing spraying dust reduction when dumping garbage.<\/p>\n<p><img decoding=\"async\" class=\"alignnone size-medium wp-image-2891\" src=\"https:\/\/www.haideclean.com\/wp-content\/uploads\/2026\/01\/CHD5186TXCDFE62-300x171.jpg\" alt=\"\" width=\"300\" height=\"171\" srcset=\"https:\/\/www.haideclean.com\/wp-content\/uploads\/2026\/01\/CHD5186TXCDFE62-300x171.jpg 300w, https:\/\/www.haideclean.com\/wp-content\/uploads\/2026\/01\/CHD5186TXCDFE62-18x10.jpg 18w, https:\/\/www.haideclean.com\/wp-content\/uploads\/2026\/01\/CHD5186TXCDFE62-600x343.jpg 600w, https:\/\/www.haideclean.com\/wp-content\/uploads\/2026\/01\/CHD5186TXCDFE62.jpg 707w\" sizes=\"(max-width: 300px) 100vw, 300px\" \/><\/p>\n<p>3.Unidade de pincel de velocidade vari\u00e1vel eletricamente ajustada: A velocidade vari\u00e1vel da unidade de pincel pode ser realizada em qualquer condi\u00e7\u00e3o de trabalho para melhorar a efici\u00eancia de limpeza.<\/p>\n<p><img loading=\"lazy\" decoding=\"async\" class=\"alignnone size-medium wp-image-2892\" src=\"https:\/\/www.haideclean.com\/wp-content\/uploads\/2026\/01\/CHD5186TXCDFE63-300x205.jpg\" alt=\"\" width=\"300\" height=\"205\" srcset=\"https:\/\/www.haideclean.com\/wp-content\/uploads\/2026\/01\/CHD5186TXCDFE63-300x205.jpg 300w, https:\/\/www.haideclean.com\/wp-content\/uploads\/2026\/01\/CHD5186TXCDFE63-18x12.jpg 18w, https:\/\/www.haideclean.com\/wp-content\/uploads\/2026\/01\/CHD5186TXCDFE63-600x410.jpg 600w, https:\/\/www.haideclean.com\/wp-content\/uploads\/2026\/01\/CHD5186TXCDFE63.jpg 663w\" sizes=\"(max-width: 300px) 100vw, 300px\" \/><\/p>\n<p>4.Dispositivo de filtro de ar de dois elementos: filtro de ar de dois elementos; filtro de ar de banho de \u00f3leo \u00e9 usado para garantir a qualidade da ingest\u00e3o do motor e maximizar a vida de servi\u00e7o do motor.<\/p>\n<p>5.Protec\u00e7\u00e3o de m\u00e1quinas auxiliares m\u00faltiplas: com baixo n\u00edvel de petr\u00f3leo, baixa temperatura, sistema de alarme de baixo n\u00edvel de \u00e1gua, sempre verificar o estado do sub-motor.<br \/>\n6.Porto de suc\u00e7\u00e3o de pincel de alta velocidade aberto: manuten\u00e7\u00e3o f\u00e1cil, efici\u00eancia de suc\u00e7\u00e3o alta, pincel de alta velocidade para alcan\u00e7ar limpeza eficiente do lixo sem falta.<\/p>\n<p>&nbsp;<\/p>","protected":false},"excerpt":{"rendered":"<p>O vacuum cleaner \u00e9 uma nova gera\u00e7\u00e3o de ve\u00edculo operacional desenvolvida pela Yantai Haide Special Vehicle Co., Ltd. de acordo com a situa\u00e7\u00e3o real da China e em combina\u00e7\u00e3o com a empresa&#8217; s anos de experi\u00eancia em pesquisa e desenvolvimento em lavadores de estradas e lavadores de v\u00e1cuo. Este ve\u00edculo mudou a maneira tradicional de limpar com uma placa de limpeza por limpezas convencionais de estrada, e todos adotam suc\u00e7\u00e3o de press\u00e3o negativa sem estrutura de sopramento para alcan\u00e7ar filtra\u00e7\u00e3o completa de p\u00f3 e sem p\u00f3 secund\u00e1rio. O ve\u00edculo \u00e9 adequado para limpeza de estradas urbanas, viadutos, quadrados, aeroportos, doces, f\u00e1bricas, minas de carv\u00e3o e outros lugares.<\/p>","protected":false},"featured_media":2265,"template":"","meta":[],"product_brand":[],"product_cat":[15],"product_tag":[],"class_list":{"0":"post-2264","1":"product","2":"type-product","3":"status-publish","4":"has-post-thumbnail","6":"product_cat-road-sweeping","8":"first","9":"instock","10":"shipping-taxable","11":"product-type-simple"},"_links":{"self":[{"href":"https:\/\/www.haideclean.com\/pt\/wp-json\/wp\/v2\/product\/2264","targetHints":{"allow":["GET"]}}],"collection":[{"href":"https:\/\/www.haideclean.com\/pt\/wp-json\/wp\/v2\/product"}],"about":[{"href":"https:\/\/www.haideclean.com\/pt\/wp-json\/wp\/v2\/types\/product"}],"wp:featuredmedia":[{"embeddable":true,"href":"https:\/\/www.haideclean.com\/pt\/wp-json\/wp\/v2\/media\/2265"}],"wp:attachment":[{"href":"https:\/\/www.haideclean.com\/pt\/wp-json\/wp\/v2\/media?parent=2264"}],"wp:term":[{"taxonomy":"product_brand","embeddable":true,"href":"https:\/\/www.haideclean.com\/pt\/wp-json\/wp\/v2\/product_brand?post=2264"},{"taxonomy":"product_cat","embeddable":true,"href":"https:\/\/www.haideclean.com\/pt\/wp-json\/wp\/v2\/product_cat?post=2264"},{"taxonomy":"product_tag","embeddable":true,"href":"https:\/\/www.haideclean.com\/pt\/wp-json\/wp\/v2\/product_tag?post=2264"}],"curies":[{"name":"wp","href":"https:\/\/api.w.org\/{rel}","templated":true}]}}