{"id":2279,"date":"2026-01-07T15:38:13","date_gmt":"2026-01-07T07:38:13","guid":{"rendered":"https:\/\/www.haideclean.com\/?post_type=product&#038;p=2279"},"modified":"2026-03-18T11:31:22","modified_gmt":"2026-03-18T03:31:22","slug":"chd5073tqxqle6-dustbin-cleaning-truck","status":"publish","type":"product","link":"https:\/\/www.haideclean.com\/pt\/produto\/chd5073tqxqle6-dustbin-cleaning-truck\/","title":{"rendered":"CHD5073TQXQLE6 Truck de Limpagem de Dustbin"},"content":{"rendered":"<p>O cami\u00e3o CHD5073TQXQLE6 de limpeza de p\u00f3 \u00e9 um novo modelo de carregamento posterior, completamente encerrado modificado por Yantai Haide Special Vehicle Co., Ltd. baseado no chassis Euro[UNK]VIproduzido por Qingling Motor Co., Ltd. Dese\u00e7ado para satisfazer diversos requisitos de usu\u00e1rio, este ve\u00edculo \u00e9 amplamente aplic\u00e1vel para limpeza de p\u00f3 nas estradas urbanas e rurais. Capaz de limpar 120L, 240L, 660L e 1100L de p\u00f3, integra fun\u00e7\u00f5es de lavagem de p\u00f3 e manuten\u00e7\u00e3o da estrada, preenchendo a lacuna no mercado dom\u00e9stico para ve\u00edculos compactos de lavagem de p\u00f3.<\/p>\n<p>O exterior deste ve\u00edculo foi projetado por uma empresa italiana, com uma forma distinta e uma est\u00e9tica tecnol\u00f3gica forte. O compartimento de limpeza incorpora dois nozes de rota\u00e7\u00e3o de alta press\u00e3o importados italianos que giram 360 graus para limpar completamente o interior do p\u00f3. O exterior do p\u00f3 \u00e9 limpado por barras de pulveriza\u00e7\u00e3o de \u00e1gua posicionadas ao redor do per\u00edmetro do compartimento de limpeza, que realizam limpeza fechada de cima para baixo e de esquerda para direita, assegurando limpeza completa de todas as superf\u00edcies tanto dentro como fora do p\u00f3.<\/p>","protected":false},"excerpt":{"rendered":"<p>O cami\u00e3o CHD5073TQXQLE6 de limpeza de p\u00f3 \u00e9 um novo modelo de carregamento posterior, completamente encerrado modificado por Yantai Haide Special Vehicle Co., Ltd. baseado no chassis Euro[UNK]VIproduzido por Qingling Motor Co., Ltd. Dese\u00e7ado para satisfazer diversos requisitos de usu\u00e1rio, este ve\u00edculo \u00e9 amplamente aplic\u00e1vel para limpeza de p\u00f3 nas estradas urbanas e rurais. Capaz de limpar 120L, 240L, 660L e 1100L de p\u00f3, integra fun\u00e7\u00f5es de lavagem de p\u00f3 e manuten\u00e7\u00e3o da estrada, preenchendo a lacuna no mercado dom\u00e9stico para ve\u00edculos compactos de lavagem de p\u00f3.<\/p>","protected":false},"featured_media":2296,"template":"","meta":[],"product_brand":[],"product_cat":[27],"product_tag":[],"class_list":{"0":"post-2279","1":"product","2":"type-product","3":"status-publish","4":"has-post-thumbnail","6":"product_cat-cleaning-vehicles","8":"first","9":"instock","10":"shipping-taxable","11":"product-type-simple"},"_links":{"self":[{"href":"https:\/\/www.haideclean.com\/pt\/wp-json\/wp\/v2\/product\/2279","targetHints":{"allow":["GET"]}}],"collection":[{"href":"https:\/\/www.haideclean.com\/pt\/wp-json\/wp\/v2\/product"}],"about":[{"href":"https:\/\/www.haideclean.com\/pt\/wp-json\/wp\/v2\/types\/product"}],"wp:featuredmedia":[{"embeddable":true,"href":"https:\/\/www.haideclean.com\/pt\/wp-json\/wp\/v2\/media\/2296"}],"wp:attachment":[{"href":"https:\/\/www.haideclean.com\/pt\/wp-json\/wp\/v2\/media?parent=2279"}],"wp:term":[{"taxonomy":"product_brand","embeddable":true,"href":"https:\/\/www.haideclean.com\/pt\/wp-json\/wp\/v2\/product_brand?post=2279"},{"taxonomy":"product_cat","embeddable":true,"href":"https:\/\/www.haideclean.com\/pt\/wp-json\/wp\/v2\/product_cat?post=2279"},{"taxonomy":"product_tag","embeddable":true,"href":"https:\/\/www.haideclean.com\/pt\/wp-json\/wp\/v2\/product_tag?post=2279"}],"curies":[{"name":"wp","href":"https:\/\/api.w.org\/{rel}","templated":true}]}}