{"id":2301,"date":"2026-01-07T15:42:44","date_gmt":"2026-01-07T07:42:44","guid":{"rendered":"https:\/\/www.haideclean.com\/?post_type=product&#038;p=2301"},"modified":"2026-03-18T11:47:21","modified_gmt":"2026-03-18T03:47:21","slug":"chd5186zysdfe6e-garbage-compactor-truck","status":"publish","type":"product","link":"https:\/\/www.haideclean.com\/pt\/produto\/chd5186zysdfe6e-garbage-compactor-truck\/","title":{"rendered":"Caminh\u00e3o compactador de lixo modelo CHD5186ZYSDFE6E"},"content":{"rendered":"<p>O cami\u00e3o de compacta\u00e7\u00e3o de lixo [UNK] tem uma linda apar\u00eancia, condu\u00e7\u00e3o confort\u00e1vel, funcionamento conveniente, flexibilidade, alta confiabilidade e baixo custo de funcionamento, e pode ser amplamente utilizado na transfer \u00eancia fechada de res\u00edduos s\u00f3lidos municipais.<\/p>\n<p>A considera\u00e7\u00e3o m\u00e1xima do ambiente de uso do cliente, o design mais f\u00e1cil para o usu\u00e1rio destaca, com ilumina\u00e7\u00e3o nocturna, com tanque de esgotamento duplo, com tubo de drenagem, controle remoto, manual de opera\u00e7\u00e3o e manuten\u00e7\u00e3o e v\u00eddeo completo.<\/p>\n<p>O sistema el\u00e9trico equipado com todo o ve\u00edculo pode perceber o controle autom\u00e1tico da sa\u00edda do motor, assegurar que a acelera\u00e7\u00e3o ou o estado em movimento pode ser selecionado automaticamente sob as condi\u00e7\u00f5es de trabalho ou outras condi\u00e7\u00f5es de trabalho, reduzir a perda de pot\u00eancia e a taxa de falha, reduzir o consumo de combust\u00edvel, mais est\u00e1vel e poupan\u00e7a de energia.<\/p>\n<p><strong>Tratamento de res\u00edduos<\/strong><\/p>\n<p>De acordo com pesquisas de mercado ao longo dos anos, uma grande quantidade de esgotos aparecer\u00e1 quando cami\u00f5es de lixo comprimido enchem lixo dom\u00e9stico, e a polui\u00e7\u00e3o causada por sua gota \u00e9 um dos principais defeitos dos cami\u00f5es de compa\u00e7\u00e3o de lixo atuais. Em resposta aos problemas acima referidos, Yantai Haide Special Vehicle Co., Ltd. projetou uma variedade de Configura\u00e7\u00f5es para m\u00e9todos de coleta de esgotos para evitar que o compressor vaze esgotos durante a compac\u00e7\u00e3o de lixo e transfer \u00eancia. O tanque de esgotos de grande capacidade \u00e9 configurado de acordo com a estrutura do chassis, e o dispositivo de recolha de esgotos combinado com o tipo de desvio pode drenar o vazamento de esgotos entre o enchimento e o tanque de lixo devido \u00e0 falha da banda de borracha para o tanque especial de recolha de esgotos, evitando efetivamente a polui\u00e7\u00e3o secund\u00e1ria causada pelo vazamento de esgotos.<\/p>\n<p>1.A estrutura da parte articular do enchimento e da caixa \u00e9 razo\u00e1vel, e a tecnologia hidr\u00e1ulica de fechamento completo e a banda de borracha de fechamento de alto desempenho s\u00e3o utilizadas para assegurar o fechamento entre o enchimento e o corpo, e para assegurar que o ve\u00edculo n\u00e3o tenha fuga de esgotos quando o lixo \u00e9 preenchido e transferido.<\/p>\n<p>2.O fundo do preenchimento est\u00e1 equipado com um tanque de esgotos, combinado com o dispositivo de recolha de esgotos tipo de desvio, o vazamento de esgotos entre o preenchimento e o tanque de lixo devido \u00e0 falha da banda de borracha de selagem pode ser desviado para a caixa especial de recolha de esgotos para evitar a polui\u00e7\u00e3o secund\u00e1ria causada pelo vazamento de esgotos.<\/p>\n<p><img fetchpriority=\"high\" decoding=\"async\" class=\"alignnone wp-image-2309 size-full\" src=\"https:\/\/www.haideclean.com\/wp-content\/uploads\/2026\/01\/CHD5186ZYSDFE6E-Garbage-Compactor-Truck.jpg\" alt=\"\" width=\"800\" height=\"600\" srcset=\"https:\/\/www.haideclean.com\/wp-content\/uploads\/2026\/01\/CHD5186ZYSDFE6E-Garbage-Compactor-Truck.jpg 800w, https:\/\/www.haideclean.com\/wp-content\/uploads\/2026\/01\/CHD5186ZYSDFE6E-Garbage-Compactor-Truck-300x225.jpg 300w, https:\/\/www.haideclean.com\/wp-content\/uploads\/2026\/01\/CHD5186ZYSDFE6E-Garbage-Compactor-Truck-768x576.jpg 768w, https:\/\/www.haideclean.com\/wp-content\/uploads\/2026\/01\/CHD5186ZYSDFE6E-Garbage-Compactor-Truck-600x450.jpg 600w\" sizes=\"(max-width: 800px) 100vw, 800px\" \/><\/p>\n<p><strong>Tanque de lixo<\/strong><\/p>\n<p>A apar\u00eancia do corpo \u00e9 a forma linear de fluxo de arco, e toda a perna da placa inferior n\u00e3o \u00e9 suada, o que evita o risco de fuga. Simple e bonita, forte resist\u00eancia \u00e0 deforma\u00e7\u00e3o, boa confiabilidade estrutural, ao mesmo tempo que efetivamente aumenta o volume de preenchimento real, mais do que produtos semelhantes, o material usa placa de a\u00e7o mangan\u00eas de alta for\u00e7a, n\u00e3o f\u00e1cil de deformar, resist\u00eancia ao uso, resist\u00eancia \u00e0 corros\u00e3o.<\/p>\n<p>Material resistente ao uso de Nylon \u00e9 usado para reduzir a resist\u00eancia ao deslizamento e o uso do par em movimento, e tamb\u00e9m reduzir o ru\u00eddo do movimento no trabalho.<\/p>\n<p><strong>Empurrar o dispositivo<\/strong><\/p>\n<p>A placa de empurragem est\u00e1 localizada no tanque de lixo e pode ser reciprocada ao longo do caminho de guia do lado, que tem tr\u00eas fun\u00e7\u00f5es: 1. Quando jogar lixo, o lixo ser\u00e1 descartado do lixo; 2. Fecha a frente do lixo; 3, o lixo no lixo pode produzir resist\u00eancia, para que o lixo se compacte. Assim, para completar o trabalho de remo\u00e7\u00e3o do lixo do ve\u00edculo.<\/p>\n<p>Como ponto principal de carregamento do dispositivo de compress\u00e3o de res\u00edduos, o ferrovi\u00e1rio de guia m\u00f3vel da placa de empurr\u00e3o deve ter uma for\u00e7a estrutural extremamente alta. O cami\u00e3o de compacta\u00e7\u00e3o de lixo produzido por Haide adota a tecnologia importada de bolsas de forma\u00e7\u00e3o integral em forma de U de alta for\u00e7a, que \u00e9 usada como ferrovia de guia m\u00f3vel da placa de empurr\u00e3o de lixo, com forte capacidade de compress\u00e3o e boa resist\u00eancia \u00e0 deforma\u00e7\u00e3o. O bloco de deslizamento \u00e9 feito de material de liga de alta resist\u00eancia ao uso com longa vida de servi\u00e7o.<\/p>\n<p><strong>Filler<\/strong><\/p>\n<p>O preenchimento est\u00e1 localizado na parte de tr\u00e1s do lixo, e a forma do preenchimento corresponde ao grande arco do lixo, tornando a forma geral do ve\u00edculo racionalizado e bonito.<\/p>\n<p>O preenchimento \u00e9 composto por um saltador, um rascador, um skateboard, um mecanismo de alimenta\u00e7\u00e3o, um dispositivo de abertura de cobertura e outros componentes, que \u00e9 usado para completar a esmaga\u00e7\u00e3o, compacta\u00e7\u00e3o e pressi\u00e3o do lixo denso na caixa de lixo. \u00c9 a parte mais importante do cami\u00e3o de lixo de compress\u00e3o no trabalho de lixo de compress\u00e3o.<\/p>\n<p>Para assegurar a excelente produ\u00e7\u00e3o do preencher, o preencher produzido pela Yantai Haide Special Automobile Co., Ltd. usa ferramentas de posicionamento para assegurar a precis\u00e3o do processamento.<\/p>\n<p><img decoding=\"async\" class=\"alignnone wp-image-2310 size-full\" src=\"https:\/\/www.haideclean.com\/wp-content\/uploads\/2026\/01\/CHD5186ZYSDFE6E-Garbage-Compactor-Truck2.jpg\" alt=\"\" width=\"800\" height=\"600\" srcset=\"https:\/\/www.haideclean.com\/wp-content\/uploads\/2026\/01\/CHD5186ZYSDFE6E-Garbage-Compactor-Truck2.jpg 800w, https:\/\/www.haideclean.com\/wp-content\/uploads\/2026\/01\/CHD5186ZYSDFE6E-Garbage-Compactor-Truck2-300x225.jpg 300w, https:\/\/www.haideclean.com\/wp-content\/uploads\/2026\/01\/CHD5186ZYSDFE6E-Garbage-Compactor-Truck2-768x576.jpg 768w, https:\/\/www.haideclean.com\/wp-content\/uploads\/2026\/01\/CHD5186ZYSDFE6E-Garbage-Compactor-Truck2-600x450.jpg 600w\" sizes=\"(max-width: 800px) 100vw, 800px\" \/><\/p>\n<p>Dispositivo de embalagem sendo processado em ferramentas<\/p>\n<p>A conex\u00e3o entre o tanque de lixo e o preencher adota duas faixas de selagem de silicone de tipo parvo, e o dispositivo autom\u00e1tico anti-bloqueio. As faixas de selagem s\u00e3o feitas de material de silicone, que tem vida mais longa, mais duradoura e melhor desempenho de selagem do que borracha de espuma tradicional.<\/p>\n<p><img decoding=\"async\" class=\"alignnone wp-image-2311 size-full\" src=\"https:\/\/www.haideclean.com\/wp-content\/uploads\/2026\/01\/CHD5186ZYSDFE6E-Garbage-Compactor-Truck3.jpg\" alt=\"\" width=\"800\" height=\"600\" srcset=\"https:\/\/www.haideclean.com\/wp-content\/uploads\/2026\/01\/CHD5186ZYSDFE6E-Garbage-Compactor-Truck3.jpg 800w, https:\/\/www.haideclean.com\/wp-content\/uploads\/2026\/01\/CHD5186ZYSDFE6E-Garbage-Compactor-Truck3-300x225.jpg 300w, https:\/\/www.haideclean.com\/wp-content\/uploads\/2026\/01\/CHD5186ZYSDFE6E-Garbage-Compactor-Truck3-768x576.jpg 768w, https:\/\/www.haideclean.com\/wp-content\/uploads\/2026\/01\/CHD5186ZYSDFE6E-Garbage-Compactor-Truck3-600x450.jpg 600w\" sizes=\"(max-width: 800px) 100vw, 800px\" \/><\/p>\n<p>Dois selos de silicone tipo barreiras<\/p>\n<p>Al\u00e9m disso, a parte articular do enchimento e a caixa adotam tecnologia de fechamento hidr\u00e1ulico ajustada, que tem bom desempenho de fechamento. Ela est\u00e1 equipada com um certo n\u00famero de medidas de prote\u00e7\u00e3o de seguran\u00e7a, como o interruptor interlock para evitar que o encher caia, o bast\u00e3o de suporte de seguran\u00e7a e a fun\u00e7\u00e3o de auto-encerramento do cilindro de elevador de encher para assegurar a seguran\u00e7a do operador e melhorar consideravelmente a seguran\u00e7a da opera\u00e7\u00e3o.<\/p>\n<p><strong>Sistema el\u00e9trico de controle e sistema hidr\u00e1ulico<\/strong><\/p>\n<p>Automatiza\u00e7\u00e3o operacional: Sistema de controle inteligente adota projeto de \u00f4nibus importado CAN e estrutura modular. atrav\u00e9s da combina\u00e7\u00e3o de interruptor de proximidade e indu\u00e7\u00e3o de press\u00e3o de petr\u00f3leo, o programa de compress\u00e3o \u00e9 eficiente, est\u00e1vel e f\u00e1cil de manter. Tem tr\u00eas conjuntos de modos de controle manual, autom\u00e1tico e semiautom\u00e1tico, que podem ser operados dentro do t\u00e1xi, na frente da caixa e na traseira da caixa. \u00c9 equipado com controle remoto, que pode ser usado em ambientes de trabalho diferentes.<\/p>\n<p>Sistema de seguro duplo: O sistema operacional tem duas fun\u00e7\u00f5es de controle de computador e de funcionamento manual, o que protege e melhora grandemente a taxa de utiliza\u00e7\u00e3o do ve\u00edculo. A v\u00e1lvula de regula\u00e7\u00e3o da press\u00e3o muda a posi\u00e7\u00e3o para impedir que os clientes ajustem a press\u00e3o sem autoriza\u00e7\u00e3o, e o extrator de for\u00e7a est\u00e1 equipado com palavras de aviso para lembrar os clientes de trocar o extrator de for\u00e7a e impedir que o extrator de for\u00e7a seja danificado. A cauda pode optionalmente ser equipada com um mecanismo de giro com uma lata de lixo (ou balde).<\/p>\n<p>A bomba de petr\u00f3leo adota a bomba de petr\u00f3leo dom\u00e9stica bem conhecida, e instala a v\u00e1lvula de compac\u00e7\u00e3o para aumentar a densidade de compress\u00e3o e melhorar a capacidade de carga. A capacidade de carga \u00e9 equivalente a duas vezes e meio da mesma tonelada de res\u00edduos n\u00e3o comprimidos. Usando a \u00faltima estrutura externa de cilindros e tecnologia de compress\u00e3o bidireccional, atrav\u00e9s de acess\u00f3rios dom\u00e9sticos e estrangeiros de primeira classe de marca, a propor\u00e7\u00e3o de compress\u00e3o alcan\u00e7ou 1:6, um \u00fanico ciclo \u226420 segundos, para alcan\u00e7ar coleta de lixo, efici\u00eancia dobrada.<\/p>\n<p>O tanque de petr\u00f3leo \u00e9 aumentado, o volume \u00e9 aumentado, para evitar a alta temperatura de \u00f3leo hidr\u00e1ulico, todo \u00f3leo hidr\u00e1ulico deve ser adicionado ao tanque de petr\u00f3leo atrav\u00e9s do filtro de \u00f3leo hidr\u00e1ulico, o filtro de tubo de alta press\u00e3o pode ser instalado no tubo de press\u00e3o de diferentes n\u00edveis de press\u00e3o, para suprimir ou bloquear ainda mais as impurezas causadas pelo desgaste e l\u00e1grima causadas pelos elementos externos no interior, ou preso, e a a\u00e7\u00e3o qu\u00edmica do pr\u00f3prio meio interno, etc. A precis\u00e3o da filtra\u00e7\u00e3o do petr\u00f3leo \u00e9 de 0,01 micron com filtro de alta press\u00e3o. Reduzir a taxa de fracasso, evitar efetivamente danos nas partes;<\/p>\n<p><strong>Diagrama de descomposi\u00e7\u00e3o<\/strong><\/p>\n<table style=\"border-collapse: collapse; width: 100%; height: 360px;\">\n<tbody>\n<tr style=\"height: 120px;\">\n<td style=\"width: 50%; height: 120px;\"><img loading=\"lazy\" decoding=\"async\" class=\"alignnone wp-image-2312 size-full\" src=\"https:\/\/www.haideclean.com\/wp-content\/uploads\/2026\/01\/CHD5186ZYSDFE6E-Garbage-Compactor-Truck4.jpg\" alt=\"\" width=\"800\" height=\"600\" srcset=\"https:\/\/www.haideclean.com\/wp-content\/uploads\/2026\/01\/CHD5186ZYSDFE6E-Garbage-Compactor-Truck4.jpg 800w, https:\/\/www.haideclean.com\/wp-content\/uploads\/2026\/01\/CHD5186ZYSDFE6E-Garbage-Compactor-Truck4-300x225.jpg 300w, https:\/\/www.haideclean.com\/wp-content\/uploads\/2026\/01\/CHD5186ZYSDFE6E-Garbage-Compactor-Truck4-768x576.jpg 768w, https:\/\/www.haideclean.com\/wp-content\/uploads\/2026\/01\/CHD5186ZYSDFE6E-Garbage-Compactor-Truck4-600x450.jpg 600w\" sizes=\"(max-width: 800px) 100vw, 800px\" \/><\/td>\n<td style=\"width: 50%; height: 120px;\">A caixa est\u00e1 equipada com uma caixa curva, e a placa inferior \u00e9 suada sem problemas para eliminar o risco de vazamento. Simple e bonita resist\u00eancia \u00e0 deforma\u00e7\u00e3o forte, boa confiabilidade estrutural, aumentando efetivamente o volume de preenchimento real, mais do que produtos semelhantes, material com placa meteorol\u00f3gica de alta for\u00e7a, n\u00e3o f\u00e1cil de deformar, resist\u00eancia ao uso; resist\u00eancia forte \u00e0 corros\u00e3o.<\/td>\n<\/tr>\n<tr style=\"height: 48px;\">\n<td style=\"width: 50%; height: 48px;\">A principal estrutura do preenchimento da cauda \u00e9 dividida em um balde de preenchimento, um mecanismo de carga, um mecanismo de bra\u00e7o flutuante e uma cobertura externa.<\/td>\n<td style=\"width: 50%; height: 48px;\"><img loading=\"lazy\" decoding=\"async\" class=\"alignnone wp-image-2313 size-full\" src=\"https:\/\/www.haideclean.com\/wp-content\/uploads\/2026\/01\/CHD5186ZYSDFE6E-Garbage-Compactor-Truck5.jpg\" alt=\"\" width=\"800\" height=\"800\" srcset=\"https:\/\/www.haideclean.com\/wp-content\/uploads\/2026\/01\/CHD5186ZYSDFE6E-Garbage-Compactor-Truck5.jpg 800w, https:\/\/www.haideclean.com\/wp-content\/uploads\/2026\/01\/CHD5186ZYSDFE6E-Garbage-Compactor-Truck5-300x300.jpg 300w, https:\/\/www.haideclean.com\/wp-content\/uploads\/2026\/01\/CHD5186ZYSDFE6E-Garbage-Compactor-Truck5-150x150.jpg 150w, https:\/\/www.haideclean.com\/wp-content\/uploads\/2026\/01\/CHD5186ZYSDFE6E-Garbage-Compactor-Truck5-768x768.jpg 768w, https:\/\/www.haideclean.com\/wp-content\/uploads\/2026\/01\/CHD5186ZYSDFE6E-Garbage-Compactor-Truck5-600x600.jpg 600w, https:\/\/www.haideclean.com\/wp-content\/uploads\/2026\/01\/CHD5186ZYSDFE6E-Garbage-Compactor-Truck5-100x100.jpg 100w\" sizes=\"(max-width: 800px) 100vw, 800px\" \/><\/td>\n<\/tr>\n<tr style=\"height: 48px;\">\n<td style=\"width: 50%; height: 48px;\"><img loading=\"lazy\" decoding=\"async\" class=\"alignnone wp-image-2314 size-full\" src=\"https:\/\/www.haideclean.com\/wp-content\/uploads\/2026\/01\/CHD5186ZYSDFE6E-Garbage-Compactor-Truck6.jpg\" alt=\"\" width=\"800\" height=\"600\" srcset=\"https:\/\/www.haideclean.com\/wp-content\/uploads\/2026\/01\/CHD5186ZYSDFE6E-Garbage-Compactor-Truck6.jpg 800w, https:\/\/www.haideclean.com\/wp-content\/uploads\/2026\/01\/CHD5186ZYSDFE6E-Garbage-Compactor-Truck6-300x225.jpg 300w, https:\/\/www.haideclean.com\/wp-content\/uploads\/2026\/01\/CHD5186ZYSDFE6E-Garbage-Compactor-Truck6-768x576.jpg 768w, https:\/\/www.haideclean.com\/wp-content\/uploads\/2026\/01\/CHD5186ZYSDFE6E-Garbage-Compactor-Truck6-600x450.jpg 600w\" sizes=\"(max-width: 800px) 100vw, 800px\" \/><\/td>\n<td style=\"width: 50%; height: 48px;\">V\u00e1lvula de press\u00e3o posterior\/v\u00e1lvula de compac\u00e7\u00e3o: compress\u00e3o em duas dire\u00e7\u00f5es, aumentar a propor\u00e7\u00e3o de compress\u00e3o de lixo carregado, melhorar a carga de lixo.<\/td>\n<\/tr>\n<tr style=\"height: 24px;\">\n<td style=\"width: 50%; height: 24px;\">Tanque hidr\u00e1ulico de petr\u00f3leo: O volume do tanque de petr\u00f3leo \u00e9 aumentado, melhora efetivamente a efici\u00eancia de refrigera\u00e7\u00e3o, estabiliza a temperatura e a press\u00e3o do petr\u00f3leo, com o dispositivo de filtra\u00e7\u00e3o de retorno do petr\u00f3leo, filtra efetivamente as impurezas contidas no petr\u00f3leo hidr\u00e1ulico, prolonga o tempo de servi\u00e7o do petr\u00f3leo.<\/td>\n<td style=\"width: 50%; height: 24px;\"><img loading=\"lazy\" decoding=\"async\" class=\"alignnone wp-image-2315 size-full\" src=\"https:\/\/www.haideclean.com\/wp-content\/uploads\/2026\/01\/CHD5186ZYSDFE6E-Garbage-Compactor-Truck7.jpg\" alt=\"\" width=\"800\" height=\"600\" srcset=\"https:\/\/www.haideclean.com\/wp-content\/uploads\/2026\/01\/CHD5186ZYSDFE6E-Garbage-Compactor-Truck7.jpg 800w, https:\/\/www.haideclean.com\/wp-content\/uploads\/2026\/01\/CHD5186ZYSDFE6E-Garbage-Compactor-Truck7-300x225.jpg 300w, https:\/\/www.haideclean.com\/wp-content\/uploads\/2026\/01\/CHD5186ZYSDFE6E-Garbage-Compactor-Truck7-768x576.jpg 768w, https:\/\/www.haideclean.com\/wp-content\/uploads\/2026\/01\/CHD5186ZYSDFE6E-Garbage-Compactor-Truck7-600x450.jpg 600w\" sizes=\"(max-width: 800px) 100vw, 800px\" \/><\/td>\n<\/tr>\n<tr style=\"height: 24px;\">\n<td style=\"width: 50%; height: 24px;\"><img loading=\"lazy\" decoding=\"async\" class=\"alignnone wp-image-2316 size-full\" src=\"https:\/\/www.haideclean.com\/wp-content\/uploads\/2026\/01\/CHD5186ZYSDFE6E-Garbage-Compactor-Truck9.jpg\" alt=\"\" width=\"800\" height=\"600\" srcset=\"https:\/\/www.haideclean.com\/wp-content\/uploads\/2026\/01\/CHD5186ZYSDFE6E-Garbage-Compactor-Truck9.jpg 800w, https:\/\/www.haideclean.com\/wp-content\/uploads\/2026\/01\/CHD5186ZYSDFE6E-Garbage-Compactor-Truck9-300x225.jpg 300w, https:\/\/www.haideclean.com\/wp-content\/uploads\/2026\/01\/CHD5186ZYSDFE6E-Garbage-Compactor-Truck9-768x576.jpg 768w, https:\/\/www.haideclean.com\/wp-content\/uploads\/2026\/01\/CHD5186ZYSDFE6E-Garbage-Compactor-Truck9-600x450.jpg 600w\" sizes=\"(max-width: 800px) 100vw, 800px\" \/><\/td>\n<td style=\"width: 50%; height: 24px;\">Conmutador de proximidade: O interruptor de indu\u00e7\u00e3o mais controle de tempo \u00e9 usado para trocar a a\u00e7\u00e3o, a a\u00e7\u00e3o \u00e9 mais precisa, o sistema de controle eletr\u00f4nico \u00e9 mais est\u00e1vel, e o cilindro e o sistema hidr\u00e1ulico s\u00e3o melhor protegidos.<\/td>\n<\/tr>\n<tr style=\"height: 24px;\">\n<td style=\"width: 50%; height: 24px;\">O sistema de opera\u00e7\u00e3o do ve\u00edculo \u00e9 dividido em duas partes, e existem dois sistemas de opera\u00e7\u00e3o de manejo e de liga\u00e7\u00e3o el\u00e9trica.<span style=\"font-family: inherit; font-size: inherit;\">Conveniente para os trabalhadores usar.<\/span><\/td>\n<td style=\"width: 50%; height: 24px;\"><img loading=\"lazy\" decoding=\"async\" class=\"alignnone wp-image-2317 size-full\" src=\"https:\/\/www.haideclean.com\/wp-content\/uploads\/2026\/01\/CHD5186ZYSDFE6E-Garbage-Compactor-Truck10.jpg\" alt=\"\" width=\"800\" height=\"600\" srcset=\"https:\/\/www.haideclean.com\/wp-content\/uploads\/2026\/01\/CHD5186ZYSDFE6E-Garbage-Compactor-Truck10.jpg 800w, https:\/\/www.haideclean.com\/wp-content\/uploads\/2026\/01\/CHD5186ZYSDFE6E-Garbage-Compactor-Truck10-300x225.jpg 300w, https:\/\/www.haideclean.com\/wp-content\/uploads\/2026\/01\/CHD5186ZYSDFE6E-Garbage-Compactor-Truck10-768x576.jpg 768w, https:\/\/www.haideclean.com\/wp-content\/uploads\/2026\/01\/CHD5186ZYSDFE6E-Garbage-Compactor-Truck10-600x450.jpg 600w\" sizes=\"(max-width: 800px) 100vw, 800px\" \/><\/td>\n<\/tr>\n<tr style=\"height: 24px;\">\n<td style=\"width: 50%; height: 24px;\"><img loading=\"lazy\" decoding=\"async\" class=\"alignnone wp-image-2318 size-full\" src=\"https:\/\/www.haideclean.com\/wp-content\/uploads\/2026\/01\/CHD5186ZYSDFE6E-Garbage-Compactor-Truck11.jpg\" alt=\"\" width=\"800\" height=\"600\" srcset=\"https:\/\/www.haideclean.com\/wp-content\/uploads\/2026\/01\/CHD5186ZYSDFE6E-Garbage-Compactor-Truck11.jpg 800w, https:\/\/www.haideclean.com\/wp-content\/uploads\/2026\/01\/CHD5186ZYSDFE6E-Garbage-Compactor-Truck11-300x225.jpg 300w, https:\/\/www.haideclean.com\/wp-content\/uploads\/2026\/01\/CHD5186ZYSDFE6E-Garbage-Compactor-Truck11-768x576.jpg 768w, https:\/\/www.haideclean.com\/wp-content\/uploads\/2026\/01\/CHD5186ZYSDFE6E-Garbage-Compactor-Truck11-600x450.jpg 600w\" sizes=\"(max-width: 800px) 100vw, 800px\" \/><\/td>\n<td style=\"width: 50%; height: 24px;\">Estrutura de diapositiva: novo tipo com estrutura de diapositiva incorporada, com meio de conex\u00e3o, resist\u00eancia ao uso, sem deforma\u00e7\u00e3o, condu\u00e7\u00e3o para fun\u00e7\u00e3o inversa, arranhador para baixo obst\u00e1culos de encontro podem automaticamente mudar a a\u00e7\u00e3o, efetivamente evitar obst\u00e1culos, evitar danos no equipamento.<\/td>\n<\/tr>\n<tr style=\"height: 24px;\">\n<td style=\"width: 50%; height: 24px;\">Normal com uma bomba de \u00f3leo dom\u00e9stica bem conhecida, a bomba hidr\u00e1ulica \u00e9 o componente de pot\u00eancia do sistema hidr\u00e1ulico, \u00e9 motorizada pelo motor, do \u00f3leo de suc\u00e7\u00e3o de tanque hidr\u00e1ulico, a forma\u00e7\u00e3o de descarga de \u00f3leo de press\u00e3o, enviada para a execu\u00e7\u00e3o de uma \u00fanica a \u00e7\u00e3o do cilindro de \u00f3leo, para fornecer pot\u00eancia para o sistema hidr\u00e1ulico<\/td>\n<td style=\"width: 50%; height: 24px;\"><img loading=\"lazy\" decoding=\"async\" class=\"alignnone wp-image-2319 size-full\" src=\"https:\/\/www.haideclean.com\/wp-content\/uploads\/2026\/01\/CHD5186ZYSDFE6E-Garbage-Compactor-Truck12.jpg\" alt=\"\" width=\"800\" height=\"600\" srcset=\"https:\/\/www.haideclean.com\/wp-content\/uploads\/2026\/01\/CHD5186ZYSDFE6E-Garbage-Compactor-Truck12.jpg 800w, https:\/\/www.haideclean.com\/wp-content\/uploads\/2026\/01\/CHD5186ZYSDFE6E-Garbage-Compactor-Truck12-300x225.jpg 300w, https:\/\/www.haideclean.com\/wp-content\/uploads\/2026\/01\/CHD5186ZYSDFE6E-Garbage-Compactor-Truck12-768x576.jpg 768w, https:\/\/www.haideclean.com\/wp-content\/uploads\/2026\/01\/CHD5186ZYSDFE6E-Garbage-Compactor-Truck12-600x450.jpg 600w\" sizes=\"(max-width: 800px) 100vw, 800px\" \/><\/td>\n<\/tr>\n<tr style=\"height: 24px;\">\n<td style=\"width: 50%; height: 24px;\"><img loading=\"lazy\" decoding=\"async\" class=\"alignnone wp-image-2320 size-full\" src=\"https:\/\/www.haideclean.com\/wp-content\/uploads\/2026\/01\/CHD5186ZYSDFE6E-Garbage-Compactor-Truck13.jpg\" alt=\"\" width=\"800\" height=\"600\" srcset=\"https:\/\/www.haideclean.com\/wp-content\/uploads\/2026\/01\/CHD5186ZYSDFE6E-Garbage-Compactor-Truck13.jpg 800w, https:\/\/www.haideclean.com\/wp-content\/uploads\/2026\/01\/CHD5186ZYSDFE6E-Garbage-Compactor-Truck13-300x225.jpg 300w, https:\/\/www.haideclean.com\/wp-content\/uploads\/2026\/01\/CHD5186ZYSDFE6E-Garbage-Compactor-Truck13-768x576.jpg 768w, https:\/\/www.haideclean.com\/wp-content\/uploads\/2026\/01\/CHD5186ZYSDFE6E-Garbage-Compactor-Truck13-600x450.jpg 600w\" sizes=\"(max-width: 800px) 100vw, 800px\" \/><\/td>\n<td style=\"width: 50%; height: 24px;\">O filtro de tubo de alta press\u00e3o pode ser instalado em diferentes n\u00edveis de press\u00e3o do tubo de press\u00e3o, para mais remover ou bloquear devido aos elementos externos no desgaste interno, ou preso, bem como o pr\u00f3prio meio interno causado pela a\u00e7\u00e3o qu\u00edmica das impurezas, etc., equipado com uma precis\u00e3o de filtra\u00e7\u00e3o de \u00f3leo de filtro de alta press\u00e3o de 0,01 micron. Especialmente adequado para sistemas de controle autom\u00e1tico e sistemas de servo, pode evitar componentes de controle de alta precis\u00e3o e componentes executivos de uso prematuro ou presos devido \u00e0 polui\u00e7\u00e3o, reduzindo assim fracassos e prolongando a vida de servi\u00e7o dos componentes do sistema hidr\u00e1ulico.<\/td>\n<\/tr>\n<\/tbody>\n<\/table>","protected":false},"excerpt":{"rendered":"<p>CHD5186ZYSDFE6E cami\u00e3o de compacta\u00e7\u00e3o de lixo \u00e9 principalmente usado para coletar, comprimir e transportar res\u00edduos s\u00f3lidos municipais, e tamb\u00e9m pode ser usado para coletar, comprimir e transportar alguns lixo de jogo e dispers\u00e3o de res\u00edduos industriais e agr\u00edcolas. O ve\u00edculo est\u00e1 equipado com uma unidade especial para cargar, comprimir, transferir e jogar o lixo para, comprimir, transferir e jogar o lixo sozinho em combina\u00e7\u00e3o com o equipamento e energia do ve\u00edculo e o recipiente estereot\u00edpico (como uma lata de lixo).<\/p>","protected":false},"featured_media":2304,"template":"","meta":[],"product_brand":[],"product_cat":[28],"product_tag":[],"class_list":{"0":"post-2301","1":"product","2":"type-product","3":"status-publish","4":"has-post-thumbnail","6":"product_cat-waste-collection-transport","8":"first","9":"instock","10":"shipping-taxable","11":"product-type-simple"},"_links":{"self":[{"href":"https:\/\/www.haideclean.com\/pt\/wp-json\/wp\/v2\/product\/2301","targetHints":{"allow":["GET"]}}],"collection":[{"href":"https:\/\/www.haideclean.com\/pt\/wp-json\/wp\/v2\/product"}],"about":[{"href":"https:\/\/www.haideclean.com\/pt\/wp-json\/wp\/v2\/types\/product"}],"wp:featuredmedia":[{"embeddable":true,"href":"https:\/\/www.haideclean.com\/pt\/wp-json\/wp\/v2\/media\/2304"}],"wp:attachment":[{"href":"https:\/\/www.haideclean.com\/pt\/wp-json\/wp\/v2\/media?parent=2301"}],"wp:term":[{"taxonomy":"product_brand","embeddable":true,"href":"https:\/\/www.haideclean.com\/pt\/wp-json\/wp\/v2\/product_brand?post=2301"},{"taxonomy":"product_cat","embeddable":true,"href":"https:\/\/www.haideclean.com\/pt\/wp-json\/wp\/v2\/product_cat?post=2301"},{"taxonomy":"product_tag","embeddable":true,"href":"https:\/\/www.haideclean.com\/pt\/wp-json\/wp\/v2\/product_tag?post=2301"}],"curies":[{"name":"wp","href":"https:\/\/api.w.org\/{rel}","templated":true}]}}