{"id":2302,"date":"2026-01-07T16:12:02","date_gmt":"2026-01-07T08:12:02","guid":{"rendered":"https:\/\/www.haideclean.com\/?post_type=product&#038;p=2302"},"modified":"2026-03-19T11:32:41","modified_gmt":"2026-03-19T03:32:41","slug":"chd5181tdydfbev-full-electric-multi-functional-dust-suppression-truck","status":"publish","type":"product","link":"https:\/\/www.haideclean.com\/pt\/produto\/chd5181tdydfbev-full-electric-multi-functional-dust-suppression-truck\/","title":{"rendered":"CHD5181TDYDFBEV Full Electric Multi-functional dust suppression Truck"},"content":{"rendered":"<p>O nevoeiro de pulveriza\u00e7\u00e3o de alta press\u00e3o e os sistemas de vias h\u00eddricas de baixa press\u00e3o s\u00e3o independentes uns dos outros.<\/p>\n<p>N\u00edvel avan\u00e7ado de tecnologia: o tanque est\u00e1 equipado com uma parti\u00e7\u00e3o anti-onda multicanal para reduzir o impacto no tanque, o tanque de \u00e1gua est\u00e1 equipado com um sistema de alarme de baixo n\u00edvel de \u00e1gua, e o tanque de nevoeiro adota um processo de redu\u00e7\u00e3o de ru\u00eddo de dois bra\u00e7os para minimizar o ru\u00eddo da opera\u00e7\u00e3o do ve\u00edculo.<\/p>\n<p>Calidade de material de fabrica\u00e7\u00e3o: O tanque adota 304 materiais de a\u00e7o inoxid\u00e1vel, resist\u00eancia \u00e0 corros\u00e3o, desempenho est\u00e1vel.<\/p>\n<p>Conveni\u00eancia de funcionamento e manuten\u00e7\u00e3o: o controle adota a forma de controle remoto sem fio, f\u00e1cil de funcionar, os elementos essenciais do canh\u00e3o de nevoeiro est\u00e3o localizados na cabina de manuten\u00e7\u00e3o debaixo do canh\u00e3o de nevoeiro para manuten\u00e7\u00e3o f\u00e1cil.<\/p>\n<p>Completamente avan\u00e7ado e est\u00e1vel: movimento motora independente de espira\u00e7\u00e3o, opera\u00e7\u00e3o de espira\u00e7\u00e3o de baixa velocidade dist\u00e2ncia de lavagem, fluxo est\u00e1vel.<\/p>\n<p><strong>Sistemas de espalhadoras de baixa press\u00e3o.<\/strong><\/p>\n<p>Adotando o sistema operacional de um clic, tem a fun\u00e7\u00e3o de lavagem de frente e espinho de tr\u00e1s, e a largura \u00e9 ajustada;<\/p>\n<p>Equipado com um dispositivo de flexibiliza\u00e7\u00e3o lateral da coluna esquerda e direita, o quebra pode ser ajustado em qualquer \u00e2ngulo de 360\u00b0;<\/p>\n<p>O tanque \u00e9 padronizado com 304 a \u00e7os inoxid\u00e1veis com m\u00faltiplas parti\u00e7\u00f5es anti-ondas para reduzir o impacto no tanque, e o tanque de \u00e1gua est\u00e1 equipado com um sistema de alarme de baixo n\u00edvel de \u00e1gua.<\/p>\n<p>O ve\u00edculo est\u00e1 equipado com uma bomba de \u00e1gua de autosuc\u00e7\u00e3o com fun\u00e7\u00e3o de autosuc\u00e7\u00e3o e um ciclo autocirculante no sistema de \u00e1gua, que pode ser usado para derreter neve no inverno;<\/p>\n<p>Todo o circuito de \u00e1gua adota um sistema pneum\u00e1tico, seguro, confi\u00e1vel, f\u00e1cil e flex\u00edvel de funcionar;<\/p>\n<p>Dispara\u00e7\u00e3o motora independente, opera\u00e7\u00e3o de espira\u00e7\u00e3o de baixa velocidade dist\u00e2ncia de lavagem, fluxo est\u00e1vel.<\/p>\n<p><strong>Sistemas de pulveriza\u00e7\u00e3o de alta press\u00e3o<\/strong><\/p>\n<p>Sistema de controle inteligente, com controle manual (remoto) e controle remoto dois tipos de modo de opera\u00e7\u00e3o, opera\u00e7\u00e3o simples e inteligente;<\/p>\n<p>O sistema de pulveriza\u00e7\u00e3o adota aneis de pulveriza\u00e7\u00e3o dupla e nozes ajust\u00e1veis para granularidade de nevoeiro, com forte energia e\u00f3lica, alta (longa) gama e boa penetra\u00e7\u00e3o;<\/p>\n<p>Pompas centr\u00edfugas verticales multiest\u00e1gios t\u00eam alta cabe\u00e7a, longa vida e resist\u00eancia \u00e0 corros\u00e3o;<\/p>\n<p>O ve\u00edculo s linhas de alta tens\u00e3o est\u00e3o equipadas com um protector de curto circuito de seguran\u00e7a para prevenir acidentes de seguran\u00e7a quando as linhas s \u00e3o abradeadas, submergidas em \u00e1gua ou de outro modo curto circuitos;<\/p>\n<p>Plataforma de trabalho posterior multiprote\u00e7\u00e3o est\u00e1 equipada com guardas de quadro de seguran\u00e7a, com arma de \u00e1gua verde de alta pulveriza\u00e7\u00e3o, com fun\u00e7\u00e3o auxiliar de combate ao inc\u00eandio, pode ser presa em uma coluna ou nevoeiro;<\/p>\n<p>Bot\u00e3o de parada traseira, dispositivo de alarme de seguran\u00e7a, sistema de protec\u00e7\u00e3o de curtos circuitos de seguran\u00e7a Sistema m\u00faltiplo de protec\u00e7\u00e3o de seguran\u00e7a assegura a seguran\u00e7a do funcionamento do ve\u00edculo.<\/p>\n<p><img fetchpriority=\"high\" decoding=\"async\" class=\"alignnone wp-image-2326 size-full\" src=\"https:\/\/www.haideclean.com\/wp-content\/uploads\/2026\/01\/CHD5181TDYDFBEV-Full-Electric-Multi-functional-Dust-Suppression-Truck12.jpg\" alt=\"\" width=\"800\" height=\"600\" srcset=\"https:\/\/www.haideclean.com\/wp-content\/uploads\/2026\/01\/CHD5181TDYDFBEV-Full-Electric-Multi-functional-Dust-Suppression-Truck12.jpg 800w, https:\/\/www.haideclean.com\/wp-content\/uploads\/2026\/01\/CHD5181TDYDFBEV-Full-Electric-Multi-functional-Dust-Suppression-Truck12-300x225.jpg 300w, https:\/\/www.haideclean.com\/wp-content\/uploads\/2026\/01\/CHD5181TDYDFBEV-Full-Electric-Multi-functional-Dust-Suppression-Truck12-768x576.jpg 768w, https:\/\/www.haideclean.com\/wp-content\/uploads\/2026\/01\/CHD5181TDYDFBEV-Full-Electric-Multi-functional-Dust-Suppression-Truck12-600x450.jpg 600w\" sizes=\"(max-width: 800px) 100vw, 800px\" \/><\/p>\n<p>Figura 1 Flushing Front (baseado no ve\u00edculo real)<\/p>\n<p><img decoding=\"async\" class=\"alignnone wp-image-2327 size-full\" src=\"https:\/\/www.haideclean.com\/wp-content\/uploads\/2026\/01\/Figure-2-Side-Flush-Device-based-on-actual-vehicle13.jpg\" alt=\"\" width=\"800\" height=\"600\" srcset=\"https:\/\/www.haideclean.com\/wp-content\/uploads\/2026\/01\/Figure-2-Side-Flush-Device-based-on-actual-vehicle13.jpg 800w, https:\/\/www.haideclean.com\/wp-content\/uploads\/2026\/01\/Figure-2-Side-Flush-Device-based-on-actual-vehicle13-300x225.jpg 300w, https:\/\/www.haideclean.com\/wp-content\/uploads\/2026\/01\/Figure-2-Side-Flush-Device-based-on-actual-vehicle13-768x576.jpg 768w, https:\/\/www.haideclean.com\/wp-content\/uploads\/2026\/01\/Figure-2-Side-Flush-Device-based-on-actual-vehicle13-600x450.jpg 600w\" sizes=\"(max-width: 800px) 100vw, 800px\" \/><\/p>\n<p>Figura 2 Dispositivo de Fluxo lateral (baseado no ve\u00edculo real)<\/p>\n<p><img decoding=\"async\" class=\"alignnone wp-image-2328 size-full\" src=\"https:\/\/www.haideclean.com\/wp-content\/uploads\/2026\/01\/Figure-2-Side-Flush-Device-based-on-actual-vehicle14.jpg\" alt=\"\" width=\"800\" height=\"600\" srcset=\"https:\/\/www.haideclean.com\/wp-content\/uploads\/2026\/01\/Figure-2-Side-Flush-Device-based-on-actual-vehicle14.jpg 800w, https:\/\/www.haideclean.com\/wp-content\/uploads\/2026\/01\/Figure-2-Side-Flush-Device-based-on-actual-vehicle14-300x225.jpg 300w, https:\/\/www.haideclean.com\/wp-content\/uploads\/2026\/01\/Figure-2-Side-Flush-Device-based-on-actual-vehicle14-768x576.jpg 768w, https:\/\/www.haideclean.com\/wp-content\/uploads\/2026\/01\/Figure-2-Side-Flush-Device-based-on-actual-vehicle14-600x450.jpg 600w\" sizes=\"(max-width: 800px) 100vw, 800px\" \/><\/p>\n<p>Figura 3 Rear Sprinkler<\/p>\n<p><img loading=\"lazy\" decoding=\"async\" class=\"alignnone wp-image-2329 size-full\" src=\"https:\/\/www.haideclean.com\/wp-content\/uploads\/2026\/01\/Figure-2-Side-Flush-Device-based-on-actual-vehicle15.jpg\" alt=\"\" width=\"800\" height=\"600\" srcset=\"https:\/\/www.haideclean.com\/wp-content\/uploads\/2026\/01\/Figure-2-Side-Flush-Device-based-on-actual-vehicle15.jpg 800w, https:\/\/www.haideclean.com\/wp-content\/uploads\/2026\/01\/Figure-2-Side-Flush-Device-based-on-actual-vehicle15-300x225.jpg 300w, https:\/\/www.haideclean.com\/wp-content\/uploads\/2026\/01\/Figure-2-Side-Flush-Device-based-on-actual-vehicle15-768x576.jpg 768w, https:\/\/www.haideclean.com\/wp-content\/uploads\/2026\/01\/Figure-2-Side-Flush-Device-based-on-actual-vehicle15-600x450.jpg 600w\" sizes=\"(max-width: 800px) 100vw, 800px\" \/><\/p>\n<p>Figura 4 Dopla pistola de nevoeiro<\/p>\n<p><img loading=\"lazy\" decoding=\"async\" class=\"alignnone wp-image-2330 size-full\" src=\"https:\/\/www.haideclean.com\/wp-content\/uploads\/2026\/01\/Figure-4-Double-spray-ring-fog-gun1.jpg\" alt=\"\" width=\"800\" height=\"600\" srcset=\"https:\/\/www.haideclean.com\/wp-content\/uploads\/2026\/01\/Figure-4-Double-spray-ring-fog-gun1.jpg 800w, https:\/\/www.haideclean.com\/wp-content\/uploads\/2026\/01\/Figure-4-Double-spray-ring-fog-gun1-300x225.jpg 300w, https:\/\/www.haideclean.com\/wp-content\/uploads\/2026\/01\/Figure-4-Double-spray-ring-fog-gun1-768x576.jpg 768w, https:\/\/www.haideclean.com\/wp-content\/uploads\/2026\/01\/Figure-4-Double-spray-ring-fog-gun1-600x450.jpg 600w\" sizes=\"(max-width: 800px) 100vw, 800px\" \/><\/p>\n<p>Figura 5 High Spray Water Greening Guns<\/p>\n<p><img loading=\"lazy\" decoding=\"async\" class=\"alignnone wp-image-2331 size-full\" src=\"https:\/\/www.haideclean.com\/wp-content\/uploads\/2026\/01\/Figure-4-Double-spray-ring-fog-gun2.jpg\" alt=\"\" width=\"800\" height=\"600\" srcset=\"https:\/\/www.haideclean.com\/wp-content\/uploads\/2026\/01\/Figure-4-Double-spray-ring-fog-gun2.jpg 800w, https:\/\/www.haideclean.com\/wp-content\/uploads\/2026\/01\/Figure-4-Double-spray-ring-fog-gun2-300x225.jpg 300w, https:\/\/www.haideclean.com\/wp-content\/uploads\/2026\/01\/Figure-4-Double-spray-ring-fog-gun2-768x576.jpg 768w, https:\/\/www.haideclean.com\/wp-content\/uploads\/2026\/01\/Figure-4-Double-spray-ring-fog-gun2-600x450.jpg 600w\" sizes=\"(max-width: 800px) 100vw, 800px\" \/><\/p>\n<p>Figura 6 Nozzle com tamanho de gr\u00e3os de nevoeiro ajustado<\/p>\n<p><img loading=\"lazy\" decoding=\"async\" class=\"alignnone wp-image-2333 size-full\" src=\"https:\/\/www.haideclean.com\/wp-content\/uploads\/2026\/01\/Figure-4-Double-spray-ring-fog-gun4.jpg\" alt=\"\" width=\"800\" height=\"600\" srcset=\"https:\/\/www.haideclean.com\/wp-content\/uploads\/2026\/01\/Figure-4-Double-spray-ring-fog-gun4.jpg 800w, https:\/\/www.haideclean.com\/wp-content\/uploads\/2026\/01\/Figure-4-Double-spray-ring-fog-gun4-300x225.jpg 300w, https:\/\/www.haideclean.com\/wp-content\/uploads\/2026\/01\/Figure-4-Double-spray-ring-fog-gun4-768x576.jpg 768w, https:\/\/www.haideclean.com\/wp-content\/uploads\/2026\/01\/Figure-4-Double-spray-ring-fog-gun4-600x450.jpg 600w\" sizes=\"(max-width: 800px) 100vw, 800px\" \/><\/p>\n<p>Figura 8 Sistema Pneum\u00e1tico de Vias \u00c1guas<\/p>\n<p><img loading=\"lazy\" decoding=\"async\" class=\"alignnone wp-image-2332 size-full\" src=\"https:\/\/www.haideclean.com\/wp-content\/uploads\/2026\/01\/Figure-4-Double-spray-ring-fog-gun6.jpg\" alt=\"\" width=\"800\" height=\"600\" srcset=\"https:\/\/www.haideclean.com\/wp-content\/uploads\/2026\/01\/Figure-4-Double-spray-ring-fog-gun6.jpg 800w, https:\/\/www.haideclean.com\/wp-content\/uploads\/2026\/01\/Figure-4-Double-spray-ring-fog-gun6-300x225.jpg 300w, https:\/\/www.haideclean.com\/wp-content\/uploads\/2026\/01\/Figure-4-Double-spray-ring-fog-gun6-768x576.jpg 768w, https:\/\/www.haideclean.com\/wp-content\/uploads\/2026\/01\/Figure-4-Double-spray-ring-fog-gun6-600x450.jpg 600w\" sizes=\"(max-width: 800px) 100vw, 800px\" \/><\/p>\n<p>Figura 9 Sistema de controle remoto<\/p>","protected":false},"excerpt":{"rendered":"<p>O cami\u00e3o multifuncional de supress\u00e3o de poeira \u00e9 um equipamento de supress\u00e3o de poeira de alta tecnologia que pode purificar o ar e reduzir a concentra\u00e7\u00e3o de PM2,5, tamb\u00e9m conhecido como &#8220; canh\u00e3o de nevoeiro Pode reduzir a polvere e a descontamina\u00e7\u00e3o pulverizando nevoeiro de \u00e1gua, e tem uma forte penetra\u00e7\u00e3o de polvere no ar, que pode efetivamente controlar PM2,5, di\u00f3xido de nitrog\u00eanio e polui\u00e7\u00e3o de ozono e melhorar o ambiente a\u00e9reo urbano.<\/p>","protected":false},"featured_media":2321,"template":"","meta":[],"product_brand":[],"product_cat":[27],"product_tag":[],"class_list":{"0":"post-2302","1":"product","2":"type-product","3":"status-publish","4":"has-post-thumbnail","6":"product_cat-cleaning-vehicles","8":"first","9":"instock","10":"shipping-taxable","11":"product-type-simple"},"_links":{"self":[{"href":"https:\/\/www.haideclean.com\/pt\/wp-json\/wp\/v2\/product\/2302","targetHints":{"allow":["GET"]}}],"collection":[{"href":"https:\/\/www.haideclean.com\/pt\/wp-json\/wp\/v2\/product"}],"about":[{"href":"https:\/\/www.haideclean.com\/pt\/wp-json\/wp\/v2\/types\/product"}],"wp:featuredmedia":[{"embeddable":true,"href":"https:\/\/www.haideclean.com\/pt\/wp-json\/wp\/v2\/media\/2321"}],"wp:attachment":[{"href":"https:\/\/www.haideclean.com\/pt\/wp-json\/wp\/v2\/media?parent=2302"}],"wp:term":[{"taxonomy":"product_brand","embeddable":true,"href":"https:\/\/www.haideclean.com\/pt\/wp-json\/wp\/v2\/product_brand?post=2302"},{"taxonomy":"product_cat","embeddable":true,"href":"https:\/\/www.haideclean.com\/pt\/wp-json\/wp\/v2\/product_cat?post=2302"},{"taxonomy":"product_tag","embeddable":true,"href":"https:\/\/www.haideclean.com\/pt\/wp-json\/wp\/v2\/product_tag?post=2302"}],"curies":[{"name":"wp","href":"https:\/\/api.w.org\/{rel}","templated":true}]}}