{"id":2341,"date":"2026-01-07T16:17:49","date_gmt":"2026-01-07T08:17:49","guid":{"rendered":"https:\/\/www.haideclean.com\/?post_type=product&#038;p=2341"},"modified":"2026-04-09T15:19:44","modified_gmt":"2026-04-09T07:19:44","slug":"chd5181tdydfe6-multi-functional-dust-suppression-truck","status":"publish","type":"product","link":"https:\/\/www.haideclean.com\/pt\/produto\/chd5181tdydfe6-multi-functional-dust-suppression-truck\/","title":{"rendered":"CHD5181TDYDFE6 Multi-functional dust suppression Truck"},"content":{"rendered":"<p><strong><b>Features :<\/b><\/strong><\/p>\n<ol>\n<li>O cami\u00e3o poderia estar equipado com plough de neve no inverno.<\/li>\n<li>A largura da \u00e1gua frontal e posterior \u00e9 mais de 24 m.<\/li>\n<li>It has two independent water systems, high pressure spray system and low pressure watering system.<\/li>\n<li>O tanque de \u00e1gua \u00e9 feito de a\u00e7o inoxid\u00e1vel, a espessura n\u00e3o \u00e9 inferior a 3 mm.<\/li>\n<li>O painel de opera\u00e7\u00e3o do sprinkler tem um bot\u00e3o de parada de emerg\u00eancia e um dispositivo de alarme de seguran\u00e7a.<\/li>\n<li>Tem fun\u00e7\u00e3o de chupar-se, o cami\u00e3o pode chupar \u00e1gua para \u00e1gua usando bomba de \u00e1gua.<\/li>\n<li>O cami\u00e3o alarmar\u00e1 se n\u00e3o houver \u00e1gua no tanque de \u00e1gua, o que poderia proteger a bomba de \u00e1gua de baixa press\u00e3o.<\/li>\n<li>A prote\u00e7\u00e3o lateral \u00e9 feita de material de liga de alum\u00ednio, que tem alta for\u00e7a de seguran\u00e7a e linda apar\u00eancia.<\/li>\n<\/ol>","protected":false},"excerpt":{"rendered":"<p>Comparado com o cami\u00e3o de \u00e1gua comum, a maior vantagem do cami\u00e3o CHD5181TDYDFE6 N\u00e3o tem apenas a fun\u00e7\u00e3o de espirar e aquecer o cinto verde da estrada, mas tamb\u00e9m a fun\u00e7\u00e3o de pulveriza\u00e7\u00e3o e controle de poeira, melhoria da qualidade do ar e luta contra inc\u00eandios de emerg\u00eancia. O cami\u00e3o tamb\u00e9m tem a fun\u00e7\u00e3o de auto-priming e pode ser absorvido por si mesmo &#8211; - bomba de chupa. Portanto, o cami\u00e3o pode ser amplamente usado em departamentos de highway de alto grau, municipais e de gest\u00e3o de saneamento.<\/p>","protected":false},"featured_media":2360,"template":"","meta":[],"product_brand":[],"product_cat":[27],"product_tag":[],"class_list":{"0":"post-2341","1":"product","2":"type-product","3":"status-publish","4":"has-post-thumbnail","6":"product_cat-cleaning-vehicles","8":"first","9":"instock","10":"shipping-taxable","11":"product-type-simple"},"_links":{"self":[{"href":"https:\/\/www.haideclean.com\/pt\/wp-json\/wp\/v2\/product\/2341","targetHints":{"allow":["GET"]}}],"collection":[{"href":"https:\/\/www.haideclean.com\/pt\/wp-json\/wp\/v2\/product"}],"about":[{"href":"https:\/\/www.haideclean.com\/pt\/wp-json\/wp\/v2\/types\/product"}],"wp:featuredmedia":[{"embeddable":true,"href":"https:\/\/www.haideclean.com\/pt\/wp-json\/wp\/v2\/media\/2360"}],"wp:attachment":[{"href":"https:\/\/www.haideclean.com\/pt\/wp-json\/wp\/v2\/media?parent=2341"}],"wp:term":[{"taxonomy":"product_brand","embeddable":true,"href":"https:\/\/www.haideclean.com\/pt\/wp-json\/wp\/v2\/product_brand?post=2341"},{"taxonomy":"product_cat","embeddable":true,"href":"https:\/\/www.haideclean.com\/pt\/wp-json\/wp\/v2\/product_cat?post=2341"},{"taxonomy":"product_tag","embeddable":true,"href":"https:\/\/www.haideclean.com\/pt\/wp-json\/wp\/v2\/product_tag?post=2341"}],"curies":[{"name":"wp","href":"https:\/\/api.w.org\/{rel}","templated":true}]}}