{"id":2342,"date":"2026-01-07T16:14:42","date_gmt":"2026-01-07T08:14:42","guid":{"rendered":"https:\/\/www.haideclean.com\/?post_type=product&#038;p=2342"},"modified":"2026-03-18T11:38:06","modified_gmt":"2026-03-18T03:38:06","slug":"chr21qevf-full-electric-high-pressure-cleaner","status":"publish","type":"product","link":"https:\/\/www.haideclean.com\/pt\/produto\/chr21qevf-full-electric-high-pressure-cleaner\/","title":{"rendered":"CHR21QEVF Limpador el\u00e9trico de alta press\u00e3o"},"content":{"rendered":"<ol>\n<li><strong>Condu\u00e7\u00e3o articulada<\/strong><\/li>\n<\/ol>\n<p>Um pequeno raio de giro. O raio m\u00ednimo de viragem \u00e9 de apenas 2,6 m, que tem boa passabilidade e pode facilmente passar pela pilha de isolamento,A largura da ra\u00e7a de pulveriza\u00e7\u00e3o frontal \u00e9 de 1540 mm, com uma largura m\u00ednima de passar de 1350 mm (com a ra\u00e7a de pulveriza\u00e7\u00e3o frontal inclinada). Ela pode facilmente girar em estradas estreitas e alcan\u00e7ar 360 \u00b0 de roupa circunferencial e desinfec\u00e7\u00e3o;<\/p>\n<ol start=\"2\">\n<li><strong>Taxi de vidro panor\u00e1mico<\/strong><\/li>\n<\/ol>\n<p>O bumper da frente e ambos os lados da traseira do motorista. o t\u00e1xi est\u00e1 equipado com estruturas de vidro panor\u00e1mico, fornecendo uma vis\u00e3o ampla do trabalho sem pontos cegos, o que \u00e9 mais favor\u00e1vel para garantir a qualidade do trabalho; O vidro no motorista o t\u00e1xi \u00e9 coberto de um filme solar, que pode efetivamente isolar do calor no ver\u00e3o quente e impedir que o vidro explode quando atingido por objetos duros, assegurando a seguran\u00e7a do condutor.<\/p>\n<ol start=\"3\">\n<li><strong>Conduzir conforto<\/strong><\/li>\n<\/ol>\n<p>O motorista o t\u00e1xi est\u00e1 equipado com fun\u00e7\u00f5es como ar condicionado e carga de telefone. Tamb\u00e9m pode ser equipado com dispositivos multim\u00eddia mais poderosos, como r\u00e1dio sem fio, reprodu\u00e7\u00e3o MP3, etc. Equipado com assentos de suspens\u00e3o mec\u00e2nica de marca not\u00e1vel no pa\u00eds como padr\u00e3o, o conforto de absor\u00e7\u00e3o de choque pode ser ajustado com base no condutor&#8217; s altura e peso, solucionando efetivamente o problema do mal conforto de cabe\u00e7a de suspens\u00e3o r\u00edgida pequenos lavadores de estradas. Os lugares tamb\u00e9m podem ser equipados com lugares alem\u00e3es GRAMMER para melhor desempenho de absor\u00e7\u00e3o de choque.<\/p>\n<ol start=\"4\">\n<li><strong>Sistema eficiente de controle<\/strong><\/li>\n<\/ol>\n<p>O sistema de controle adota uma unidade de controle pura de ve\u00edculos el\u00e9tricos (VECU), que tem fortes capacidades de processamento de informa\u00e7\u00f5es de \u00f4nibus CAN. Tem as caracter\u00edsticas de boa resist\u00eancia s\u00edsmica, alto n\u00edvel de prote\u00e7\u00e3o, resist\u00eancia a grandes diferen\u00e7as de temperatura, flutua\u00e7\u00f5es de tens\u00e3o e capacidade de alcan\u00e7ar c\u00e1lculos de controle complexos. Tamb\u00e9m apoia a instala\u00e7\u00e3o de terminales de rede de ve\u00edculos para alcan\u00e7ar monitoramento remoto e diagn\u00f3stico de dados de ve\u00edculos.<\/p>\n<ol start=\"5\">\n<li><strong>Emiss\u00f5es zero<\/strong><\/li>\n<\/ol>\n<p>Todo o sistema de energia adota uma bateria de f\u00f3sforo de ferro de l\u00edtio, segura e confi\u00e1vel. O controle de gest\u00e3o do BMS assegura a estabilidade e seguran\u00e7a da opera\u00e7\u00e3o e carga do ve\u00edculo. O sistema de caminhada tem uma fun\u00e7\u00e3o de feedback de energia el\u00e9trica que pode carregar a bateria ao contr\u00e1rio quando o ve\u00edculo est\u00e1 descendo e decelerando. Combinada com uma plataforma \u00fanica de rede de ve\u00edculos, ela pode efetivamente monitorar a seguran\u00e7a do ve\u00edculo&#8217; o consumo de eletricidade e rapidamente detectar falhas.<\/p>\n<ol start=\"6\">\n<li><strong>Performa\u00e7\u00e3o Fi\u00e1vel<\/strong><\/li>\n<\/ol>\n<p>Os principais componentes, como o motor de condu\u00e7\u00e3o e o controlador da bomba de \u00e1gua a andar, s\u00e3o todos produzidos no mercado interno, com excelente desempenho e funcionamento confi\u00e1vel.<\/p>\n<ol start=\"7\">\n<li><strong>Alto desempenho anti-corrosivo<\/strong><\/li>\n<\/ol>\n<p>O corpo do tanque de \u00e1gua \u00e9 feito de vidro, que tem as vantagens de alta for\u00e7a e forte resist\u00eancia \u00e0 corros\u00e3o.<\/p>\n<ol start=\"8\">\n<li><strong>Baixo ru\u00eddo de funcionamento<\/strong><\/li>\n<\/ol>\n<p>A opera\u00e7\u00e3o de pulveriza\u00e7\u00e3o tem baixo ru\u00eddo, e o ru\u00eddo m\u00e1ximo de funcionamento \u00e9 apenas 75dBA.<\/p>\n<p>9.<strong>Opera\u00e7\u00e3o de arrombamento frontal<\/strong><\/p>\n<p>Ao operar o sistema de flexibiliza\u00e7\u00e3o frontal de alta press\u00e3o, o condutor pode ajustar a altura e \u00e2ngulo de swing da pista de pulveriza\u00e7\u00e3o frontal em qualquer momento de acordo com as condi\u00e7\u00f5es da estrada para assegurar o efeito de funcionamento.<\/p>\n<ol start=\"10\">\n<li><strong>Opera\u00e7\u00e3o de vermelho lateral<\/strong><\/li>\n<\/ol>\n<p>A opera\u00e7\u00e3o de lavagem lateral pode ser coordenada com um lavagem de estrada (lavagem de estrada) para usar \u00e1gua de alta press\u00e3o do lado para lavagem o lixo no tronco para a estrada, ou para lavagem o lixo debaixo do ve\u00edculo, que \u00e9 ent\u00e3o limpo pelo lavagem de estrada (lavagem de estrada). O trabalho de colabora\u00e7\u00e3o pode melhorar significativamente a efici\u00eancia das opera\u00e7\u00f5es municipais de saneamento.<\/p>\n<ol start=\"11\">\n<li><strong>Opera\u00e7\u00e3o Rearspray<\/strong><\/li>\n<\/ol>\n<p>A pulveriza\u00e7\u00e3o de alta press\u00e3o tem uma ampla cobertura, que pode ser usada para opera\u00e7\u00f5es de supress\u00e3o de pulveriza\u00e7\u00e3o de pulveriza\u00e7\u00e3o de larga dist\u00e2ncia e grande cobertura de \u00e1rea dentro de 5 metros de ambos os lados.<\/p>\n<ul>\n<li>Fun\u00e7\u00e3o de desinfec\u00e7\u00e3o e esteriliza\u00e7\u00e3o<\/li>\n<\/ul>\n<p>Ao misturar desinfectantes em propor\u00e7\u00e3o, podem ser realizadas opera\u00e7\u00f5es eficientes e flex\u00edveis de desinfec\u00e7\u00e3o e esteriliza\u00e7\u00e3o, adequadas para \u00e1reas epidemicas, hospitais e outros cen\u00e1rios.<\/p>\n<ul>\n<li>Fun\u00e7\u00e3o de pulveriza\u00e7\u00e3o de pesticidas<\/li>\n<\/ul>\n<p>Ao adicionar pesticidas, insecticidas, etc., opera\u00e7\u00f5es de pulveriza\u00e7\u00e3o de drogas em grande escala e flex\u00edveis podem ser alcan\u00e7adas em parques, fazendas e outros lugares.<\/p>\n<ol start=\"12\">\n<li><strong>Opera\u00e7\u00e3o de flushing de alta press\u00e3o manual<\/strong><\/li>\n<\/ol>\n<p>A pistola de pulveriza\u00e7\u00e3o manual de alta press\u00e3o pode alcan\u00e7ar fun\u00e7\u00f5es como pulveriza\u00e7\u00e3o (medica\u00e7\u00e3o, desinfec\u00e7\u00e3o), limpeza de pequenos an\u00fancios e escova de carros.<\/p>\n<p>13.<strong>Configura\u00e7\u00e3o opcional<\/strong><\/p>\n<ul>\n<li>Fun\u00e7\u00e3o opcional de pulveriza\u00e7\u00e3o de armas de nevoeiro, a gama efetiva de armas de nevoeiro \u00e9 de 20M, e a gama de produtos similares dom\u00e9sticos \u00e9 a mais longa.<\/li>\n<li>A placa de lavagem de ch\u00e3o de alta press\u00e3o pode ser usada para limpar profundamente v\u00e1rias superf\u00edcies de estrada, pisos de pedra, etc. A placa de lavagem de ch\u00e3o pode automaticamente recuperar e descarregar esgotos, assegurando que n\u00e3o h\u00e1 resgotos na \u00e1rea de opera\u00e7\u00e3o, e o efeito de limpeza pode alcan\u00e7ar o padr\u00e3o de &#8220; sentado no ch\u00e3o.<\/li>\n<\/ul>","protected":false},"excerpt":{"rendered":"<p>A CHR21QEVF completa, el\u00e9trica alta-press\u00e3o, \u00e9 uma estrutura de chassis articulada especializada, lavagem e desinfec\u00e7\u00e3o el\u00e9trica de alta-press\u00e3o, desenvolvida por Shandong Howe, Tecnologies Co. , Ltd. Esta m\u00e1quina de desinfec\u00e7\u00e3o adota os m\u00e9todos de opera\u00e7\u00e3o de &#8220; flushing&#8221; , &#8220; lavando , e &#8220; redu\u00e7\u00e3o de poeira , visando ruas urban as, aeroportos, doces, campus, \u00e1reas f\u00e1bricas, quadrados, parques, t\u00faneis e estradas comunit\u00e1rias como os principais objetos operacionais, e tamb\u00e9m podem ser aplicados aos aneis externos urbanos, Executar opera\u00e7\u00f5es de lavagem e limpeza de estradas nas rodovias e outras ocasi\u00f5es.<\/p>","protected":false},"featured_media":2343,"template":"","meta":[],"product_brand":[],"product_cat":[30],"product_tag":[],"class_list":{"0":"post-2342","1":"product","2":"type-product","3":"status-publish","4":"has-post-thumbnail","6":"product_cat-compact-street-sweepers","8":"first","9":"instock","10":"shipping-taxable","11":"product-type-simple"},"_links":{"self":[{"href":"https:\/\/www.haideclean.com\/pt\/wp-json\/wp\/v2\/product\/2342","targetHints":{"allow":["GET"]}}],"collection":[{"href":"https:\/\/www.haideclean.com\/pt\/wp-json\/wp\/v2\/product"}],"about":[{"href":"https:\/\/www.haideclean.com\/pt\/wp-json\/wp\/v2\/types\/product"}],"wp:featuredmedia":[{"embeddable":true,"href":"https:\/\/www.haideclean.com\/pt\/wp-json\/wp\/v2\/media\/2343"}],"wp:attachment":[{"href":"https:\/\/www.haideclean.com\/pt\/wp-json\/wp\/v2\/media?parent=2342"}],"wp:term":[{"taxonomy":"product_brand","embeddable":true,"href":"https:\/\/www.haideclean.com\/pt\/wp-json\/wp\/v2\/product_brand?post=2342"},{"taxonomy":"product_cat","embeddable":true,"href":"https:\/\/www.haideclean.com\/pt\/wp-json\/wp\/v2\/product_cat?post=2342"},{"taxonomy":"product_tag","embeddable":true,"href":"https:\/\/www.haideclean.com\/pt\/wp-json\/wp\/v2\/product_tag?post=2342"}],"curies":[{"name":"wp","href":"https:\/\/api.w.org\/{rel}","templated":true}]}}