{"id":2350,"date":"2026-01-07T16:16:15","date_gmt":"2026-01-07T08:16:15","guid":{"rendered":"https:\/\/www.haideclean.com\/?post_type=product&#038;p=2350"},"modified":"2026-03-19T11:59:36","modified_gmt":"2026-03-19T03:59:36","slug":"chr21sev-full-electric-street-sweeper","status":"publish","type":"product","link":"https:\/\/www.haideclean.com\/pt\/produto\/chr21sev-full-electric-street-sweeper\/","title":{"rendered":"Varredora de estradas totalmente el\u00e9trica CHR21SEV"},"content":{"rendered":"<p>1.O t\u00e1xi de limpeza est\u00e1 equipado com um reprodutor de CD, monitor LCD de cor e ar condicionado para criar um ambiente de condu\u00e7\u00e3o confort\u00e1vel para o condutor.<\/p>\n<p>2.The power system adopts a lithium battery pack and BMS management control to ensure the stability of work.<\/p>\n<p>3.The walking system components adopt worldwide famous brand to ensure the safety and stability of driving.<\/p>\n<p>4.Estrutura articulada, opera\u00e7\u00e3o flex\u00edvel com raio curto de giro, f\u00e1cil de alcan\u00e7ar espa\u00e7os estreitos e cantos.<\/p>\n<p>5.O freio de centro de quatro rodas e o freio motor reverso podem perceber o freio de emerg\u00eancia do ve\u00edculo durante o normal.<\/p>\n<p>6. Conduzir; A roda traseira tem o freio de coloca\u00e7\u00e3o, que pode perceber o freio de estacionamento, assegurando a seguran\u00e7a da condu\u00e7\u00e3o e estacionamento.<\/p>\n<p>7.A escova \u00e9 montada na frente do t\u00e1xi e o porto de suc\u00e7\u00e3o \u00e9 colocado debaixo do t\u00e1xi. Essa disposi\u00e7\u00e3o permite ao condutor ver o funcionamento do dispositivo de limpeza claramente atrav\u00e9s do pare-brisas da frente.<\/p>\n<p>8.Capacidade de suc\u00e7\u00e3o forte:Suc\u00e7\u00e3o de v\u00e1cuo impulsionada por<\/p>\n<p>motores de alta velocidade, sem pincel.<\/p>\n<p>9.Dois modos de filtra\u00e7\u00e3o: filtra\u00e7\u00e3o h\u00famida e filtra\u00e7\u00e3o seca. Os dois modos de filtra\u00e7\u00e3o podem ser convertidos por um bot\u00e3o.<\/p>\n<p>10.Uma estrutura de dumping de alto n\u00edvel que torna o lixo mais limpo e r\u00e1pido. o projeto anti-vento para evitar a polvere de lan\u00e7amento. - dois modos de opera\u00e7\u00e3o: bot\u00e3o de controle do ve\u00edculo e controle remoto sem fio, o que \u00e9 conveniente para o pessoal operar dentro de 20 metros.<\/p>\n<p>11.Unidade de controle el\u00e9trica de ve\u00edculos VECU com grande capacidade de processamento de informa\u00e7\u00e3o de \u00f4nibus CAN. Tem caracter\u00edsticas de boa prova de terremoto, alto n\u00edvel de prote\u00e7\u00e3o, resist\u00eancia a grande diferen\u00e7a de temperatura, resist\u00eancia \u00e0 flutua\u00e7\u00e3o de tens\u00e3o e c\u00e1lculo de controle complexo. Tamb\u00e9m suporta o controle remoto dos dados do ve\u00edculo e o diagn\u00f3stico remoto.<\/p>\n<p>O sistema de gest\u00e3o da bateria 12.BMS\/SOC pode gerir a carga e descarga das baterias e proteger as baterias quebradas individuais. Pode prevenir danos causados pela bateria por sobrecarga e descarga, assegurar seguran\u00e7a e eliminar explos\u00e3o e fogo.<\/p>\n<p>13.Cargado pela tens\u00e3o AC 220V, leva 4-5 horas com corrente de carga 80A, cortado automaticamente ap\u00f3s carga completa.<\/p>\n<p>14.As pais retir\u00e1veis de m\u00e3o ampliadas para p\u00f3 em \u00e1reas como cintos verdes s\u00e3o opcionais, juntamente com uma ferramenta auxiliar para limpar os res\u00edduos nos tubos de suc\u00e7\u00e3o. A bomba de \u00e1gua para lavar ve\u00edculos tamb\u00e9m \u00e9 opcional. A pistola de pulveriza\u00e7\u00e3o de alta press\u00e3o pode ser transportada com o ve\u00edculo, para que o ve\u00edculo possa ser limpo ap\u00f3s seu funcionamento.<\/p>\n<p>15.Apagadores port\u00e1tiis de inc\u00eandio est\u00e3o dispon\u00edveis no t\u00e1xi para situa\u00e7\u00f5es de emerg\u00eancia. Equipado com uma bomba de emerg\u00eancia para levantar a lata de res\u00edduos para solu\u00e7\u00e3o de problemas em caso de falha do sistema el\u00e9trico e hidr\u00e1ulico.<\/p>","protected":false},"excerpt":{"rendered":"<p>O CHR21SEV Full Electric Sweeper, desenvolvido por Shandong Howe Technologies[UNK]Co. , Ltd., \u00e9 um lavador el\u00e9trico completo com v\u00e1cuo compacto e articulado. Esse pulverizador el\u00e9trico emprega um modo de opera\u00e7\u00e3o de \"limpeza e vazio combinado\" com capacidades de \"circula\u00e7\u00e3o de \u00e1guas residuais\" e \"auto-dumping em alta posi\u00e7\u00e3o\", apresentando um design estrutural que atende a padr\u00f5es especializados avan\u00e7ados tanto internacionalmente como internacionalmente.<\/p>","protected":false},"featured_media":2351,"template":"","meta":[],"product_brand":[],"product_cat":[30],"product_tag":[],"class_list":{"0":"post-2350","1":"product","2":"type-product","3":"status-publish","4":"has-post-thumbnail","6":"product_cat-compact-street-sweepers","8":"first","9":"instock","10":"shipping-taxable","11":"product-type-simple"},"_links":{"self":[{"href":"https:\/\/www.haideclean.com\/pt\/wp-json\/wp\/v2\/product\/2350","targetHints":{"allow":["GET"]}}],"collection":[{"href":"https:\/\/www.haideclean.com\/pt\/wp-json\/wp\/v2\/product"}],"about":[{"href":"https:\/\/www.haideclean.com\/pt\/wp-json\/wp\/v2\/types\/product"}],"wp:featuredmedia":[{"embeddable":true,"href":"https:\/\/www.haideclean.com\/pt\/wp-json\/wp\/v2\/media\/2351"}],"wp:attachment":[{"href":"https:\/\/www.haideclean.com\/pt\/wp-json\/wp\/v2\/media?parent=2350"}],"wp:term":[{"taxonomy":"product_brand","embeddable":true,"href":"https:\/\/www.haideclean.com\/pt\/wp-json\/wp\/v2\/product_brand?post=2350"},{"taxonomy":"product_cat","embeddable":true,"href":"https:\/\/www.haideclean.com\/pt\/wp-json\/wp\/v2\/product_cat?post=2350"},{"taxonomy":"product_tag","embeddable":true,"href":"https:\/\/www.haideclean.com\/pt\/wp-json\/wp\/v2\/product_tag?post=2350"}],"curies":[{"name":"wp","href":"https:\/\/api.w.org\/{rel}","templated":true}]}}