{"id":2359,"date":"2026-01-07T16:18:43","date_gmt":"2026-01-07T08:18:43","guid":{"rendered":"https:\/\/www.haideclean.com\/?post_type=product&#038;p=2359"},"modified":"2026-03-19T11:56:45","modified_gmt":"2026-03-19T03:56:45","slug":"chr30mev-full-electric-multi-functional-street-sweeper","status":"publish","type":"product","link":"https:\/\/www.haideclean.com\/pt\/produto\/chr30mev-full-electric-multi-functional-street-sweeper\/","title":{"rendered":"Varredor de estradas multifuncional totalmente el\u00e9trico CHR30MEV"},"content":{"rendered":"<p><strong>Caracter\u00edsticas de Performance de CHR30MEV Full Electric Multi-function Sweepers<\/strong><\/p>\n<ol>\n<li><strong>ArticuladaSteering\u00a0<\/strong><\/li>\n<\/ol>\n<p>Um pequeno raio de giro. O raio m\u00ednimo de viragem \u00e9 de apenas 2,05m, tornando f\u00e1cil girar em estradas estreitas e alcan\u00e7ar uma limpeza circunferencial de 360\u00b0. Tamb\u00e9m pode limpar as \u00e1reas do canto da estrada;<\/p>\n<ol start=\"2\">\n<li><strong>Cabinete Panor\u00e1mico de vidro<\/strong><\/li>\n<\/ol>\n<p>O bumper da frente e ambos os lados da traseira do motorista. a s cabinas est\u00e3o equipadas com estruturas de vidro panor\u00e1mico, fornecendo uma ampla gama de vis\u00e3o para o trabalho sem pontos cegos, o que \u00e9 mais favor\u00e1vel para garantir qualidade do trabalho; O vidro no motorista a cabana \u00e9 coberta de um filme solar, que pode efetivamente isolar do calor no ver\u00e3o quente e impedir que o vidro explode quando atingido por objetos duros, assegurando a seguran\u00e7a do condutor.<\/p>\n<ol start=\"3\">\n<li><strong>Conduzir conforto<\/strong><\/li>\n<\/ol>\n<p>O motorista a cabana est\u00e1 equipada com fun\u00e7\u00f5es como ar condicionado e carregamento de telefone. Tamb\u00e9m pode ser equipado com dispositivos multim\u00eddia mais poderosos, como r\u00e1dio sem fio, jogador MP3, etc.; Equipado com assentos de suspens\u00e3o mec\u00e2nica de marca not\u00e1vel no pa\u00eds como padr\u00e3o, o conforto de absor\u00e7\u00e3o de choque pode ser ajustado com base no condutor&#8217; s altura e peso, solucionando eficazmente o problema do mal conforto de condu\u00e7\u00e3o de suspens\u00e3o r\u00edgida, compactos de limpeza de estradas. Os lugares tamb\u00e9m podem ser equipados com lugares alem\u00e3es GRAMMER para melhor desempenho de absor\u00e7\u00e3o de choque.<\/p>\n<ol start=\"4\">\n<li><b><\/b><strong><b>Eficiente <\/b><b>C<\/b><b>controle <\/b><b>S<\/b><b>sistema<\/b><\/strong><\/li>\n<\/ol>\n<p>O sistema de controle adota uma unidade de controle completo de ve\u00edculos el\u00e9tricos (VECU), que tem uma forte capacidade de processamento de informa\u00e7\u00e3o de \u00f4nibus CAN. Tem caracter\u00edsticas de boa resist\u00eancia s\u00edsmica, alto n\u00edvel de prote\u00e7\u00e3o, resist\u00eancia a grande diferen\u00e7a de temperatura, resist\u00eancia \u00e0 flutua\u00e7\u00e3o de tens\u00e3o e pode realizar c\u00e1lculo de controle complexo. Tamb\u00e9m apoia o uso de terminales de ve\u00edculos para tudo para realizar monitoramento remoto e diagn\u00f3stico de dados de ve\u00edculos.<\/p>\n<ol start=\"5\">\n<li><b><\/b><strong><b>Zero <\/b><b>E<\/b><b>miss\u00f5es<\/b><\/strong><\/li>\n<\/ol>\n<p>O sistema de energia de todo o ve\u00edculo adota uma bateria de f\u00f3sforo de ferro de l\u00edtio, segura e confi\u00e1vel. O controle de gest\u00e3o do BMS assegura a estabilidade e seguran\u00e7a da opera\u00e7\u00e3o e carga do ve\u00edculo. O sistema de caminhada tem uma fun\u00e7\u00e3o de feedback de energia el\u00e9trica para invertir a carga da bateria quando o ve\u00edculo desce e se decelera. Com a plataforma \u00fanica Vehicle-to-everything, ela pode efetivamente monitorar a seguran\u00e7a energ\u00e9tica do ve\u00edculo inteiro e encontrar falhas no tempo.<\/p>\n<ol start=\"6\">\n<li><b><\/b><strong><b>Fi\u00e1vel <\/b><b>P<\/b><b>Performance<\/b><\/strong><\/li>\n<\/ol>\n<p>Os principais componentes como motores motores, controladores, etc. s\u00e3o todos produtos de primeira linha produzidos no mercado interno, e acess\u00f3rios hidr\u00e1ulicos s\u00e3o importados, com excelente desempenho e funcionamento confi\u00e1vel.<\/p>\n<ol start=\"7\">\n<li><b><\/b><strong><b>Dur\u00e1vel <\/b><b>M<\/b><b>aterial <\/b><b>S<\/b><b>elei\u00e7\u00e3o<\/b><\/strong><\/li>\n<\/ol>\n<p>Os componentes estruturais, como o corpo do saltador de lixo, o nozzle de suc\u00e7\u00e3o e o cilindro de suc\u00e7\u00e3o, s\u00e3o feitos de material de a\u00e7o inoxid\u00e1vel; O tanque de \u00e1gua limpa e v\u00e1rias opera\u00e7\u00f5es, cobrindo partes, etc. s\u00e3o moldados usando um processo de moldagem rotacional ou v\u00e1cuo no seu conjunto. Peso ligeiro, forte e linda apar\u00eancia.<\/p>\n<ol start=\"8\">\n<li><b><\/b><strong><b>Todos<\/b><b>-tempo O<\/b><b>opera\u00e7\u00e3o<\/b><\/strong><\/li>\n<\/ol>\n<p>O sistema de duas filtra\u00e7\u00f5es internacionalmente pioneiro tem dois modos de sweeping: molhado e seco, com duas configura\u00e7\u00f5es correspondentes a diferentes ambientes no sul e no norte. O sistema de limpeza h\u00famida \u00e9 adequado para ambientes no sul que n\u00e3o congelam todo o ano, aumentando o efeito de redu\u00e7\u00e3o de p\u00f3 das opera\u00e7\u00f5es de limpeza, e utilizando \u00e1gua circulante m\u00faltiplas vezes, economizando recursos h\u00eddricos e aumentando o raio de funcionamento dos ve\u00edculos; O sistema de limpeza seca \u00e9 adequado para as regi\u00f5es norte que congelam no inverno, e utiliza tecnologia circulante para alcan\u00e7ar limpeza anidra. Ao selecionar duas configura\u00e7\u00f5es razoavelmente diferentes, \u00e9 poss\u00edvel alcan\u00e7ar toda temporada e todas as opera\u00e7\u00f5es meteorol\u00f3gicas.<\/p>\n<ol start=\"9\">\n<li><b><\/b><strong><b>Alto <\/b><b>L<\/b><b>evel <\/b><b>D<\/b><b>iscarga<\/b><\/strong><\/li>\n<\/ol>\n<p>O m\u00e9todo de descarga do bot\u00e3o de lixo deste lavador de estradas \u00e9 o auto-descarga de alto n\u00edvel, tornando o lixo mais limpo e mais r\u00e1pido. Suporta dois tipos de opera\u00e7\u00f5es de descarga de lixo: jogo corporal e controle remoto sem fio, tornando conveniente para o pessoal operar dentro de uma dist\u00e2ncia de 20M.<\/p>\n<ol start=\"10\">\n<li><b><\/b><strong><b>Baixo <\/b><b>W<\/b><b>trabalho <\/b><b>N<\/b><b>oise<\/b><\/strong><\/li>\n<\/ol>\n<p>O n\u00edvel m\u00e1ximo de ru\u00eddo durante a opera\u00e7\u00e3o de limpeza seca \u00e9 apenas 68dBA, enquanto o n\u00edvel m\u00e1ximo de ru\u00eddo durante a limpeza h\u00famida \u00e9 apenas 72dBA, o que \u00e9 muito menor do que os requisitos padr\u00e3o da ind\u00fastria. O n\u00edvel de ru\u00eddo est\u00e1 liderando toda a ind\u00fastria.<\/p>\n<ol start=\"11\">\n<li><b><\/b><strong><b>Eficiente <\/b><b>Sweep<\/b><b>e<\/b><\/strong><\/li>\n<\/ol>\n<p>A fun\u00e7\u00e3o de limpeza e suc\u00e7\u00e3o da estrada \u00e9 forte, e a opera\u00e7\u00e3o de limpeza pode livremente ajustar a velocidade do pincel e a velocidade do ventilador de acordo com a situa\u00e7\u00e3o do lixo da estrada para economizar eletricidade. Uma tarifa pode durar mais de 8 horas de opera\u00e7\u00e3o e alcan\u00e7ar desempenho liderante da ind\u00fastria.<\/p>\n<p><strong><b>12.Quick <\/b><b>C<\/b><b>pendurar <\/b><b>M<\/b><b>echanismo<\/b><\/strong><\/p>\n<p>Existem tr\u00eas tipos de equipamento multifuncional de remo\u00e7\u00e3o de neve para escuadores de estradas: palas de neve, escova de rolos de neve e soprador de neve. Eles podem rapidamente substituir o melhor equipamento de remo\u00e7\u00e3o de neve de acordo com as necessidades operacionais de diferentes condi\u00e7\u00f5es de trabalho.<\/p>\n<p>A pala de neve<\/p>\n<p><img decoding=\"async\" class=\"wp-image-2534 alignleft\" src=\"https:\/\/www.haideclean.com\/wp-content\/uploads\/2026\/01\/CHR30MEV-FULL-ELECTRIC-STREET-SWEEPER-5-300x252.png\" alt=\"\" width=\"227\" height=\"191\" srcset=\"https:\/\/www.haideclean.com\/wp-content\/uploads\/2026\/01\/CHR30MEV-FULL-ELECTRIC-STREET-SWEEPER-5-300x252.png 300w, https:\/\/www.haideclean.com\/wp-content\/uploads\/2026\/01\/CHR30MEV-FULL-ELECTRIC-STREET-SWEEPER-5.png 427w\" sizes=\"(max-width: 227px) 100vw, 227px\" \/><\/p>\n<p>&nbsp;<\/p>\n<p>&nbsp;<\/p>\n<p>&nbsp;<\/p>\n<p>&nbsp;<\/p>\n<p>&nbsp;<\/p>\n<p>&nbsp;<\/p>\n<table style=\"border-collapse: collapse; width: 62.4687%; height: 139px;\" border=\"0\" width=\"835\" cellspacing=\"0\" cellpadding=\"0\">\n<tbody>\n<tr style=\"height: 13.50pt;\">\n<td class=\"et2\" style=\"width: 36.7925%; height: 13px;\" width=\"248\">Projeto<\/td>\n<td class=\"et2\" style=\"width: 62.9717%; height: 13px;\" width=\"425\">Par\u00e2metro<\/td>\n<\/tr>\n<tr style=\"height: 13.50pt;\">\n<td class=\"et4\" style=\"width: 36.7925%; height: 48px;\" rowspan=\"2\" width=\"248\">Largura de neve empurrando<\/td>\n<td class=\"et4\" style=\"width: 62.9717%; height: 24px;\" width=\"425\">30MEV\/50MEV<\/td>\n<\/tr>\n<tr style=\"height: 13.50pt;\">\n<td class=\"et4\" style=\"width: 62.9717%; height: 24px;\" width=\"425\">1500\u339c\/1800mm<\/td>\n<\/tr>\n<tr style=\"height: 13.50pt;\">\n<td class=\"et4\" style=\"width: 36.7925%; height: 13px;\" width=\"248\">Espessura de neve empurrando<\/td>\n<td class=\"et4\" style=\"width: 62.9717%; height: 13px;\" width=\"425\">50-200\u339c<\/td>\n<\/tr>\n<tr style=\"height: 16.00pt;\">\n<td class=\"et4\" style=\"width: 36.7925%; height: 16px;\" width=\"248\">Escen\u00e1rio de aplica\u00e7\u00f5es<\/td>\n<td class=\"et4\" style=\"width: 62.9717%; height: 16px;\" width=\"425\">Superf\u00edcie de estrada pavada, sem protru\u00e7\u00f5es ou res\u00edduos, superf\u00edcie de estrada relativamente plana<\/td>\n<\/tr>\n<tr style=\"height: 13.50pt;\">\n<td class=\"et4\" style=\"width: 36.7925%; height: 13px;\" width=\"248\">\u00c1ngulo girante de neve empurrando a pala<\/td>\n<td class=\"et4\" style=\"width: 62.9717%; height: 13px;\" width=\"425\">\u00b120\u00b0<\/td>\n<\/tr>\n<tr style=\"height: 18.00pt;\">\n<td class=\"et4\" style=\"width: 36.7925%; height: 18px;\" width=\"248\">As vantagens da pala de neve<\/td>\n<td class=\"et4\" style=\"width: 62.9717%; height: 18px;\" width=\"425\">Simples, pr\u00e1ticas, confi\u00e1veis e capazes de rapidamente limpar estradas na neve<\/td>\n<\/tr>\n<tr style=\"height: 18.00pt;\">\n<td class=\"et4\" style=\"width: 36.7925%; height: 18px;\" width=\"248\">Partes vulner\u00e1veis<\/td>\n<td class=\"et4\" style=\"width: 62.9717%; height: 18px;\" width=\"425\">Folha de pala de neve<\/td>\n<\/tr>\n<\/tbody>\n<\/table>\n<p>&nbsp;<\/p>\n<p>&nbsp;<\/p>\n<p>II[UNK]Pincel de rolos de neve<\/p>\n<p><img fetchpriority=\"high\" decoding=\"async\" class=\"alignnone size-medium wp-image-2533\" src=\"https:\/\/www.haideclean.com\/wp-content\/uploads\/2026\/01\/CHR30MEV-FULL-ELECTRIC-STREET-SWEEPER-4-300x182.png\" alt=\"\" width=\"300\" height=\"182\" srcset=\"https:\/\/www.haideclean.com\/wp-content\/uploads\/2026\/01\/CHR30MEV-FULL-ELECTRIC-STREET-SWEEPER-4-300x182.png 300w, https:\/\/www.haideclean.com\/wp-content\/uploads\/2026\/01\/CHR30MEV-FULL-ELECTRIC-STREET-SWEEPER-4.png 561w\" sizes=\"(max-width: 300px) 100vw, 300px\" \/><\/p>\n<table style=\"border-collapse: collapse; width: 61.9246%;\" border=\"0\" width=\"835\" cellspacing=\"0\" cellpadding=\"0\">\n<tbody>\n<tr style=\"height: 13.50pt;\">\n<td class=\"et2\" style=\"width: 308px;\" width=\"248\">Projeto<\/td>\n<td class=\"et2\" style=\"width: 526px;\" width=\"425\">Par\u00e2metro<\/td>\n<\/tr>\n<tr style=\"height: 13.50pt;\">\n<td class=\"et4\" style=\"width: 308px;\" width=\"248\">Largura do pincel<\/td>\n<td class=\"et4\" style=\"width: 526px;\" width=\"425\">1480\u339c<\/td>\n<\/tr>\n<tr style=\"height: 13.50pt;\">\n<td class=\"et4\" style=\"width: 308px;\" width=\"248\">Di\u00e2metro do pincel<\/td>\n<td class=\"et4\" style=\"width: 526px;\" width=\"425\">470\u339c<\/td>\n<\/tr>\n<tr style=\"height: 33.00pt;\">\n<td class=\"et4\" style=\"width: 308px;\" width=\"248\">Escen\u00e1rio de aplica\u00e7\u00f5es<\/td>\n<td class=\"et4\" style=\"width: 526px;\" width=\"425\">Neve seca, neve molhada, neve molhada, neve azul<\/td>\n<\/tr>\n<tr style=\"height: 13.50pt;\">\n<td class=\"et4\" style=\"width: 308px;\" width=\"248\">Espessura de neve rolante<\/td>\n<td class=\"et4\" style=\"width: 526px;\" width=\"425\">1-100\u339c<\/td>\n<\/tr>\n<tr style=\"height: 33.00pt;\">\n<td class=\"et4\" style=\"width: 308px;\" width=\"248\">\u00c1ngulo girante de neve empurrando a pala<\/td>\n<td class=\"et4\" style=\"width: 526px;\" width=\"425\">\u00b120\u00b0<\/td>\n<\/tr>\n<tr style=\"height: 13.50pt;\">\n<td class=\"et4\" style=\"width: 308px;\" width=\"248\">Material de pincel<\/td>\n<td class=\"et4\" style=\"width: 526px;\" width=\"425\">Todos os bristles de nylon<\/td>\n<\/tr>\n<tr style=\"height: 35.00pt;\">\n<td class=\"et4\" style=\"width: 308px;\" width=\"248\">Escen\u00e1rio de aplica\u00e7\u00f5es<\/td>\n<td class=\"et4\" style=\"width: 526px;\" width=\"425\">Limpar a acumula\u00e7\u00e3o de neve em lacunas entre caminhos de tijolos e pedras, pedras de cobblestones, estradas pavimentadas, etc.<\/td>\n<\/tr>\n<tr style=\"height: 24.00pt;\">\n<td class=\"et4\" style=\"width: 308px;\" width=\"248\">Partes vulner\u00e1veis<\/td>\n<td class=\"et4\" style=\"width: 526px;\" width=\"425\">Pinzelhas roladoras<\/td>\n<\/tr>\n<\/tbody>\n<\/table>\n<p>&nbsp;<\/p>\n<p>III[UNK]Altura de neve<\/p>\n<p><img decoding=\"async\" class=\"alignnone size-medium wp-image-2532\" src=\"https:\/\/www.haideclean.com\/wp-content\/uploads\/2026\/01\/CHR30MEV-FULL-ELECTRIC-STREET-SWEEPER-3-225x300.png\" alt=\"\" width=\"225\" height=\"300\" srcset=\"https:\/\/www.haideclean.com\/wp-content\/uploads\/2026\/01\/CHR30MEV-FULL-ELECTRIC-STREET-SWEEPER-3-225x300.png 225w, https:\/\/www.haideclean.com\/wp-content\/uploads\/2026\/01\/CHR30MEV-FULL-ELECTRIC-STREET-SWEEPER-3.png 357w\" sizes=\"(max-width: 225px) 100vw, 225px\" \/><\/p>\n<table style=\"border-collapse: collapse; width: 61.9246%;\" border=\"0\" width=\"835\" cellspacing=\"0\" cellpadding=\"0\">\n<tbody>\n<tr style=\"height: 13.50pt;\">\n<td class=\"et2\" style=\"width: 99.881%;\" width=\"425\">Par\u00e2metro<\/td>\n<\/tr>\n<tr style=\"height: 13.50pt;\">\n<td class=\"et5\" style=\"width: 99.881%;\" width=\"425\">30MEV\/50MEV<\/td>\n<\/tr>\n<tr style=\"height: 13.50pt;\">\n<td class=\"et5\" style=\"width: 99.881%;\" width=\"425\">1250\u339c\/1530\u339c<\/td>\n<\/tr>\n<tr style=\"height: 13.50pt;\">\n<td class=\"et5\" style=\"width: 99.881%;\" width=\"425\">-15\u00b0[UNK]35\u00b0<\/td>\n<\/tr>\n<tr style=\"height: 65.00pt;\">\n<td class=\"et5\" style=\"width: 99.881%;\" width=\"425\">Acumula\u00e7\u00e3o de neve que n\u00e3o pode ser limpa por palas de neve e escova de rolos de neve<\/p>\n<p>Palhas de neve e escova de rolos de neve s\u00e3o usadas para remover neve do lado da estrada<\/td>\n<\/tr>\n<tr style=\"height: 13.50pt;\">\n<td class=\"et5\" style=\"width: 99.881%;\" width=\"425\">200-450\u339c<\/td>\n<\/tr>\n<tr style=\"height: 33.00pt;\">\n<td class=\"et5\" style=\"width: 99.881%;\" width=\"425\">\u00b190\u00b0<\/td>\n<\/tr>\n<tr style=\"height: 54.00pt;\">\n<td class=\"et5\" style=\"width: 99.881%;\" width=\"425\">A neve pode ser jogada em ambos os lados da estrada, e tamb\u00e9m pode ser transportada com um garfo ou um pequeno tricicleta<\/td>\n<\/tr>\n<\/tbody>\n<\/table>\n<p><img loading=\"lazy\" decoding=\"async\" class=\"alignnone wp-image-2531\" src=\"https:\/\/www.haideclean.com\/wp-content\/uploads\/2026\/01\/CHR30MEV-FULL-ELECTRIC-STREET-SWEEPER-2-300x171.png\" alt=\"\" width=\"396\" height=\"225\" srcset=\"https:\/\/www.haideclean.com\/wp-content\/uploads\/2026\/01\/CHR30MEV-FULL-ELECTRIC-STREET-SWEEPER-2-300x171.png 300w, https:\/\/www.haideclean.com\/wp-content\/uploads\/2026\/01\/CHR30MEV-FULL-ELECTRIC-STREET-SWEEPER-2-1024x583.png 1024w, https:\/\/www.haideclean.com\/wp-content\/uploads\/2026\/01\/CHR30MEV-FULL-ELECTRIC-STREET-SWEEPER-2-768x438.png 768w, https:\/\/www.haideclean.com\/wp-content\/uploads\/2026\/01\/CHR30MEV-FULL-ELECTRIC-STREET-SWEEPER-2-600x342.png 600w, https:\/\/www.haideclean.com\/wp-content\/uploads\/2026\/01\/CHR30MEV-FULL-ELECTRIC-STREET-SWEEPER-2.png 1262w\" sizes=\"(max-width: 396px) 100vw, 396px\" \/><img loading=\"lazy\" decoding=\"async\" class=\"alignnone size-medium wp-image-2535\" src=\"https:\/\/www.haideclean.com\/wp-content\/uploads\/2026\/01\/CHR30MEV-FULL-ELECTRIC-STREET-SWEEPER-300x225.png\" alt=\"\" width=\"300\" height=\"225\" srcset=\"https:\/\/www.haideclean.com\/wp-content\/uploads\/2026\/01\/CHR30MEV-FULL-ELECTRIC-STREET-SWEEPER-300x225.png 300w, https:\/\/www.haideclean.com\/wp-content\/uploads\/2026\/01\/CHR30MEV-FULL-ELECTRIC-STREET-SWEEPER-1024x768.png 1024w, https:\/\/www.haideclean.com\/wp-content\/uploads\/2026\/01\/CHR30MEV-FULL-ELECTRIC-STREET-SWEEPER-768x576.png 768w, https:\/\/www.haideclean.com\/wp-content\/uploads\/2026\/01\/CHR30MEV-FULL-ELECTRIC-STREET-SWEEPER-600x450.png 600w, https:\/\/www.haideclean.com\/wp-content\/uploads\/2026\/01\/CHR30MEV-FULL-ELECTRIC-STREET-SWEEPER.png 1269w\" sizes=\"(max-width: 300px) 100vw, 300px\" \/><\/p>","protected":false},"excerpt":{"rendered":"<p>O CHR30MEV completa limpeza el\u00e9trica multifuncional da estrada \u00e9 um limpeza especial articulada, limpeza multifuncional e aspira\u00e7\u00e3o tipo compacto da estrada.<\/p>","protected":false},"featured_media":2362,"template":"","meta":[],"product_brand":[],"product_cat":[30],"product_tag":[],"class_list":{"0":"post-2359","1":"product","2":"type-product","3":"status-publish","4":"has-post-thumbnail","6":"product_cat-compact-street-sweepers","8":"first","9":"instock","10":"shipping-taxable","11":"product-type-simple"},"_links":{"self":[{"href":"https:\/\/www.haideclean.com\/pt\/wp-json\/wp\/v2\/product\/2359","targetHints":{"allow":["GET"]}}],"collection":[{"href":"https:\/\/www.haideclean.com\/pt\/wp-json\/wp\/v2\/product"}],"about":[{"href":"https:\/\/www.haideclean.com\/pt\/wp-json\/wp\/v2\/types\/product"}],"wp:featuredmedia":[{"embeddable":true,"href":"https:\/\/www.haideclean.com\/pt\/wp-json\/wp\/v2\/media\/2362"}],"wp:attachment":[{"href":"https:\/\/www.haideclean.com\/pt\/wp-json\/wp\/v2\/media?parent=2359"}],"wp:term":[{"taxonomy":"product_brand","embeddable":true,"href":"https:\/\/www.haideclean.com\/pt\/wp-json\/wp\/v2\/product_brand?post=2359"},{"taxonomy":"product_cat","embeddable":true,"href":"https:\/\/www.haideclean.com\/pt\/wp-json\/wp\/v2\/product_cat?post=2359"},{"taxonomy":"product_tag","embeddable":true,"href":"https:\/\/www.haideclean.com\/pt\/wp-json\/wp\/v2\/product_tag?post=2359"}],"curies":[{"name":"wp","href":"https:\/\/api.w.org\/{rel}","templated":true}]}}