{"id":2376,"date":"2026-01-07T16:23:22","date_gmt":"2026-01-07T08:23:22","guid":{"rendered":"https:\/\/www.haideclean.com\/?post_type=product&#038;p=2376"},"modified":"2026-03-18T11:47:06","modified_gmt":"2026-03-18T03:47:06","slug":"chd5070zzzqle6-self-loading-and-unloading-garbage-truck","status":"publish","type":"product","link":"https:\/\/www.haideclean.com\/pt\/produto\/chd5070zzzqle6-self-loading-and-unloading-garbage-truck\/","title":{"rendered":"CHD5070ZZZQLE6 Carga autom\u00e1tica e descarga de cami\u00e3o de lixo"},"content":{"rendered":"<p><strong>Caracter\u00edsticas<\/strong><\/p>\n<p>Container: o corpo \u00e9 feito de a \u00e7o de carbono de alta qualidade (pode ser selecionado a\u00e7o inoxid\u00e1vel de alta qualidade), a entrada \u00e9 selada com um tamp\u00e3o de selagem, e a abertura e fechamento \u00e9 controlado por um cilindro hidr\u00e1ulico.<\/p>\n<p>Porta traseira: aberta e fechada por dois cilindros, fechada pela porta traseira por dois cilindros, a porta traseira \u00e9 selada por l\u00e2mina de selagem especial patentada, com controle eletromec\u00e2nico-hidr\u00e1ulico de integra\u00e7\u00e3o, sem vazamento durante uso e viagem de ve\u00edculos.<\/p>\n<p>Mecanismo de carga de lixo: 120L, 240L caixas de lixo padr\u00e3o podem ser levantadas, com mecanismo de bloqueio autom\u00e1tico de seguran\u00e7a, o lixo no barril n\u00e3o ir\u00e1 sobrevolar ou ser deixado para tr\u00e1s durante o processo de carga.<\/p>\n<p>O sistema de levantamento e o sistema de abertura e fechamento do tamp\u00e3o adotam a fun\u00e7\u00e3o de liga\u00e7\u00e3o: quando o mecanismo de levantamento e carga se eleva, o tamp\u00e3o se abre, e quando o mecanismo de levantamento e carga cai, o tamp\u00e3o se fecha. - Evitar completamente o perigo oculto de jogo de lixo fora do compartimento causado pelo quadro de levantamento e a cobertura superior n\u00e3o liga\u00e7\u00e3o.<\/p>\n<p>Dispositivo de compress \u00e3o: O recipiente est\u00e1 equipado com um dispositivo de compress\u00e3o de lixo, que pode moderadamente comprimir o lixo carregado, melhorar a taxa de utiliza\u00e7\u00e3o do volume do lixo, e tamb\u00e9m resolver o problema de que o lixo \u00e9 f\u00e1cil de montar no porto de descarga, resultando no problema de baixa capacidade de carga de lixo.<\/p>\n<p>A placa de empurragem tamb\u00e9m tem a fun\u00e7\u00e3o de retorno autom\u00e1tico, s\u00f3 precisa operar a placa de empurragem para empurrar o interruptor, a placa de empurragem empurra para uma certa posi\u00e7\u00e3o, ser\u00e1 retorno auto-atr\u00e1s, reduzir a dificuldade de funcionamento, melhorar o conforto de funcionamento.<\/p>\n<p>Descarga: Quando o lixo no compartimento precisa ser descarregado, o interruptor pode ser manipulado para abrir a porta traseira, de modo que o compartimento possa ser levantado e o lixo pode ser descarregado na piscina de descarga do compartimento.<\/p>\n<p>Sistema operacional: A parte de controle de cada fun\u00e7\u00e3o do ve\u00edculo est\u00e1 concentrada no lado direito do ve\u00edculo. Cada fun\u00e7\u00e3o \u00e9 controlada pelo controle correspondente.<\/p>\n<p>As principais partes do sistema hidr\u00e1ulico adotam os produtos de marcas famosas.<\/p>\n<p>Ambos os lados da porta de tr\u00e1s t\u00eam dispositivos de prote\u00e7\u00e3o de seguran\u00e7a. Quando a porta \u00e9 aberta para funcionar, o quadro de seguran\u00e7a da porta de tr\u00e1s \u00e9 reduzido, o que evita acidentes de seguran\u00e7a causados pelo mal funcionamento do operador.<\/p>","protected":false},"excerpt":{"rendered":"<p>CHD5070ZZZZQLE6 autocarga e descarga de cami\u00e3o de lixo produzido pela Yantai Haide Special Vehicle Co., Ltd. \u00e9 um novo tipo de produto desenvolvido e projetado com base no chassis QL1073BUHACY produzido pela Qingling Motors Company Limited, e sua emiss\u00e3o atinge o padr\u00e3o Euro VI mais favor\u00e1vel \u00e0 protec\u00e7\u00e3o ambiental. \u00c9 uma grande capacidade, alta efici\u00eancia, sem vazamento, alto grau de automatiza\u00e7\u00e3o, equipamento de cole\u00e7\u00e3o e transporte de lixo vivo ecol\u00f3gico, amplamente utilizado na comunidade, hot\u00e9is, cantinas, lixo vivo, lixo de cozinha e outra cole\u00e7\u00e3o e transporte.<\/p>","protected":false},"featured_media":2405,"template":"","meta":[],"product_brand":[],"product_cat":[28],"product_tag":[],"class_list":{"0":"post-2376","1":"product","2":"type-product","3":"status-publish","4":"has-post-thumbnail","6":"product_cat-waste-collection-transport","8":"first","9":"instock","10":"shipping-taxable","11":"product-type-simple"},"_links":{"self":[{"href":"https:\/\/www.haideclean.com\/pt\/wp-json\/wp\/v2\/product\/2376","targetHints":{"allow":["GET"]}}],"collection":[{"href":"https:\/\/www.haideclean.com\/pt\/wp-json\/wp\/v2\/product"}],"about":[{"href":"https:\/\/www.haideclean.com\/pt\/wp-json\/wp\/v2\/types\/product"}],"wp:featuredmedia":[{"embeddable":true,"href":"https:\/\/www.haideclean.com\/pt\/wp-json\/wp\/v2\/media\/2405"}],"wp:attachment":[{"href":"https:\/\/www.haideclean.com\/pt\/wp-json\/wp\/v2\/media?parent=2376"}],"wp:term":[{"taxonomy":"product_brand","embeddable":true,"href":"https:\/\/www.haideclean.com\/pt\/wp-json\/wp\/v2\/product_brand?post=2376"},{"taxonomy":"product_cat","embeddable":true,"href":"https:\/\/www.haideclean.com\/pt\/wp-json\/wp\/v2\/product_cat?post=2376"},{"taxonomy":"product_tag","embeddable":true,"href":"https:\/\/www.haideclean.com\/pt\/wp-json\/wp\/v2\/product_tag?post=2376"}],"curies":[{"name":"wp","href":"https:\/\/api.w.org\/{rel}","templated":true}]}}