{"id":2386,"date":"2026-01-07T16:23:08","date_gmt":"2026-01-07T08:23:08","guid":{"rendered":"https:\/\/www.haideclean.com\/?post_type=product&#038;p=2386"},"modified":"2026-04-10T14:22:12","modified_gmt":"2026-04-10T06:22:12","slug":"chr31m-multi-functional-vacuum-street-sweeper","status":"publish","type":"product","link":"https:\/\/www.haideclean.com\/pt\/produto\/chr31m-multi-functional-vacuum-street-sweeper\/","title":{"rendered":"Varredor de estradas multifuncional a v\u00e1cuo CHR31M"},"content":{"rendered":"<p>1[UNK]Transmiss\u00e3o hidr\u00e1ulica completa, toda a\u00e7\u00e3o pode ser operada no t\u00e1xi.<\/p>\n<p>2[UNK]O t\u00e1xi \u00e9 feito principalmente de vidro, o campo de vis\u00e3o est\u00e1 aberto, tem ar condicionado, espa\u00e7o e confort\u00e1vel.<\/p>\n<p>3[UNK]O quadro \u00e9 constitu\u00eddo por duas partes, que est\u00e1 conectada por fio, o design \u00e9 adequado e a viragem de todo o ve\u00edculo \u00e9 muito flex\u00edvel.<\/p>\n<p>4[UNK]Mecanismo de giro hidr\u00e1ulico completo, mudan\u00e7a de velocidade sem passos.<\/p>\n<p>5[UNK]Modo de limpeza: as duas escovas est\u00e3o na frente do ve\u00edculo, o porto de suc\u00e7\u00e3o est\u00e1 no meio, de modo que as escovas podem limpar o lixo para o porto de suc\u00e7\u00e3o com sucesso.<\/p>\n<p>6[UNK]Modo de suc\u00e7\u00e3o: adota filtra\u00e7\u00e3o do ar esgotador circular, quando o ar do soprador \u00e9 filtrado por sistema de filtra\u00e7\u00e3o seca, ent\u00e3o retornar\u00e1 ao porto de suc\u00e7\u00e3o para uso inverso de sopra\u00e7\u00e3o, alta efici\u00eancia, prote\u00e7\u00e3o ambiental e baixa reestrutura\u00e7\u00e3o.<\/p>\n<p>7[UNK]O pulverizador est\u00e1 equipado com um tanque de \u00e1gua limpa de 170L, ligar o nozzle, que est\u00e1 no par\u00eantese de pincel, para reduzir polvere com \u00e1gua.[UNK]\u00c9 aberto para reduzir polvere quando pulverizado na \u00e1rea de trabalho especial e pulverizado polvere.<\/p>\n<p>8[UNK]O lixo coletado \u00e9 transportado para uma lata de lixo de 500L. A prateleira de levantamento, controlada por hidr\u00e1ulica, pode soltar a lata de lixo simplesmente e tranquilamente. A opera\u00e7\u00e3o \u00e9 conveniente.<\/p>","protected":false},"excerpt":{"rendered":"<p>CHR31M[UNK]Sweeperadota um motor \u00fanico e conduz por hidr\u00e1ulica completa, \u00e9 fabricado com tecnologia avan\u00e7ada[UNK] de famosa empresa.<\/p>","protected":false},"featured_media":2387,"template":"","meta":[],"product_brand":[],"product_cat":[30,29],"product_tag":[],"class_list":{"0":"post-2386","1":"product","2":"type-product","3":"status-publish","4":"has-post-thumbnail","6":"product_cat-compact-street-sweepers","7":"product_cat-winter-snow-removal-equipment","9":"first","10":"instock","11":"shipping-taxable","12":"product-type-simple"},"_links":{"self":[{"href":"https:\/\/www.haideclean.com\/pt\/wp-json\/wp\/v2\/product\/2386","targetHints":{"allow":["GET"]}}],"collection":[{"href":"https:\/\/www.haideclean.com\/pt\/wp-json\/wp\/v2\/product"}],"about":[{"href":"https:\/\/www.haideclean.com\/pt\/wp-json\/wp\/v2\/types\/product"}],"wp:featuredmedia":[{"embeddable":true,"href":"https:\/\/www.haideclean.com\/pt\/wp-json\/wp\/v2\/media\/2387"}],"wp:attachment":[{"href":"https:\/\/www.haideclean.com\/pt\/wp-json\/wp\/v2\/media?parent=2386"}],"wp:term":[{"taxonomy":"product_brand","embeddable":true,"href":"https:\/\/www.haideclean.com\/pt\/wp-json\/wp\/v2\/product_brand?post=2386"},{"taxonomy":"product_cat","embeddable":true,"href":"https:\/\/www.haideclean.com\/pt\/wp-json\/wp\/v2\/product_cat?post=2386"},{"taxonomy":"product_tag","embeddable":true,"href":"https:\/\/www.haideclean.com\/pt\/wp-json\/wp\/v2\/product_tag?post=2386"}],"curies":[{"name":"wp","href":"https:\/\/api.w.org\/{rel}","templated":true}]}}