{"id":2396,"date":"2026-01-07T16:24:51","date_gmt":"2026-01-07T08:24:51","guid":{"rendered":"https:\/\/www.haideclean.com\/?post_type=product&#038;p=2396"},"modified":"2026-03-19T11:53:47","modified_gmt":"2026-03-19T03:53:47","slug":"chr42m-diesel-street-sweeper","status":"publish","type":"product","link":"https:\/\/www.haideclean.com\/pt\/produto\/chr42m-diesel-street-sweeper\/","title":{"rendered":"Varredor de estradas a motor di\u00e9sel CHR42M"},"content":{"rendered":"<p><strong>Caracter\u00edsticas<\/strong><strong>:<\/strong><\/p>\n<p>1) Ela \u00e9 projetada com uma estrutura \u00fanica de pendura de duas dire\u00e7\u00f5es no meio, de modo que os quadros de frente e de tr\u00e1s possam swing em duas dire\u00e7\u00f5es de giro e dire\u00e7\u00e3o, e a opera\u00e7\u00e3o de dire\u00e7\u00e3o \u00e9 flex\u00edvel e o raio de giro \u00e9 pequeno.<\/p>\n<p>2\uff09A cabine possui estrutura de vidro panor\u00e2mico, proporcionando ampla visibilidade para a opera\u00e7\u00e3o.<\/p>\n<p>3) Ambiente de condu\u00e7\u00e3o confort\u00e1vel, equipado com r\u00e1dio, fun\u00e7\u00e3o de controle de cruzeiro, fun\u00e7\u00e3o eletr\u00f4nica de regula\u00e7\u00e3o de velocidade sem passos, o condutor pode conduzir o ve\u00edculo mais facilmente e convenientemente.<\/p>\n<p>4)Excelente sistema de controle el\u00e9trico:<\/p>\n<p>\u2606  Todo o ve\u00edculo \u00e9 digitalmente controlado por um controlador, caracterizado por boa resist\u00eancia s\u00edsmica e alto n\u00edvel de prote\u00e7\u00e3o.<\/p>\n<p>\u2606  Todas as a\u00e7\u00f5es de limpeza podem ser realizadas pressionando uma chave.<\/p>\n<p>\u2606 A velocidade de rota\u00e7\u00e3o das escovas pode ser regulada continuamente de acordo com as necessidades de opera\u00e7\u00e3o.<\/p>\n<p>\u2606  Est\u00e1 equipado com um monitor LCD de 7 polegadas, que pode observar o estado de trabalho do ve\u00edculo em qualquer momento e fornecer uma imagem inversa.<\/p>\n<p>5\uff09Sistema de deslocamento est\u00e1vel:<\/p>\n<p>\u2606  For\u00e7a de quatro rodas e for\u00e7a frontal de duas rodas podem ser trocadas para satisfazer os requisitos de condu\u00e7\u00e3o e escalada;<\/p>\n<p>\u2606 O exclusivo fun\u00e7\u00e3o antiderrapante permite que as rodas se libertem automaticamente em opera\u00e7\u00f5es de remo\u00e7\u00e3o de neve no inverno.<\/p>\n<p>Descarga de alta tens\u00e3o<\/p>\n<p>\u2606  O recipiente \u00e9 feito de a\u00e7o inoxid\u00e1vel de alta qualidade, que n\u00e3o \u00e9 apenas resistente \u00e0 corros\u00e3o, mas tamb\u00e9m de alta for\u00e7a.<\/p>\n<p>\u2606  Alto autodumping reduz a intensidade de trabalho do operador, tornando muito conveniente jogar lixo e limpar e manter toda a m\u00e1quina.<\/p>\n<p>7) Fun\u00e7\u00e3o de auto-limpeza<\/p>\n<p>\u2606  Est\u00e1 equipado com uma bomba de \u00e1gua de lavagem, que pode fornecer \u00e1gua limpa de alta press\u00e3o.<\/p>\n<p>8) Mangueira aspiradora manual: equipada com mangueira de extens\u00e3o retr\u00e1til manual, podendo ser usada para servi\u00e7os de remo\u00e7\u00e3o de poeira em \u00e1reas como **canteiros verdes urbanos**.<\/p>\n<p>9) Sistema de emerg\u00eancia<\/p>\n<p>\u2606 No interior da cabine est\u00e1 instalado um extintor port\u00e1til para fazer face a situa\u00e7\u00f5es de emerg\u00eancia.<\/p>\n<p>\u2606  A bomba de petr\u00f3leo de emerg\u00eancia est\u00e1 equipada para levantar a lata de lixo para resolver problemas quando o sistema hidr\u00e1ulico falha.<\/p>\n<p>\u2606  O interruptor de parada de emerg\u00eancia do motor est\u00e1 equipado no t\u00e1xi.<\/p>\n<p>\u2606  O interruptor mec\u00e2nico de parada de emerg\u00eancia de ve\u00edculos est\u00e1 equipado.<\/p>","protected":false},"excerpt":{"rendered":"<p>A varredora de estradas modelo CHR42M \u00e9 um ve\u00edculo varredor multifuncional, dotado de uma estrutura de chassi especial que permite a troca de diversos acess\u00f3rios funcionais. Este equipamento adota um avan\u00e7ado conceito de projeto de plataforma veicular modularizada e acess\u00f3rios funcionais modulares, possibilitando a r\u00e1pida troca de fun\u00e7\u00f5es sem o uso de ferramentas. O ve\u00edculo est\u00e1 equipado com um motor diesel Yanmar original importado, e todas as opera\u00e7\u00f5es s\u00e3o realizadas de forma coordenada por meio de estrutura mec\u00e2nica, sistema el\u00e9trico e sistema hidr\u00e1ulico.<\/p>","protected":false},"featured_media":2397,"template":"","meta":[],"product_brand":[],"product_cat":[30,29],"product_tag":[],"class_list":{"0":"post-2396","1":"product","2":"type-product","3":"status-publish","4":"has-post-thumbnail","6":"product_cat-compact-street-sweepers","7":"product_cat-winter-snow-removal-equipment","9":"first","10":"instock","11":"shipping-taxable","12":"product-type-simple"},"_links":{"self":[{"href":"https:\/\/www.haideclean.com\/pt\/wp-json\/wp\/v2\/product\/2396","targetHints":{"allow":["GET"]}}],"collection":[{"href":"https:\/\/www.haideclean.com\/pt\/wp-json\/wp\/v2\/product"}],"about":[{"href":"https:\/\/www.haideclean.com\/pt\/wp-json\/wp\/v2\/types\/product"}],"wp:featuredmedia":[{"embeddable":true,"href":"https:\/\/www.haideclean.com\/pt\/wp-json\/wp\/v2\/media\/2397"}],"wp:attachment":[{"href":"https:\/\/www.haideclean.com\/pt\/wp-json\/wp\/v2\/media?parent=2396"}],"wp:term":[{"taxonomy":"product_brand","embeddable":true,"href":"https:\/\/www.haideclean.com\/pt\/wp-json\/wp\/v2\/product_brand?post=2396"},{"taxonomy":"product_cat","embeddable":true,"href":"https:\/\/www.haideclean.com\/pt\/wp-json\/wp\/v2\/product_cat?post=2396"},{"taxonomy":"product_tag","embeddable":true,"href":"https:\/\/www.haideclean.com\/pt\/wp-json\/wp\/v2\/product_tag?post=2396"}],"curies":[{"name":"wp","href":"https:\/\/api.w.org\/{rel}","templated":true}]}}