{"id":2404,"date":"2026-01-07T16:30:07","date_gmt":"2026-01-07T08:30:07","guid":{"rendered":"https:\/\/www.haideclean.com\/?post_type=product&#038;p=2404"},"modified":"2026-03-18T11:36:27","modified_gmt":"2026-03-18T03:36:27","slug":"chr51m-multi-functional-road-sweeper","status":"publish","type":"product","link":"https:\/\/www.haideclean.com\/pt\/produto\/chr51m-multi-functional-road-sweeper\/","title":{"rendered":"CHR51M Multi-functional[UNK]RoadSweeper"},"content":{"rendered":"<h3><strong><b>Destaques do Produto<\/b><\/strong><\/h3>\n<ul>\n<li><strong>Uma m\u00e1quina com m\u00faltiplas fun\u00e7\u00f5es<\/strong><\/li>\n<\/ul>\n<p>Ao trocar os acess\u00f3rios funcionais dianteiros, \u00e9 poss\u00edvel obter fun\u00e7\u00f5es de limpeza, lavagem de piso, lavagem de alta press\u00e3o, empurramento de neve, varrimento de neve e remo\u00e7\u00e3o de neve.<\/p>\n<ul>\n<li><strong>Cabine de condu\u00e7\u00e3o confort\u00e1vel<\/strong><\/li>\n<\/ul>\n<p>A cabine de condu\u00e7\u00e3o possui um layout projetado com base em ergonomia, equipada com estrutura de vidro panor\u00e2mica, assento flutuante, pneus radiais, sistema multim\u00eddia, volante totalmente hidr\u00e1ulico, sistema de opera\u00e7\u00e3o com um toque, c\u00e2mera de r\u00e9, sistema de controle de cruzeiro e sistema de freio hidrost\u00e1tico, garantindo total seguran\u00e7a e conforto na dire\u00e7\u00e3o.<\/p>\n<ul>\n<li><strong>A capacidade \u00e9 grande.<\/strong><\/li>\n<\/ul>\n<p>O motor adota um motor diesel turbocargado de Qingling de 67kw com alta pot\u00eancia;<\/p>\n<p>Volume corporal 1,9 m \u00b3[UNK] grande capacidade;<\/p>\n<p>A quantidade de \u00e1gua circulante para redu\u00e7\u00e3o de poeira pode atingir 40L\/min, com uma grande quantidade de \u00e1gua de redu\u00e7\u00e3o de poeira;<\/p>\n<ul>\n<li><strong>Performa\u00e7\u00e3o confi\u00e1vel<\/strong><\/li>\n<\/ul>\n<p>Os principais componentes de toda a m\u00e1quina, como o motor, a bomba de deslocamento vari\u00e1vel, o motor a andar e o equipamento de dire\u00e7\u00e3o, s\u00e3o importados de marcas internacionais de primeiro n\u00edvel, com desempenho superior e qualidade confi\u00e1vel.<\/p>\n<ul>\n<li><strong>Opera\u00e7\u00e3o eficiente<\/strong><\/li>\n<\/ul>\n<p>O sistema de limpeza de toda a m\u00e1quina adota um design de disposi\u00e7\u00e3o frontal que \u00e9 favor\u00e1vel \u00e0 garantia da qualidade e efici\u00eancia do trabalho;<\/p>\n<p>O sistema de limpeza est\u00e1 equipado com uma estrutura flutuante do bra\u00e7o de escova que pode ser ajustada de acordo com as condi\u00e7\u00f5es da estrada;<\/p>\n<p>No sistema de redu\u00e7\u00e3o de poeira, o sistema principal utiliza um exclusivo sistema de recircula\u00e7\u00e3o de \u00e1gua de alto fluxo para redu\u00e7\u00e3o de poeira, enquanto o sistema secund\u00e1rio adota um sistema de escova com 4 bicos.<\/p>\n<p>O ventilador do sistema de suc\u00e7\u00e3o adota um ventilador centr\u00edfugo com uma \u00e1rea ampla e eficiente otimizada atrav\u00e9s de m\u00faltiplas simula\u00e7\u00f5es CAE, combinada com um di\u00e2metro de tubo de suc\u00e7\u00e3o de um di\u00e2metro de 200 mm grande, pode efetivamente assegurar qualidade de suc\u00e7\u00e3o.<\/p>\n<h3><strong><b>Caracter\u00edsticas de desempenho<\/b><\/strong><\/h3>\n<p><strong><b>1.<\/b><b>Lixeira de grande capacidade<\/b><\/strong><\/p>\n<p>A lata de lixo \u00e9 feita de material de a \u00e7o inoxid\u00e1vel de alta qualidade com um volume de 1,9 m \u00b3[UNK] capaz de levantar e descarregar autohidr\u00e1ulicamente.<\/p>\n<p><strong><b>2.<\/b><b>Poder forte<\/b><\/strong><\/p>\n<p>Todo o ve\u00edculo \u00e9 alimentado por um motor diesel turbocargado de Qingling de 67kw, com excelente desempenho e qualidade confi\u00e1vel.<\/p>\n<p><strong><b>3.<\/b><b>Sistema eficiente de suc\u00e7\u00e3o<\/b><\/strong><\/p>\n<p>A estrutura do ventilador de suc\u00e7\u00e3o foi otimizada m\u00faltiplas vezes atrav\u00e9s da simula\u00e7\u00e3o CAE, permitindo-lhe ter uma ampla gama de alta efici\u00eancia, permitindo ao ventilador operar eficientemente em diferentes requisitos de velocidade.<\/p>\n<p>O porto de suc\u00e7\u00e3o est\u00e1 equipado com um mecanismo de interfer\u00eancia do fluxo a\u00e9reo e um dispositivo de ajuste do fluxo a\u00e9reo, que permite que o fluxo de suc\u00e7\u00e3o agite rapidamente o p\u00f3 ligado \u00e0 superf\u00edcie da estrada, acelera a entrada no porto de suc\u00e7\u00e3o, assegura a efici\u00eancia da suc\u00e7\u00e3o e melhora muito a efici\u00eancia do trabalho.<\/p>\n<p><strong><b>4.<\/b><b>Um sistema poderoso de supress\u00e3o de poeira<\/b><\/strong><\/p>\n<p>O principal sistema de supress\u00e3o de poeira usa \u00e1gua circulante autofluente com um fluxo de at\u00e9 40L\/min para supress\u00e3o de poeira. A \u00e1gua circulante na caixa flui autom\u00e1ticamente para o porto de suc\u00e7\u00e3o. Sob a a\u00e7\u00e3o do fluxo Jet, \u00e9 completamente combinada com a polvere aspirada no tubo de suc\u00e7\u00e3o para alcan\u00e7ar supress\u00e3o de polvere; A \u00e1gua que n\u00e3o est\u00e1 envolvida na combina\u00e7\u00e3o passa por um filtro especial no prato lateral da caixa, e depois flui de volta para o porto de suc\u00e7\u00e3o para participar na redu\u00e7\u00e3o de poeira e \u00e9 reutilizada. Comparado a outros m\u00e9todos de redu\u00e7\u00e3o de p\u00f3 de pulveriza\u00e7\u00e3o, a quantidade de \u00e1gua envolvida na redu\u00e7\u00e3o de p\u00f3 \u00e9 maior e o efeito de redu\u00e7\u00e3o de p\u00f3 \u00e9 melhor; Durante o processo de redu\u00e7\u00e3o do p\u00f3, n\u00e3o h\u00e1 consumo adicional de \u00e1gua limpa do tanque de \u00e1gua a bordo, o que prolonga o tempo de funcionamento de todo o ve\u00edculo e aumenta o raio de funcionamento do ve\u00edculo.<\/p>\n<p>Os quatro nozes de redu\u00e7\u00e3o de poeira instalados acima da pincel podem suprimir poeira durante o processo de limpeza, e o condutor pode ajustar a quantidade de \u00e1gua pulverizada sem passos de acordo com as condi\u00e7\u00f5es da estrada.<\/p>\n<p><strong><b>5.<\/b><b>Cabine do motorista com ampla visibilidade<\/b><\/strong><\/p>\n<p>A cabine do motorista possui estrutura de vidro panor\u00e2mico, proporcionando uma ampla visibilidade operacional, eliminando pontos cegos visuais durante o trabalho e contribuindo para garantir a qualidade operacional. Ao mesmo tempo, todos os vidros possuem pel\u00edcula solar, que oferece um excelente efeito de isolamento t\u00e9rmico no ver\u00e3o quente e evita a estilha\u00e7amento do vidro em caso de impacto por objetos duros, garantindo a seguran\u00e7a do motorista.<\/p>\n<p><strong><b>6.<\/b><b>Performa\u00e7\u00e3o est\u00e1vel<\/b><\/strong><\/p>\n<p>Os principais componentes do sistema hidr\u00e1ulico s\u00e3o todos feitos de produtos de marca internacionalmente conhecidos, como a bomba vari\u00e1vel de p\u00e9 de Linde na Alemanha, o motor de p\u00e9 de Poclain na Fran\u00e7a, o equipamento de dire\u00e7\u00e3o hidr\u00e1ulico de Danfoss na Dinamarca e o filtro de Hydac na Alemanha.<\/p>\n<p><strong><b>7.<\/b><b>Processo de opera\u00e7\u00e3o simples<\/b><\/strong><\/p>\n<p>Opera\u00e7\u00e3o com um \u00fanico bot\u00e3o, incluindo uma s\u00e9rie de a\u00e7\u00f5es como abaixar o dispositivo de limpeza, fazer o pincel oscilar para fora automaticamente, abaixar a boca de suc\u00e7\u00e3o, ligar a bomba d\u2019\u00e1gua de supress\u00e3o de poeira e ligar o ventilador. Da mesma forma, as a\u00e7\u00f5es para finalizar o trabalho tamb\u00e9m podem ser realizadas com um \u00fanico bot\u00e3o.<\/p>\n<p>A velocidade do pincel e a velocidade do ventilador podem ser ajustadas sem passos de acordo com as condi\u00e7\u00f5es de funcionamento;<\/p>\n<p>Equipado com um sistema de controle de cruzeiro, n\u00e3o s\u00f3 assegura o efeito de limpeza, mas tamb\u00e9m liberta o condutor&#8217; e reduz a intensidade laboral.<\/p>\n<p><strong><b>8.<\/b><b>Sistema de monitoramento do estado do ve\u00edculo<\/b><\/strong><\/p>\n<p>Todo o ve\u00edculo est\u00e1 equipado com uma tela de visualiza\u00e7\u00e3o de 7 polegadas, que pode mostrar o estado de funcionamento em tempo real e a informa\u00e7\u00e3o de alarme do ve\u00edculo; Equipado com uma plataforma de detec\u00e7\u00e3o do fundo, pode rapidamente identificar a causa de falhas em todo o ve\u00edculo.<\/p>\n<p><strong><b>9.<\/b><b>Um ambiente de condu\u00e7\u00e3o confort\u00e1vel<\/b><\/strong><\/p>\n<p>Equipado com o reprodutor de CD, o condutor pode realizar a opera\u00e7\u00e3o de limpeza confort\u00e1vel;<\/p>\n<p>Equipado com ar condicionado e aquecimento em estrutura partida, e equipado com v\u00e1rios equipamentos, permitindo ao condutor conduzir o ve\u00edculo mais confort\u00e1vel;<\/p>\n<p>Equipado com assentos de suspens\u00e3o GRAMMER da Alemanha, ele pode ajustar a for\u00e7a de tamp\u00e3o de acordo com o condutor&#8217; o peso, melhorando o motorista s conforto;<\/p>\n<p>Equipado com c\u00e2mera de r\u00e9 colorida, tornando a dire\u00e7\u00e3o do ve\u00edculo mais segura para o motorista.<\/p>\n<p>Equipado com um grande espelho de retrovis\u00e3o de campo aquecido para assegurar o condutor&#8217; \u00e9 seguran\u00e7a de condu\u00e7\u00e3o;<\/p>\n<p>O motorista o t\u00e1xi est\u00e1 equipado com um design de porta de dois lados, o que facilita o condutor para entrar e sair de acordo com a situa\u00e7\u00e3o.<\/p>\n<p><strong><b>10.<\/b><b>Sistema de travagem confi\u00e1vel<\/b><\/strong><\/p>\n<p>O sistema de travagem consiste em tr\u00eas partes: travagem de servi\u00e7o, travagem de emerg\u00eancia e travagem de estacionamento. O freio de servi\u00e7o \u00e9 alcan\u00e7ado pelas caracter\u00edsticas de freio anti-arrasto de um ciclo fechado conduzido pela press\u00e3o hidrost\u00e1tica; O freio de emerg\u00eancia \u00e9 alcan\u00e7ado atrav\u00e9s do freio hidr\u00e1ulico usando os freios da roda anterior; O freio de estacionamento \u00e9 alcan\u00e7ado usando o motor de caminhada com forte freio mec\u00e2nico. O sistema de travagem confi\u00e1vel assegura a seguran\u00e7a da opera\u00e7\u00e3o.<\/p>\n<p><strong><b>11.<\/b><b>Sistema de controle de alta integra\u00e7\u00e3o<\/b><\/strong><\/p>\n<p>O ve\u00edculo inteiro \u00e9 controlado por um sistema de \u00f4nibus CAN, e o controlador utilizado tem caracter\u00edsticas de boa resist\u00eancia s\u00edsmica, alto n\u00edvel de prote\u00e7\u00e3o, resist\u00eancia a grandes diferen\u00e7as de temperatura, flutua\u00e7\u00f5es de tens\u00e3o e capacidade de alcan\u00e7ar c\u00e1lculos complexos de controle. Tem m\u00faltiplas fun\u00e7\u00f5es como autodiagn\u00f3stico, processamento de aviso precoce, an\u00e1lise de falhas e grava\u00e7\u00e3o de opera\u00e7\u00e3o, tornando-a a a escolha \u00f3tima para alcan\u00e7ar o controle el\u00e9trico de ve\u00edculos m\u00f3veis n\u00e3o rodovi\u00e1rios.<\/p>\n<p><strong>12. Plataforma multifun\u00e7\u00e3o<\/strong><\/p>\n<p>Todo o ve\u00edculo \u00e9 um produto de plataforma multifuncional que pode alcan\u00e7ar m\u00faltiplos usos para uma m\u00e1quina. A fun\u00e7\u00e3o de limpeza, a fun\u00e7\u00e3o de limpeza de neve, a fun\u00e7\u00e3o de lavagem de ch\u00e3o e a fun\u00e7\u00e3o de lavagem de alta press\u00e3o podem ser alcan\u00e7adas substituindo os acess\u00f3rios funcionais da frente.<\/p>","protected":false},"excerpt":{"rendered":"<p>O CHR51M Multi-functional Sweeper \u00e9 um sweeper de quadros integrados, motorizado por diesel, fabricado por Shandong Howe Technologies Co., Ltd. Constru\u00eddo sobre o legado do sweeper \u201cStreet Sweeping Emperor\u201d \u2013 modelo com mais de 20 anos de hist\u00f3ria de produ\u00e7\u00e3o \u2013 herda os componentes essenciais&#8217; o desempenho excepcional, qualidade est\u00e1vel e alta efici\u00eancia operacional. Esse modelo foi actualizado integrando conceitos modernos de design industrial e Hongrui Group&#8217; os elementos da fam\u00edlia assinados.<\/p>","protected":false},"featured_media":2412,"template":"","meta":[],"product_brand":[],"product_cat":[30,29],"product_tag":[],"class_list":{"0":"post-2404","1":"product","2":"type-product","3":"status-publish","4":"has-post-thumbnail","6":"product_cat-compact-street-sweepers","7":"product_cat-winter-snow-removal-equipment","9":"first","10":"instock","11":"shipping-taxable","12":"product-type-simple"},"_links":{"self":[{"href":"https:\/\/www.haideclean.com\/pt\/wp-json\/wp\/v2\/product\/2404","targetHints":{"allow":["GET"]}}],"collection":[{"href":"https:\/\/www.haideclean.com\/pt\/wp-json\/wp\/v2\/product"}],"about":[{"href":"https:\/\/www.haideclean.com\/pt\/wp-json\/wp\/v2\/types\/product"}],"wp:featuredmedia":[{"embeddable":true,"href":"https:\/\/www.haideclean.com\/pt\/wp-json\/wp\/v2\/media\/2412"}],"wp:attachment":[{"href":"https:\/\/www.haideclean.com\/pt\/wp-json\/wp\/v2\/media?parent=2404"}],"wp:term":[{"taxonomy":"product_brand","embeddable":true,"href":"https:\/\/www.haideclean.com\/pt\/wp-json\/wp\/v2\/product_brand?post=2404"},{"taxonomy":"product_cat","embeddable":true,"href":"https:\/\/www.haideclean.com\/pt\/wp-json\/wp\/v2\/product_cat?post=2404"},{"taxonomy":"product_tag","embeddable":true,"href":"https:\/\/www.haideclean.com\/pt\/wp-json\/wp\/v2\/product_tag?post=2404"}],"curies":[{"name":"wp","href":"https:\/\/api.w.org\/{rel}","templated":true}]}}