{"id":2427,"date":"2026-01-07T16:35:42","date_gmt":"2026-01-07T08:35:42","guid":{"rendered":"https:\/\/www.haideclean.com\/?post_type=product&#038;p=2427"},"modified":"2026-03-19T13:59:58","modified_gmt":"2026-03-19T05:59:58","slug":"chr42mhev-full-electric-multi-functional-road-sweeper","status":"publish","type":"product","link":"https:\/\/www.haideclean.com\/pt\/produto\/chr42mhev-full-electric-multi-functional-road-sweeper\/","title":{"rendered":"CHR42MHEV Varredeira de estradas multifuncional totalmente el\u00e9trica"},"content":{"rendered":"<h3><strong><b>Destaques do Produto<\/b><\/strong><\/h3>\n<ul>\n<li>Fun\u00e7\u00e3o m\u00faltipla em uma M\u00e1quina<\/li>\n<\/ul>\n<p>Substituindo os anexos da fun\u00e7\u00e3o frontal ou conectando os anexos atr\u00e1s do ve\u00edculo, ele pode perceber as fun\u00e7\u00f5es de limpeza, limpeza do ch\u00e3o, terceira escova, plough de neve, plough de neve, sopramento de neve e espalhamento.<\/p>\n<ul>\n<li><strong>Cofre de condu\u00e7\u00e3o confort\u00e1vel<\/strong><\/li>\n<\/ul>\n<p>A cabina adota um design ergon\u00f4mico global de layout, um t\u00e1xi panor\u00e1mico de estrutura de vidro, assentos de suspens\u00e3o, pneus radiais, sistema multim\u00eddia, dire\u00e7\u00e3o hidr\u00e1ulica completa da roda de dire\u00e7\u00e3o, sistema de funcionamento de um clic, sistema de v\u00eddeo inverso, sistema de controle de cruzeiro, sistema de travagem hidr\u00e1ulico, sistema de condu\u00e7\u00e3o de quatro rodas e sistema anti-esqui de condu\u00e7\u00e3o, etc., para assegurar a seguran\u00e7a e conforto da condu\u00e7\u00e3o.<\/p>\n<ul>\n<li><strong>Performa\u00e7\u00e3o Fi\u00e1vel<\/strong><\/li>\n<\/ul>\n<p>Os principais componentes de toda a m\u00e1quina, como baterias el\u00e9tricas, motores de caminhada, diretores, unidades el\u00e9tricas, motores e grupos de v\u00e1lvulas hidr\u00e1ulicas, usam produtos dom\u00e9sticos internacionais de primeiro n\u00edvel, com excelente desempenho e qualidade confi\u00e1vel.<\/p>\n<ul>\n<li><strong>Alta efici\u00eancia<\/strong><\/li>\n<\/ul>\n<p>O sistema de limpeza de toda a m\u00e1quina adota um design de disposi\u00e7\u00e3o frontal que permita garantir a qualidade e efici\u00eancia da opera\u00e7\u00e3o;<\/p>\n<p>O sistema de limpeza \u00e9 configurado com uma estrutura suspensa do bra\u00e7o de escova que pode ser ajustada de acordo com as condi\u00e7\u00f5es da estrada;<\/p>\n<p>O principal sistema de redu\u00e7\u00e3o de poeira no sistema de redu\u00e7\u00e3o de poeira utiliza um sistema \u00fanico de redu\u00e7\u00e3o de poeira circular de grande fluxo para redu\u00e7\u00e3o de poeira. O sistema de redu\u00e7\u00e3o de p\u00f3 utiliza uma redu\u00e7\u00e3o de p\u00f3 de 4 brochuras e um grande fluxo da boca para pulverizar a redu\u00e7\u00e3o de p\u00f3;<\/p>\n<p>Os ventiladores do sistema de bombeamento s\u00e3o ventiladores centr\u00edfugos com uma zona ampla e de alta efici\u00eancia que s\u00e3o otimizados por muitas simula\u00e7\u00f5es CAE, e combinados com um tubo de absor\u00e7\u00e3o de grande circuito com um di\u00e2metro de 180 mm, que pode beneficiar da qualidade da suc\u00e7\u00e3o.<\/p>\n<h3><strong><b>Caracter\u00edsticas de desempenho<\/b><\/strong><\/h3>\n<p><strong>1 Opera\u00e7\u00e3o Flex\u00edvel<\/strong><\/p>\n<p><strong>\u2606<\/strong>\u00c9 projetado com um centro \u00fanico de estrutura articulada em duas dire\u00e7\u00f5es. Os quadros de frente e de tr\u00e1s podem ser girados e dirigidos em ambas as dire\u00e7\u00f5es, com opera\u00e7\u00e3o flex\u00edvel de dire\u00e7\u00e3o e pequeno raio de giro.<\/p>\n<p><strong>2 Vis\u00e3o aberta<\/strong><\/p>\n<p><strong>\u2606 O gabinete adota a estrutura panor\u00e1mica de vidro, e a opera\u00e7\u00e3o \u00e9 ampla.<\/strong><\/p>\n<p><img fetchpriority=\"high\" decoding=\"async\" class=\"alignnone wp-image-2529 size-full\" src=\"https:\/\/www.haideclean.com\/wp-content\/uploads\/2026\/01\/Open-vision2.jpg\" alt=\"\" width=\"724\" height=\"543\" srcset=\"https:\/\/www.haideclean.com\/wp-content\/uploads\/2026\/01\/Open-vision2.jpg 724w, https:\/\/www.haideclean.com\/wp-content\/uploads\/2026\/01\/Open-vision2-300x225.jpg 300w, https:\/\/www.haideclean.com\/wp-content\/uploads\/2026\/01\/Open-vision2-600x450.jpg 600w\" sizes=\"(max-width: 724px) 100vw, 724px\" \/><\/p>\n<p><strong>Um ambiente de condu\u00e7\u00e3o confort\u00e1vel<\/strong><\/p>\n<p>Equipado com r\u00e1dio.<\/p>\n<p><strong>\u2606<\/strong>Equipado com o ar condicionado e ar quente com a estrutura dividida, o ar condicionado \u00e9 a estrutura superior da parte superior, e o vento quente \u00e9 o fundo da estrutura de instala\u00e7\u00e3o do fundo, o que pode fazer o ar condicionado e ar quente funcionar mais eficientemente, e proporcionar ao condutor um para proporcionar ao condutor um.<\/p>\n<p><strong>\u2606<\/strong>Equipado com uma fun\u00e7\u00e3o de cruzeiro de velocidade fixa.<\/p>\n<p><strong>\u2606 Equipado com uma fun\u00e7\u00e3o de ajuste eletr\u00f4nico de velocidade livre para tornar o condutor mais relaxado e conveniente para conduzir o ve\u00edculo.<\/strong><\/p>\n<p><strong>\u2606<\/strong>Equipado com um motorista confort\u00e1vel&#8217; s assento, a cabina pode ser ajustada de acordo com o condutor&#8217; o peso para melhorar o conforto do condutor. O banco est\u00e1 equipado com cinto de seguran\u00e7a para assegurar a seguran\u00e7a de condu\u00e7\u00e3o do condutor.<\/p>\n<p><strong>4 Excelente Sistema de Controlo Eletrico<\/strong><\/p>\n<p><strong>\u2606<\/strong>Todo o ve\u00edculo \u00e9 digitalmente controlado por um controlador, com boa resist\u00eancia ao choque e alto n\u00edvel de prote\u00e7\u00e3o.<\/p>\n<p>&nbsp;<\/p>\n<p><strong>\u2606<\/strong>Apenas prema um bot\u00e3o para alcan\u00e7ar toda a a \u00e7\u00e3o.<\/p>\n<p><strong>A velocidade de limpeza pode ser regulada de acordo com as necessidades de trabalho.<\/strong><\/p>\n<p><strong>\u2606<\/strong>Com um monitor LCD de 7 polegadas, voc\u00ea pode observar o estado de trabalho do ve\u00edculo em qualquer momento e fornecer imagens invertidas.<\/p>\n<p><strong>5 Sistema est\u00e1vel de caminhada<\/strong><\/p>\n<p>O acionador de caminhada por varredura de frequ\u00eancia deste circuito adota um sistema de transmiss\u00e3o hidr\u00e1ulica de varia\u00e7\u00e3o cont\u00ednua de velocidade, equipado com algoritmos de software e sistema de controle maduros, tornando o desempenho do sistema de locomo\u00e7\u00e3o da m\u00e1quina completa mais est\u00e1vel e confi\u00e1vel.<\/p>\n<p>Pode ser transformada por motoriza\u00e7\u00e3o de quatro rodas e motoriza\u00e7\u00e3o de duas rodas na frente para satisfazer as necessidades de conduzir e escalar;<\/p>\n<p>A fun\u00e7\u00e3o \u00fanica anti-deslizante pode alcan\u00e7ar as rodas quando as rodas s\u00e3o deslizadas na opera\u00e7\u00e3o de remo\u00e7\u00e3o da neve do inverno;<\/p>\n<p>O ve\u00edculo usa um ajuste autom\u00e1tico da carga do controle de transmiss\u00e3o. O motorista s\u00f3 precisa entrar na pedal para alcan\u00e7ar a velocidade ideal. O ve\u00edculo ajustar\u00e1 a velocidade do motor de acordo com o ve\u00edculo s carga.<\/p>\n<p><strong>6 Multi-collision Design<\/strong><\/p>\n<p><strong>\u2606<\/strong>As escovas de limpeza adotam um design de anticolis\u00e3o m\u00faltiplo para realizar a m\u00e1xima prote\u00e7\u00e3o das escovas de danos causados por colis\u00f5es.<\/p>\n<p><strong>7 Sistema de remo\u00e7\u00e3o de poeira<\/strong><\/p>\n<p><strong>\u2606<\/strong>Equipada com um grande fluxo circulante de sistema de remo\u00e7\u00e3o de poeira de \u00e1gua, a \u00e1gua circulante na caixa flui do fluxo de \u00e1gua para a entrada. Sob a influ\u00eancia do fluxo de ar de alta velocidade, \u00e9 completamente combinado com o p\u00f3 absorvente no tubo de bombeamento para alcan\u00e7ar a redu\u00e7\u00e3o de p\u00f3; O filtro especial na placa, ent\u00e3o flui de volta para o local de entrada para participar na redu\u00e7\u00e3o de p\u00f3, reutiliz\u00e1-lo<\/p>\n<p><strong>Equipado com sistema de varredura e aspers\u00e3o para redu\u00e7\u00e3o de poeira.<\/strong><\/p>\n<p><strong>A parte superior do cabe\u00e7ante de limpeza est\u00e1 equipada com 4 bicos de supress\u00e3o de poeira.<\/strong><\/p>\n<p><strong>8 Dumping de alto n\u00edvel<\/strong><\/p>\n<p><strong>\u2606<\/strong>O tanque de lixo \u00e9 feito de a\u00e7o inoxid\u00e1vel de alta qualidade, que n\u00e3o \u00e9 apenas resistente \u00e0 corros\u00e3o mas tamb\u00e9m alta for\u00e7a.  \u2606  Ela adota um m\u00e9todo de dumping elevado para descartar o lixo, o que reduz a intensidade de trabalho do operador e torna o descartamento, limpeza e manuten\u00e7\u00e3o do lixo toda a m\u00e1quina extremamente conveniente.<\/p>\n<p><strong>9 Fun\u00e7\u00e3o de auto-limpeza<\/strong><\/p>\n<p><strong>\u2606<\/strong>Est\u00e1 equipado com uma bomba de escova de carro que pode fornecer \u00e1gua de alta press\u00e3o. - Armas de pulveriza\u00e7\u00e3o de alta press\u00e3o podem ser transportadas com o carro. Ap\u00f3s o ve\u00edculo funcionar, o ve\u00edculo pode ser limpo para assegurar que o ve\u00edculo a apar\u00eancia \u00e9 legal.<\/p>\n<p><strong>10 Sistema de travagem confi\u00e1vel<\/strong><\/p>\n<p>O m\u00e9todo de travagem utiliza o travagem do centro de travagem e o travagem autom\u00e1tico de transmiss\u00e3o de tens\u00e3o est\u00e1tica. Ambas as quatro rodas usam travagem de bomba de \u00f3leo de travagem. Ao mesmo tempo, as rodas traseiras usam freio esticado. A seguran\u00e7a da condu\u00e7\u00e3o e do freio de estacionamento.<\/p>\n<p><strong>11\uff09Sorvete retr\u00e1til manual e ferramentas auxiliares<\/strong><\/p>\n<p>Equipado com uma canopy canopy extens\u00e3o, voc\u00ea pode realizar opera\u00e7\u00f5es de v\u00e1cuo em lugares como cintos verdes.<\/p>\n<p>Equipado com ferramentas auxiliares, o lixo bloqueado na caixa grande pode ser limpo, e pode ser operado como a bomba de petr\u00f3leo de emerg\u00eancia correspondente.<\/p>\n<p><strong>12 Sistema de Emerg\u00eancia<\/strong><\/p>\n<p>A cabine est\u00e1 equipada com um extintor port\u00e1til para fazer face a situa\u00e7\u00f5es de emerg\u00eancia.<\/p>\n<p>Equipados com bombas de petr\u00f3leo de emerg\u00eancia, quando o sistema hidr\u00e1ulico falha, o lixo pode ser levantado e uma investiga\u00e7\u00e3o de falhas pode ser realizada.<\/p>","protected":false},"excerpt":{"rendered":"<p>CHR42MHEV \u00e9 um sweeper multifuncional com uma estrutura dedicada de chassis que substitui uma variedade de acess\u00f3rios funcionais. Esse pesquisador adota conceitos avan\u00e7ados de design de platformiza\u00e7\u00e3o de ve\u00edculos e modularidade funcional de anexo, que podem rapidamente perceber a troca de fun\u00e7\u00f5es sem ferramentas. Todas as opera\u00e7\u00f5es s\u00e3o completadas conjuntamente por estrutura mec\u00e2nica, sistema el\u00e9trico e sistema hidr\u00e1ulico.<\/p>","protected":false},"featured_media":2428,"template":"","meta":[],"product_brand":[],"product_cat":[30,29],"product_tag":[],"class_list":{"0":"post-2427","1":"product","2":"type-product","3":"status-publish","4":"has-post-thumbnail","6":"product_cat-compact-street-sweepers","7":"product_cat-winter-snow-removal-equipment","9":"first","10":"instock","11":"shipping-taxable","12":"product-type-simple"},"_links":{"self":[{"href":"https:\/\/www.haideclean.com\/pt\/wp-json\/wp\/v2\/product\/2427","targetHints":{"allow":["GET"]}}],"collection":[{"href":"https:\/\/www.haideclean.com\/pt\/wp-json\/wp\/v2\/product"}],"about":[{"href":"https:\/\/www.haideclean.com\/pt\/wp-json\/wp\/v2\/types\/product"}],"wp:featuredmedia":[{"embeddable":true,"href":"https:\/\/www.haideclean.com\/pt\/wp-json\/wp\/v2\/media\/2428"}],"wp:attachment":[{"href":"https:\/\/www.haideclean.com\/pt\/wp-json\/wp\/v2\/media?parent=2427"}],"wp:term":[{"taxonomy":"product_brand","embeddable":true,"href":"https:\/\/www.haideclean.com\/pt\/wp-json\/wp\/v2\/product_brand?post=2427"},{"taxonomy":"product_cat","embeddable":true,"href":"https:\/\/www.haideclean.com\/pt\/wp-json\/wp\/v2\/product_cat?post=2427"},{"taxonomy":"product_tag","embeddable":true,"href":"https:\/\/www.haideclean.com\/pt\/wp-json\/wp\/v2\/product_tag?post=2427"}],"curies":[{"name":"wp","href":"https:\/\/api.w.org\/{rel}","templated":true}]}}