{"id":2431,"date":"2026-01-07T16:37:53","date_gmt":"2026-01-07T08:37:53","guid":{"rendered":"https:\/\/www.haideclean.com\/?post_type=product&#038;p=2431"},"modified":"2026-03-18T11:35:56","modified_gmt":"2026-03-18T03:35:56","slug":"chr50mev-full-electric-street-sweeper","status":"publish","type":"product","link":"https:\/\/www.haideclean.com\/pt\/produto\/chr50mev-full-electric-street-sweeper\/","title":{"rendered":"CHR50MEV varredeira de estradas totalmente el\u00e9trica"},"content":{"rendered":"<p><strong>Caracter\u00edsticas de Performance de CHR50MEV Full Electric Multi-function Sweepers<\/strong><\/p>\n<ol>\n<li><strong>Sistema de Direc\u00e7\u00e3o<\/strong><\/li>\n<\/ol>\n<p>Adotando um sistema de dire\u00e7\u00e3o completamente hidr\u00e1ulico, a estrutura \u00e9 simples e a dire\u00e7\u00e3o \u00e9 suave. \u00c9 f\u00e1cil operar durante opera\u00e7\u00f5es freq\u00fcentes de limpeza com baixa velocidade de condu\u00e7\u00e3o e dire\u00e7\u00e3o freq\u00fcente.<\/p>\n<p><img fetchpriority=\"high\" decoding=\"async\" class=\"alignnone wp-image-2515 size-full\" src=\"https:\/\/www.haideclean.com\/wp-content\/uploads\/2026\/01\/Four-wheel.jpg\" alt=\"\" width=\"1377\" height=\"340\" srcset=\"https:\/\/www.haideclean.com\/wp-content\/uploads\/2026\/01\/Four-wheel.jpg 1377w, https:\/\/www.haideclean.com\/wp-content\/uploads\/2026\/01\/Four-wheel-300x74.jpg 300w, https:\/\/www.haideclean.com\/wp-content\/uploads\/2026\/01\/Four-wheel-1024x253.jpg 1024w, https:\/\/www.haideclean.com\/wp-content\/uploads\/2026\/01\/Four-wheel-768x190.jpg 768w, https:\/\/www.haideclean.com\/wp-content\/uploads\/2026\/01\/Four-wheel-600x148.jpg 600w\" sizes=\"(max-width: 1377px) 100vw, 1377px\" \/><\/p>\n<p><strong><b>Quatro rodas<\/b><b>\u00a0\u00a0\u00a0\u00a0\u00a0\u00a0\u00a0\u00a0\u00a0Axuste fino a forma do caranguejo e a dire\u00e7\u00e3o da roda traseira<\/b><\/strong><\/p>\n<p>Para lidar com as complexas e estreitas condi\u00e7\u00f5es de trabalho das ruas e ruas traseiras, desenvolvemos diversos sistemas de viragem.<\/p>\n<p>Dire\u00e7\u00e3o nas quatro rodas, raio de curva menor; raio de curva de aproximadamente 3,5 metros.<\/p>\n<p>Ajuste preciso da postura de movimento em forma de caranguejo e dos par\u00e2metros de dire\u00e7\u00e3o das rodas traseiras na trajet\u00f3ria real do ve\u00edculo.<\/p>\n<p>Dire\u00e7\u00e3o nas rodas dianteiras, adequada para dire\u00e7\u00e3o convencional, raio de curva de aproximadamente 5,3 metros.<\/p>\n<p>A dire\u00e7\u00e3o de quatro rodas \u00e9 uma tecnologia de dire\u00e7\u00e3o criada para alinhar-se com o pequeno raio de viragem de quadros articulados;<\/p>\n<p><strong><b>2.<\/b><b>Sistema de cole\u00e7\u00e3o de lixo<\/b><\/strong><\/p>\n<p>A lata de lixo \u00e9 feita de placas de a \u00e7o inoxid\u00e1vel como um todo, e as decora\u00e7\u00f5es externas s\u00e3o feitas de material FRP, que \u00e9 leve e duro, seguro e n\u00e3o condutivo, com alta for\u00e7a mec\u00e2nica e resist\u00eancia \u00e0 corros\u00e3o;<\/p>\n<table style=\"border-collapse: collapse; width: 100%;\">\n<tbody>\n<tr>\n<td style=\"width: 50%;\"><img decoding=\"async\" class=\"alignnone wp-image-2516 size-full\" src=\"https:\/\/www.haideclean.com\/wp-content\/uploads\/2026\/01\/Garbage-Collection-System.jpg\" alt=\"\" width=\"800\" height=\"800\" srcset=\"https:\/\/www.haideclean.com\/wp-content\/uploads\/2026\/01\/Garbage-Collection-System.jpg 800w, https:\/\/www.haideclean.com\/wp-content\/uploads\/2026\/01\/Garbage-Collection-System-300x300.jpg 300w, https:\/\/www.haideclean.com\/wp-content\/uploads\/2026\/01\/Garbage-Collection-System-150x150.jpg 150w, https:\/\/www.haideclean.com\/wp-content\/uploads\/2026\/01\/Garbage-Collection-System-768x768.jpg 768w, https:\/\/www.haideclean.com\/wp-content\/uploads\/2026\/01\/Garbage-Collection-System-600x600.jpg 600w, https:\/\/www.haideclean.com\/wp-content\/uploads\/2026\/01\/Garbage-Collection-System-100x100.jpg 100w\" sizes=\"(max-width: 800px) 100vw, 800px\" \/><\/td>\n<td style=\"width: 50%;\">A flecha negra indica que o quebra de suc\u00e7\u00e3o suge lixo e esgoto para o lixo, enquanto a flecha azul indica que o quebra de suc\u00e7\u00e3o flui para o quebra de suc\u00e7\u00e3o.<\/td>\n<\/tr>\n<\/tbody>\n<\/table>\n<ul>\n<li>Potente capacidade de coleta de folhas, o poder m\u00e1ximo do ventilador pode alcan\u00e7ar 10 KW, seja uma folha de p\u00ealo franc\u00eas de tamanho de rosto ou uma agulha de pinheiro fino de cabelo, ela pode ser facilmente removida, juntamente com um polvo de 2 metros c\u00fabicos super grande, o que perfeitamente explica o que \u00e9 um artefato de coleta de folhas;<\/li>\n<li>O lixo \u00e9 feito de placas de a\u00e7o inoxid\u00e1vel, e o lixo no fluxo de suc\u00e7\u00e3o \u00e9 armazenado no lixo ap\u00f3s sedimenta\u00e7\u00e3o e separa\u00e7\u00e3o. A \u00e1gua e o lixo s\u00e3o separados e filtrados atrav\u00e9s de filtros de a \u00e7o inoxid\u00e1vel em ambos os lados e na frente da caixa antes de fluir para o canal de \u00e1gua de filtra\u00e7\u00e3o inferior, formando um sistema de circula\u00e7\u00e3o de \u00e1gua e redu\u00e7\u00e3o de poeira para todo o ve\u00edculo;<\/li>\n<li>O filtro de a \u00e7o inoxid\u00e1vel tem uma estrutura \u00fanica, alta for\u00e7a e n\u00e3o \u00e9 facilmente danificado. Tem forte fluidez, alta precis\u00e3o de filtra\u00e7\u00e3o e n\u00e3o \u00e9 f\u00e1cil de bloquear e limpar.<\/li>\n<li>O dispositivo de limpeza e suc\u00e7\u00e3o est\u00e1 situado abaixo do condutor&#8217; s taxi, com uma largura de abertura de suc\u00e7\u00e3o de 800mm,O di\u00e2metro da palha \u00e9 de 180mm, e a largura m\u00e1xima eficaz de limpeza \u00e9 de 2400 mm.<\/li>\n<li>O ventilador de suc\u00e7\u00e3o tem alta efici\u00eancia e baixo ru\u00eddo, consumo extremamente baixo de energia, forte capacidade de suc\u00e7\u00e3o, e pode facilmente inalar tijolos, pedras, folhas de wutong, etc.<\/li>\n<li>Um mecanismo de interfer\u00eancia do fluxo a \u00e9reo \u00e9 projetado dentro do porto de suc\u00e7\u00e3o para agitar rapidamente o p\u00f3 aderente \u00e0 superf\u00edcie da estrada e acelerar sua entrada no porto de suc\u00e7\u00e3o. Isto pode alcan\u00e7ar uma alta taxa de suc\u00e7\u00e3o a uma alta velocidade de limpeza, melhorando consideravelmente a efici\u00eancia do trabalho.<\/li>\n<li>Uma placa de ajuste do volume do ar \u00e9 instalada no porto de suc\u00e7\u00e3o para ajustar a abertura da placa de cobertura de acordo com a situa\u00e7\u00e3o do lixo na superf\u00edcie da estrada, para obter volume de ar adequado e velocidade do vento, garantindo alta efici\u00eancia de suc\u00e7\u00e3o.<\/li>\n<\/ul>\n<table style=\"border-collapse: collapse; width: 100%;\">\n<tbody>\n<tr>\n<td style=\"width: 50%;\"><img decoding=\"async\" class=\"wp-image-2517 size-full aligncenter\" src=\"https:\/\/www.haideclean.com\/wp-content\/uploads\/2026\/01\/CHR50MEV-Multi-Functional-Full-Electric-Road-Sweeper.jpg\" alt=\"\" width=\"591\" height=\"465\" srcset=\"https:\/\/www.haideclean.com\/wp-content\/uploads\/2026\/01\/CHR50MEV-Multi-Functional-Full-Electric-Road-Sweeper.jpg 591w, https:\/\/www.haideclean.com\/wp-content\/uploads\/2026\/01\/CHR50MEV-Multi-Functional-Full-Electric-Road-Sweeper-300x236.jpg 300w\" sizes=\"(max-width: 591px) 100vw, 591px\" \/><\/td>\n<td style=\"width: 50%;\"><img loading=\"lazy\" decoding=\"async\" class=\"wp-image-2518 size-full aligncenter\" src=\"https:\/\/www.haideclean.com\/wp-content\/uploads\/2026\/01\/CHR50MEV-Multi-Functional-Full-Electric-Road-Sweeper2.jpg\" alt=\"\" width=\"608\" height=\"455\" srcset=\"https:\/\/www.haideclean.com\/wp-content\/uploads\/2026\/01\/CHR50MEV-Multi-Functional-Full-Electric-Road-Sweeper2.jpg 608w, https:\/\/www.haideclean.com\/wp-content\/uploads\/2026\/01\/CHR50MEV-Multi-Functional-Full-Electric-Road-Sweeper2-300x225.jpg 300w, https:\/\/www.haideclean.com\/wp-content\/uploads\/2026\/01\/CHR50MEV-Multi-Functional-Full-Electric-Road-Sweeper2-600x449.jpg 600w\" sizes=\"(max-width: 608px) 100vw, 608px\" \/><\/td>\n<\/tr>\n<\/tbody>\n<\/table>\n<ul>\n<li><strong>Sistema el\u00e9trico completo<\/strong><\/li>\n<li>A plataforma el\u00e9trica integra a tecnologia Powertrain e bateria para alcan\u00e7ar maior efici\u00eancia operacional, desempenho e resist\u00eancia.<\/li>\n<li>O pacote de bateria de l\u00edtio adota o controle de gest\u00e3o do BMS para assegurar o funcionamento est\u00e1vel do ve\u00edculo.<\/li>\n<li>Todo o ve\u00edculo adota um controlador para controle digital, que tem caracter\u00edsticas de boa resist\u00eancia s\u00edsmica, alto n\u00edvel de prote\u00e7\u00e3o, resist\u00eancia a grandes diferen\u00e7as de temperatura, flutua\u00e7\u00f5es de tens\u00e3o e capacidade de alcan\u00e7ar c\u00e1lculos complexos de controle. \u00c9 a escolha \u00f3ptima para alcan\u00e7ar o controle el\u00e9trico de ve\u00edculos m\u00f3veis n\u00e3o rodovi\u00e1rios.<\/li>\n<li>Com um clic de come\u00e7o, o dispositivo de limpeza e o porto de suc\u00e7\u00e3o podem ser operados e reciclados. A velocidade de escaneamento pode ser ajustada sem passos; Ao mesmo tempo, o controlador comunica com o m\u00f3dulo de entrada e o m\u00f3dulo de sa\u00edda atrav\u00e9s do \u00f4nibus CAN, simplificando a distribui\u00e7\u00e3o de ferramentas de cabo de ve\u00edculos, reduzindo os pontos de falha de circuito e tornando a manuten\u00e7\u00e3o mais conveniente.<\/li>\n<\/ul>\n<p><strong>4. Sistema de remo\u00e7\u00e3o de poeira<\/strong><\/p>\n<p>O sistema de redu\u00e7\u00e3o de poeira \u00e9 composto por duas partes: pulveriza\u00e7\u00e3o de \u00e1gua e redu\u00e7\u00e3o circulante de poeira de \u00e1gua.<\/p>\n<p>O nozzle de \u00e1gua limpa \u00e9 instalado na escova, e o pulverizador \u00e9 usado para reduzir o p\u00f3, para que o lixo possa ser molhado antecipadamente para controlar o p\u00f3 na sa\u00edda do ar. A quantidade de \u00e1gua pulverizada pode ser ajustada. O circuito de \u00e1gua circulante de esgotos instalado no porto de suc\u00e7\u00e3o permite que o lixo seja completamente submetido; A \u00e1gua circulante usada para pulverizar e reduzir o polvo flui para o tanque circulante atrav\u00e9s de uma tela de filtro especial no prato lateral da caixa para reutiliza\u00e7\u00e3o. Devido ao fato de \u00e1gua circular, n\u00e3o h\u00e1 necessidade de aumentar a capacidade do tanque de \u00e1gua para produzir uma grande quantidade de \u00e1gua. O filtro de a \u00e7o inoxid\u00e1vel tem uma estrutura \u00fanica, alta for\u00e7a e n\u00e3o \u00e9 facilmente danificado. Tem forte capacidade de fluxo, alta precis\u00e3o de filtra\u00e7\u00e3o, e n\u00e3o \u00e9 f\u00e1cil de bloquear, tornando f\u00e1cil limpar.<\/p>\n<p><img loading=\"lazy\" decoding=\"async\" class=\"alignnone wp-image-2519 size-full\" src=\"https:\/\/www.haideclean.com\/wp-content\/uploads\/2026\/01\/CHR50MEV-Multi-Functional-Full-Electric-Road-Sweeper3.jpg\" alt=\"\" width=\"1065\" height=\"536\" srcset=\"https:\/\/www.haideclean.com\/wp-content\/uploads\/2026\/01\/CHR50MEV-Multi-Functional-Full-Electric-Road-Sweeper3.jpg 1065w, https:\/\/www.haideclean.com\/wp-content\/uploads\/2026\/01\/CHR50MEV-Multi-Functional-Full-Electric-Road-Sweeper3-300x151.jpg 300w, https:\/\/www.haideclean.com\/wp-content\/uploads\/2026\/01\/CHR50MEV-Multi-Functional-Full-Electric-Road-Sweeper3-1024x515.jpg 1024w, https:\/\/www.haideclean.com\/wp-content\/uploads\/2026\/01\/CHR50MEV-Multi-Functional-Full-Electric-Road-Sweeper3-768x387.jpg 768w, https:\/\/www.haideclean.com\/wp-content\/uploads\/2026\/01\/CHR50MEV-Multi-Functional-Full-Electric-Road-Sweeper3-600x302.jpg 600w\" sizes=\"(max-width: 1065px) 100vw, 1065px\" \/><\/p>\n<p>Sob a estrutura \u00fanica da circula\u00e7\u00e3o de esgotos, a sa\u00edda do ar minimiza a concentra\u00e7\u00e3o de p\u00f3, e quando descarregada, \u00e9 basicamente em estado de nevoeiro de \u00e1gua, cumprindo o valor pH dos padr\u00f5es nacionais.<\/p>\n<p><strong>6. Estrutura geral <\/strong><\/p>\n<p>O eixo frontal CHR51MHEV adota fontes padr\u00e3o de folhas de ve\u00edculos comerciais, que s\u00e3o s\u00f3lidas, carregadoras e confort\u00e1veis. O eixo traseiro adota um mecanismo \u00fanico de liga\u00e7\u00e3o de eixo e um sistema de umidifica\u00e7\u00e3o de borracha, que \u00e9 o primeiro no pa\u00eds.<\/p>\n<p><img loading=\"lazy\" decoding=\"async\" class=\"alignnone wp-image-2520 size-full\" src=\"https:\/\/www.haideclean.com\/wp-content\/uploads\/2026\/01\/Integral-Frame.jpg\" alt=\"\" width=\"1269\" height=\"728\" srcset=\"https:\/\/www.haideclean.com\/wp-content\/uploads\/2026\/01\/Integral-Frame.jpg 1269w, https:\/\/www.haideclean.com\/wp-content\/uploads\/2026\/01\/Integral-Frame-300x172.jpg 300w, https:\/\/www.haideclean.com\/wp-content\/uploads\/2026\/01\/Integral-Frame-1024x587.jpg 1024w, https:\/\/www.haideclean.com\/wp-content\/uploads\/2026\/01\/Integral-Frame-768x441.jpg 768w, https:\/\/www.haideclean.com\/wp-content\/uploads\/2026\/01\/Integral-Frame-600x344.jpg 600w\" sizes=\"(max-width: 1269px) 100vw, 1269px\" \/><\/p>\n<p>O quadro \u00e9 o conector carregador de carga de todas as estruturas do sistema de todo o ve\u00edculo. O quadro \u00e9 uma estrutura integral soldada, e o raio longitudinal principal \u00e9 feito de placa de a\u00e7o de alta for\u00e7a de 16 Mn. - Alta for\u00e7a, peso ligeiro e estrutura simples.<\/p>\n<p><strong>7. Cabine do motorista<\/strong><\/p>\n<p>A cabine do motorista possui estrutura de vidro panor\u00e2mico, proporcionando uma ampla visibilidade operacional, eliminando pontos cegos visuais durante o trabalho e contribuindo para garantir a qualidade operacional. Ao mesmo tempo, todos os vidros possuem pel\u00edcula solar, que oferece um excelente efeito de isolamento t\u00e9rmico no ver\u00e3o quente e evita a estilha\u00e7amento do vidro em caso de impacto por objetos duros, garantindo a seguran\u00e7a do motorista.<\/p>\n<p><img loading=\"lazy\" decoding=\"async\" class=\"alignnone wp-image-2521 size-large\" src=\"https:\/\/www.haideclean.com\/wp-content\/uploads\/2026\/01\/Driver-Cab-767x1024.jpg\" alt=\"\" width=\"767\" height=\"1024\" srcset=\"https:\/\/www.haideclean.com\/wp-content\/uploads\/2026\/01\/Driver-Cab-767x1024.jpg 767w, https:\/\/www.haideclean.com\/wp-content\/uploads\/2026\/01\/Driver-Cab-225x300.jpg 225w, https:\/\/www.haideclean.com\/wp-content\/uploads\/2026\/01\/Driver-Cab-768x1025.jpg 768w, https:\/\/www.haideclean.com\/wp-content\/uploads\/2026\/01\/Driver-Cab-600x801.jpg 600w, https:\/\/www.haideclean.com\/wp-content\/uploads\/2026\/01\/Driver-Cab.jpg 855w\" sizes=\"(max-width: 767px) 100vw, 767px\" \/><\/p>\n<ul>\n<li>Equipado com o reprodutor de CD, o condutor pode realizar a opera\u00e7\u00e3o de limpeza confort\u00e1vel;<\/li>\n<li>Equipado com uma tela de display de 7 polegadas, ela n\u00e3o s\u00f3 mostra o estado de funcionamento do ve\u00edculo inteiro, mas tamb\u00e9m controla o movimento do ve\u00edculo. Ao mesmo tempo, ele tamb\u00e9m integra uma imagem inversa, utilizando plenamente as vantagens da tela de visualiza\u00e7\u00e3o de 7 polegadas;<\/li>\n<li>A cabine do motorista possui design com portas em ambos os lados, facilitando a entrada e sa\u00edda do motorista de acordo com a situa\u00e7\u00e3o real.<\/li>\n<li>Durante longas horas de trabalho, o motorista o p\u00e9 esquerdo permanece inactivo, causando desconforto na perna esquerda de usu\u00e1rios mais curtos. Portanto, adicionar um kit de descanso de p\u00e9 pode ser usado como um kit de ferramentas ou como descanso de p\u00e9 para melhorar o usu\u00e1rio&#8217; est\u00e1 conduzindo a felicidade.<\/li>\n<li>Sedes de couro suspensos, f\u00e1ceis de limpar, confort\u00e1veis e confi\u00e1veis. O motorista o assento s pode ser ajustado manualmente de acordo com o condutor&#8217; o peso para assegurar que o assento fornece for\u00e7a de cushioning suficiente e melhora o condutor&#8217; s conforto.<\/li>\n<li>Equipado com uma estrutura dividida de ar condicionado e aquecimento, o ambiente operacional \u00e9 confort\u00e1vel. O ar condicionado \u00e9 uma estrutura montada no topo que ventila ar do topo, enquanto o aquecimento \u00e9 uma estrutura montada no fundo que ventila ar do fundo. Ao mesmo tempo, o ar condicionado e o aquecimento est\u00e3o equipados com v\u00e1rias ferramentas, que podem ser selecionadas de acordo com ambientes diferentes, permitindo um ambiente de trabalho confort\u00e1vel tanto no ver\u00e3o como no inverno.<\/li>\n<\/ul>\n<p><strong>8.Sistema de \u00e1gua de alta press\u00e3o\",<\/strong><\/p>\n<p>O sistema de \u00e1gua de alta press\u00e3o \u00e9 dividido em duas fun\u00e7\u00f5es em modo de limpeza multifuncional, com uma fun\u00e7\u00e3o de auto-limpeza de caixa e uma fun\u00e7\u00e3o de pulveriza\u00e7\u00e3o de pulveriza\u00e7\u00e3o de alta press\u00e3o.<\/p>\n<p>Acess\u00f3rios opcionais multifuncionais &#8211; - manuten\u00e7\u00e3o da estrada e fun\u00e7\u00e3o de limpeza de um ponto.<\/p>\n<p><img loading=\"lazy\" decoding=\"async\" class=\"alignnone wp-image-2522 size-large\" src=\"https:\/\/www.haideclean.com\/wp-content\/uploads\/2026\/01\/High-Pressure-Water-System-1024x767.jpg\" alt=\"\" width=\"800\" height=\"599\" srcset=\"https:\/\/www.haideclean.com\/wp-content\/uploads\/2026\/01\/High-Pressure-Water-System-1024x767.jpg 1024w, https:\/\/www.haideclean.com\/wp-content\/uploads\/2026\/01\/High-Pressure-Water-System-300x225.jpg 300w, https:\/\/www.haideclean.com\/wp-content\/uploads\/2026\/01\/High-Pressure-Water-System-768x575.jpg 768w, https:\/\/www.haideclean.com\/wp-content\/uploads\/2026\/01\/High-Pressure-Water-System-600x449.jpg 600w, https:\/\/www.haideclean.com\/wp-content\/uploads\/2026\/01\/High-Pressure-Water-System.jpg 1180w\" sizes=\"(max-width: 800px) 100vw, 800px\" \/><\/p>\n<ul>\n<li>A fun\u00e7\u00e3o de limpeza dentro do corpopode ser ativada com um clic para realizar limpeza dentro do corpo. Reduziu a possibilidade de lixo espalhar no condutor o corpo quando limpa a lata de lixo, assegurando limpeza e higiene; Reduz o fardo dos motoristas para limpar as latas de lixo e elimina a possibilidade de bloquear as latas de esgoto, que \u00e9 uma iniciativa nacional.<\/li>\n<li>A fun\u00e7\u00e3o de pulverizador de alta press\u00e3o pode limpar a apar\u00eancia de ve\u00edculos e tamb\u00e9m realizar limpeza ponto a ponto em an\u00fancios ao lado da estrada, o que \u00e9 pr\u00e1tico e conveniente.<\/li>\n<\/ul>","protected":false},"excerpt":{"rendered":"<p>CHR50MEV \u00e9 uma nova energia completa, el\u00e9trica, multifuncional, desenhada com uma disposi\u00e7\u00e3o integrada de um quadro integral e um chassis dedicado.<\/p>\n<p>Com base em anos de experi\u00eancia na fabrica\u00e7\u00e3o de equipamentos de saneamento urbano e em estreita colabora\u00e7\u00e3o com os usu\u00e1rios, nossa empresa projetou e desenvolveu esta varredoura multifuncional totalmente el\u00e9trica para atender a todas as suas necessidades. O trabalho \u00e9 realizado de forma coordenada pela estrutura mec\u00e2nica, sistema el\u00e9trico e sistema hidr\u00e1ulico, com excelente vis\u00e3o panor\u00e2mica, opera\u00e7\u00e3o f\u00e1cil e dire\u00e7\u00e3o confort\u00e1vel.<\/p>","protected":false},"featured_media":2433,"template":"","meta":[],"product_brand":[],"product_cat":[30],"product_tag":[],"class_list":{"0":"post-2431","1":"product","2":"type-product","3":"status-publish","4":"has-post-thumbnail","6":"product_cat-compact-street-sweepers","8":"first","9":"instock","10":"shipping-taxable","11":"product-type-simple"},"_links":{"self":[{"href":"https:\/\/www.haideclean.com\/pt\/wp-json\/wp\/v2\/product\/2431","targetHints":{"allow":["GET"]}}],"collection":[{"href":"https:\/\/www.haideclean.com\/pt\/wp-json\/wp\/v2\/product"}],"about":[{"href":"https:\/\/www.haideclean.com\/pt\/wp-json\/wp\/v2\/types\/product"}],"wp:featuredmedia":[{"embeddable":true,"href":"https:\/\/www.haideclean.com\/pt\/wp-json\/wp\/v2\/media\/2433"}],"wp:attachment":[{"href":"https:\/\/www.haideclean.com\/pt\/wp-json\/wp\/v2\/media?parent=2431"}],"wp:term":[{"taxonomy":"product_brand","embeddable":true,"href":"https:\/\/www.haideclean.com\/pt\/wp-json\/wp\/v2\/product_brand?post=2431"},{"taxonomy":"product_cat","embeddable":true,"href":"https:\/\/www.haideclean.com\/pt\/wp-json\/wp\/v2\/product_cat?post=2431"},{"taxonomy":"product_tag","embeddable":true,"href":"https:\/\/www.haideclean.com\/pt\/wp-json\/wp\/v2\/product_tag?post=2431"}],"curies":[{"name":"wp","href":"https:\/\/api.w.org\/{rel}","templated":true}]}}