{"id":2446,"date":"2026-01-07T16:38:50","date_gmt":"2026-01-07T08:38:50","guid":{"rendered":"https:\/\/www.haideclean.com\/?post_type=product&#038;p=2446"},"modified":"2026-03-18T11:35:42","modified_gmt":"2026-03-18T03:35:42","slug":"chr52mhev-all-electric-multi-functional-road-sweeper","status":"publish","type":"product","link":"https:\/\/www.haideclean.com\/pt\/produto\/chr52mhev-all-electric-multi-functional-road-sweeper\/","title":{"rendered":"CHR52MHEV Varredeira de estradas multifuncional totalmente el\u00e9trica"},"content":{"rendered":"<p><strong>Resaltam os produtos<\/strong><\/p>\n<ul>\n<li><b><\/b><strong><b>Multiplas capacidades<\/b><\/strong><\/li>\n<\/ul>\n<p>Pode perceber a fun\u00e7\u00e3o de limpeza, lavagem de ch\u00e3o, terceira escova, empurra\u00e7\u00e3o de neve, limpeza de neve, levantamento de neve e espalhamento substituindo acess\u00f3rios da fun\u00e7\u00e3o frontal ou conectando acess\u00f3rios na parte posterior do ve\u00edculo.<\/p>\n<ul>\n<li><b><\/b><strong><b>Cabine confort\u00e1vel<\/b><\/strong><\/li>\n<\/ul>\n<p>O cockpit adota um design ergon\u00f4mico global de layout, um t\u00e1xi panor\u00e1mico de estrutura de vidro, assentos de suspens\u00e3o, pneus radiais, sistema multim\u00eddia, dire\u00e7\u00e3o hidr\u00e1ulica completa da roda de dire\u00e7\u00e3o, sistema de funcionamento de um bot\u00e3o, sistema de imagem inversa, sistema de controle de cruzeiro, sistema de travagem hidr\u00e1ulico, sistema de condu\u00e7\u00e3o de quatro rodas e sistema anti-esqui para assegurar a seguran\u00e7a e conforto da condu\u00e7\u00e3o.<\/p>\n<ul>\n<li><b><\/b><strong>Performa\u00e7\u00e3o confi\u00e1vel<\/strong><\/li>\n<\/ul>\n<p>Os principais componentes de toda a m\u00e1quina, como bateria el\u00e9trica, motor a andar, equipamento de dire\u00e7\u00e3o, unidade el\u00e9trica, grupo de v\u00e1lvulas motor as e hidr\u00e1ulicas adotam produtos dom\u00e9sticos e internacionais de primeira linha, desempenho superior e qualidade confi\u00e1vel.<\/p>\n<ul>\n<li><b><\/b><strong>Alta efici\u00eancia do trabalho<\/strong><\/li>\n<\/ul>\n<p>O sistema de limpeza de toda a m\u00e1quina adota o design de disposi\u00e7\u00e3o frontal que \u00e9 favor\u00e1vel \u00e0 garantia da qualidade e efici\u00eancia do trabalho.<\/p>\n<p>O sistema de pincel est\u00e1 equipado com uma estrutura do bra\u00e7o de pincel de suspens\u00e3o que pode se ajustar de acordo com a condi\u00e7\u00e3o da estrada.<\/p>\n<p>No sistema de remo\u00e7\u00e3o de poeira, o sistema principal utiliza um sistema de circula\u00e7\u00e3o de \u00e1gua de grande vaz\u00e3o espec\u00edfico para remo\u00e7\u00e3o de poeira, enquanto o sistema secund\u00e1rio utiliza aspers\u00e3o de grande vaz\u00e3o com quatro bicos de limpeza e bicos de suc\u00e7\u00e3o de ar.<\/p>\n<p>O ventilador do sistema de suc\u00e7\u00e3o adota um ventilador centr\u00edfugo com uma grande \u00e1rea de alta efici\u00eancia otimizada por m\u00faltiplas simula\u00e7\u00f5es CAE, combinada com uma pipeta de suc\u00e7\u00e3o de grande di\u00e2metro com di\u00e2metro de Phi 180mm, que pode ajudar a assegurar a qualidade da suc\u00e7\u00e3o.<\/p>\n<p><img fetchpriority=\"high\" decoding=\"async\" class=\"alignnone wp-image-2496 size-full\" src=\"https:\/\/www.haideclean.com\/wp-content\/uploads\/2026\/01\/All-electric-Multi-functional-Road-Sweeper.jpg\" alt=\"\" width=\"885\" height=\"433\" srcset=\"https:\/\/www.haideclean.com\/wp-content\/uploads\/2026\/01\/All-electric-Multi-functional-Road-Sweeper.jpg 885w, https:\/\/www.haideclean.com\/wp-content\/uploads\/2026\/01\/All-electric-Multi-functional-Road-Sweeper-300x147.jpg 300w, https:\/\/www.haideclean.com\/wp-content\/uploads\/2026\/01\/All-electric-Multi-functional-Road-Sweeper-768x376.jpg 768w, https:\/\/www.haideclean.com\/wp-content\/uploads\/2026\/01\/All-electric-Multi-functional-Road-Sweeper-600x294.jpg 600w\" sizes=\"(max-width: 885px) 100vw, 885px\" \/><\/p>\n<p><img decoding=\"async\" class=\"alignnone wp-image-2497 size-full\" src=\"https:\/\/www.haideclean.com\/wp-content\/uploads\/2026\/01\/All-electric-Multi-functional-Road-Sweeper2.jpg\" alt=\"\" width=\"672\" height=\"780\" srcset=\"https:\/\/www.haideclean.com\/wp-content\/uploads\/2026\/01\/All-electric-Multi-functional-Road-Sweeper2.jpg 672w, https:\/\/www.haideclean.com\/wp-content\/uploads\/2026\/01\/All-electric-Multi-functional-Road-Sweeper2-258x300.jpg 258w, https:\/\/www.haideclean.com\/wp-content\/uploads\/2026\/01\/All-electric-Multi-functional-Road-Sweeper2-600x696.jpg 600w\" sizes=\"(max-width: 672px) 100vw, 672px\" \/><\/p>\n<p><strong>Caracter\u00edsticas de desempenho<\/strong><\/p>\n<p><strong>1 Opera\u00e7\u00e3o flex\u00edvel<\/strong><\/p>\n<p><strong>\u2606<\/strong>O design tem uma estrutura articulada bidireccional m\u00e9dia \u00fanica, de modo que o quadro de frente e de tr\u00e1s possa ser girado e virado em duas dire\u00e7\u00f5es, opera\u00e7\u00e3o flex\u00edvel de dire\u00e7\u00e3o e pequeno raio de giro.<\/p>\n<p><img decoding=\"async\" class=\"alignnone wp-image-2499 size-full\" src=\"https:\/\/www.haideclean.com\/wp-content\/uploads\/2026\/01\/person.jpg\" alt=\"\" width=\"636\" height=\"395\" srcset=\"https:\/\/www.haideclean.com\/wp-content\/uploads\/2026\/01\/person.jpg 636w, https:\/\/www.haideclean.com\/wp-content\/uploads\/2026\/01\/person-300x186.jpg 300w, https:\/\/www.haideclean.com\/wp-content\/uploads\/2026\/01\/person-600x373.jpg 600w\" sizes=\"(max-width: 636px) 100vw, 636px\" \/><\/p>\n<p><strong>2Vis\u00e3o em \u00e2ngulo alargado<\/strong><\/p>\n<p><strong>\u2606<\/strong>A cabine disp\u00f5e de uma estrutura de vidro panor\u00e2mico, proporcionando uma ampla visibilidade.<\/p>\n<p><img loading=\"lazy\" decoding=\"async\" class=\"alignnone wp-image-2500 size-full\" src=\"https:\/\/www.haideclean.com\/wp-content\/uploads\/2026\/01\/Wide-view.jpg\" alt=\"\" width=\"724\" height=\"543\" srcset=\"https:\/\/www.haideclean.com\/wp-content\/uploads\/2026\/01\/Wide-view.jpg 724w, https:\/\/www.haideclean.com\/wp-content\/uploads\/2026\/01\/Wide-view-300x225.jpg 300w, https:\/\/www.haideclean.com\/wp-content\/uploads\/2026\/01\/Wide-view-600x450.jpg 600w\" sizes=\"(max-width: 724px) 100vw, 724px\" \/><\/p>\n<p><strong>3 Comfortable driving environment<\/strong><\/p>\n<p><strong>\u2606<\/strong>Equipado com um r\u00e1dio.<\/p>\n<p><strong>\u2606<\/strong>Equipado com uma estrutura separada de ar condicionado e aquecimento, ar condicionado para a estrutura superior do ar superior, ar quente para a estrutura de instala\u00e7\u00e3o inferior do ar inferior, pode tornar o ar condicionado e aquecimento mais eficiente, e proporcionar um ambiente de condu\u00e7\u00e3o confort\u00e1vel para o condutor.<\/p>\n<p><strong>\u2606<\/strong>Equipado com fun\u00e7\u00e3o de controle de cruzeiro.<\/p>\n<p><strong>\u2606<\/strong>Est\u00e1 equipado com uma fun\u00e7\u00e3o eletr\u00f4nica de regula\u00e7\u00e3o de velocidade sem passos, para que o condutor possa conduzir o ve\u00edculo mais facilmente e convenientemente.<\/p>\n<p><strong>\u2606<\/strong>Est\u00e1 equipado com um assento de condu\u00e7\u00e3o confort\u00e1vel, o assento de t\u00e1xi pode ser ajustado de acordo com o condutor&#8217; o peso para melhorar o motorista s conforto, e o cinto de seguran\u00e7a \u00e9 padr\u00e3o para assegurar o condutor&#8217; \u00e9 a seguran\u00e7a de condu\u00e7\u00e3o.<\/p>\n<p><strong>\u2606<\/strong>Equipado com um sistema de suspens\u00e3o confort\u00e1vel, o ve\u00edculo tem uma experi\u00eancia de condu\u00e7\u00e3o de suspens\u00e3o confort\u00e1vel no n\u00edvel do carro de passageiros.<\/p>\n<p><strong>4 Excelente sistema de controle el\u00e9trico<\/strong><\/p>\n<p><strong>\u2606<\/strong>Todo o ve\u00edculo adota controlador para controle digital, que tem caracter\u00edsticas de boa resist\u00eancia ao choque e alto n\u00edvel de prote\u00e7\u00e3o.<\/p>\n<p><strong>\u2606<\/strong>Apenas prema uma chave, voc\u00ea pode limpar todas as a \u00e7\u00f5es da implementa\u00e7\u00e3o.<\/p>\n<p>\u2606 A velocidade do pincel pode ser ajustada sem passos de acordo com os requisitos de opera\u00e7\u00e3o.<\/p>\n<p><strong>\u2606<\/strong>Equipado com um monitor LCD de 7 polegadas, voc\u00ea pode observar o estado de trabalho do ve\u00edculo em qualquer momento e fornecer v\u00eddeo inverso.<\/p>\n<p><strong>5 Sistema est\u00e1vel de caminhada<\/strong><\/p>\n<p>O sweeper da estrada \u00e9 conduzido por um sistema de transmiss\u00e3o hidr\u00e1ulico sem passos, com algoritmo de software maduro e sistema de controle, de modo que o desempenho do sistema de caminhada seja mais est\u00e1vel e a qualidade \u00e9 mais confi\u00e1vel.<\/p>\n<p>For\u00e7a de quatro rodas e for\u00e7a frontal de duas rodas podem ser convertidas para satisfazer as necessidades de conduzir e escalar;<\/p>\n<p>A fun\u00e7\u00e3o antiderrapante exclusiva permite a sa\u00edda autom\u00e1tica quando as rodas patinam durante opera\u00e7\u00f5es de remo\u00e7\u00e3o de neve no inverno.<\/p>\n<p>O ve\u00edculo adota controle autom\u00e1tico de transmiss\u00e3o de ajuste de carga, o condutor s\u00f3 precisa avan\u00e7ar na pedal para alcan\u00e7ar a velocidade ideal, o ve\u00edculo ajustar\u00e1 a velocidade do motor de acordo com a carga do ve\u00edculo.<\/p>\n<p><strong>6 Multiple collision avoidance design<\/strong><\/p>\n<p><strong>\u2606<\/strong>A escova \u00e9 projetada com projetos de evita\u00e7\u00e3o de colis\u00f5es m\u00faltiplas para maximizar a prote\u00e7\u00e3o da escova contra danos causados por colis\u00f5es.<\/p>\n<p><strong>7 Sistema de remo\u00e7\u00e3o de poeira<\/strong><\/p>\n<p><strong>\u2606<\/strong>Equipada com um grande fluxo circulante de sistema de remo\u00e7\u00e3o de poeira de \u00e1gua, a \u00e1gua circulante na caixa flui para o porto de suc\u00e7\u00e3o, sob a a \u00e7\u00e3o de fluxo de ar de alta velocidade, completamente combinada com a poeira de suc\u00e7\u00e3o no tubo de suc\u00e7\u00e3o para alcan\u00e7ar a redu\u00e7\u00e3o de poeira; A \u00e1gua n\u00e3o envolvida na combina\u00e7\u00e3o passa pela tela de filtro especial no painel lateral da caixa, e depois flui de volta ao porto de suc\u00e7\u00e3o para participar na redu\u00e7\u00e3o e reutiliza\u00e7\u00e3o de poeira.<\/p>\n<p>\u2606 Equipado com sistema de remo\u00e7\u00e3o de polvo de pulveriza\u00e7\u00e3o<\/p>\n<p>\u2606 H\u00e1 quatro quebracabezas de supress\u00e3o de poeira acima da pincel<\/p>\n<p><strong>8 Alta descarga<\/strong><\/p>\n<p><strong>\u2606<\/strong>A lata de res\u00edduos \u00e9 feita de material de a\u00e7o inoxid\u00e1vel de alta qualidade, que n\u00e3o \u00e9 apenas resistente \u00e0 corros\u00e3o, mas tamb\u00e9m alta for\u00e7a.<\/p>\n<p><strong>\u2606<\/strong>O uso de um m\u00e9todo de dumping elevado para descartar lixo, reduzir a intensidade de trabalho do operador, de modo que o descartamento, limpeza e manuten\u00e7\u00e3o de lixo toda a m\u00e1quina seja muito conveniente.<\/p>\n<p><strong>9 Fun\u00e7\u00e3o de auto-limpeza<\/strong><\/p>\n<p><strong>\u2606<\/strong>Equipado com uma bomba de pincel, pode fornecer \u00e1gua de alta press\u00e3o, arma de pulveriza\u00e7\u00e3o de alta press\u00e3o pode ser transportada com o carro, pode ser limpa ap\u00f3s o trabalho do ve\u00edculo, para garantir que a apar\u00eancia do ve\u00edculo seja limpa.<\/p>\n<p><strong>10 Sistema de travagem confi\u00e1vel<\/strong><\/p>\n<p>O modo de travagem adota travagem autom\u00e1tico do centro de travagem e transmiss\u00e3o hidrost\u00e1tica, todas as quatro rodas adotam travagem de bomba de travagem, enquanto a roda traseira adota travagem de tens\u00e3o, e o manejo manual de travagem pode perceber o travagem de estacionamento quando o ve\u00edculo est\u00e1 estacionado, assegurando a seguran\u00e7a do travagem de condu\u00e7\u00e3o e estacionamento.<\/p>\n<p><strong>11Canudo retr\u00e1til port\u00e1til e ferramentas auxiliares<\/strong><\/p>\n<p>Est\u00e1 equipado com um canudo retr\u00e1til manual alongado, que pode ser utilizado para opera\u00e7\u00f5es de aspira\u00e7\u00e3o em locais como canteiros de vegeta\u00e7\u00e3o.<\/p>\n<p>Ele est\u00e1 equipado com ferramentas auxiliares para limpar lixo bloqueado no grande tanque e pode ser usado como um rochador para operar a bomba de emerg\u00eancia.<\/p>\n<p><strong>12 Sistema de emerg\u00eancia<\/strong><\/p>\n<p>A cabine est\u00e1 equipada com um extintor port\u00e1til para fazer face a situa\u00e7\u00f5es de emerg\u00eancia.<\/p>\n<p>Equipado com bomba de petr\u00f3leo de emerg\u00eancia, quando o sistema hidr\u00e1ulico falha, o lixo pode ser levantado para resolver problemas.<\/p>","protected":false},"excerpt":{"rendered":"<p>Este sweeper \u00e9 um puro sweeper el\u00e9trico multifuncional com uma estrutura dedicada de chassis que pode ser substitu\u00edda por uma variedade de acess\u00f3rios funcionais. O carregador adota o conceito avan\u00e7ado de projeto de plataforma de ve\u00edculos e acess\u00f3rios funcionais modulares, que rapidamente consegue perceber a mudan\u00e7a entre fun\u00e7\u00f5es sem ferramentas. Todo o trabalho \u00e9 feito por estrutura mec\u00e2nica, sistema el\u00e9trico e sistema hidr\u00e1ulico. Pode ser amplamente usado em parques, esta\u00e7\u00f5es, \u00e1reas residenciais, portos e doces.<\/p>","protected":false},"featured_media":2447,"template":"","meta":[],"product_brand":[],"product_cat":[30,29],"product_tag":[],"class_list":{"0":"post-2446","1":"product","2":"type-product","3":"status-publish","4":"has-post-thumbnail","6":"product_cat-compact-street-sweepers","7":"product_cat-winter-snow-removal-equipment","9":"first","10":"instock","11":"shipping-taxable","12":"product-type-simple"},"_links":{"self":[{"href":"https:\/\/www.haideclean.com\/pt\/wp-json\/wp\/v2\/product\/2446","targetHints":{"allow":["GET"]}}],"collection":[{"href":"https:\/\/www.haideclean.com\/pt\/wp-json\/wp\/v2\/product"}],"about":[{"href":"https:\/\/www.haideclean.com\/pt\/wp-json\/wp\/v2\/types\/product"}],"wp:featuredmedia":[{"embeddable":true,"href":"https:\/\/www.haideclean.com\/pt\/wp-json\/wp\/v2\/media\/2447"}],"wp:attachment":[{"href":"https:\/\/www.haideclean.com\/pt\/wp-json\/wp\/v2\/media?parent=2446"}],"wp:term":[{"taxonomy":"product_brand","embeddable":true,"href":"https:\/\/www.haideclean.com\/pt\/wp-json\/wp\/v2\/product_brand?post=2446"},{"taxonomy":"product_cat","embeddable":true,"href":"https:\/\/www.haideclean.com\/pt\/wp-json\/wp\/v2\/product_cat?post=2446"},{"taxonomy":"product_tag","embeddable":true,"href":"https:\/\/www.haideclean.com\/pt\/wp-json\/wp\/v2\/product_tag?post=2446"}],"curies":[{"name":"wp","href":"https:\/\/api.w.org\/{rel}","templated":true}]}}