{"id":2735,"date":"2026-01-14T15:00:38","date_gmt":"2026-01-14T07:00:38","guid":{"rendered":"https:\/\/www.haideclean.com\/?post_type=product&#038;p=2735"},"modified":"2026-03-18T11:44:11","modified_gmt":"2026-03-18T03:44:11","slug":"chd5030csj-sand-suction-machine","status":"publish","type":"product","link":"https:\/\/www.haideclean.com\/pt\/produto\/chd5030csj-sand-suction-machine\/","title":{"rendered":"CHD5030CSJ Aspirador de areia"},"content":{"rendered":"<ul>\n<li><strong>Materiales aplic\u00e1veis<\/strong><\/li>\n<\/ul>\n<p><span style=\"text-decoration: underline;\"> Polvos Industriais: <\/span>Cinza de voo, cimento, p\u00f3 de c\u00e1lcio, p\u00f3 mineral, p\u00f3 de magn\u00e9sio, p\u00f3 de carv\u00e3o, alum\u00ednio, res\u00edduos de coleta de p\u00f3, gangue de carv\u00e3o, p\u00f3 industrial, cinza de carv\u00e3o;<\/p>\n<p><span style=\"text-decoration: underline;\">Materiales granulares:<\/span> Gr\u00e3os, pelotas pl\u00e1sticas (PT, PET, PA66);<\/p>\n<p><span style=\"text-decoration: underline;\">Materiales Especiais:<\/span> areia (incluindo areia deserta, areia acumulada, descarga de areia, etc.).<\/p>\n<ul>\n<li><strong>Escen\u00e1rios de aplica\u00e7\u00f5es<\/strong><\/li>\n<\/ul>\n<p><span style=\"text-decoration: underline;\"> Petr\u00f3leo e - Campos de g\u00e1s:<\/span> Mantenimento de tubos de petr\u00f3leo\/g\u00e1s do deserto, limpeza de descargas de areia de po\u00e7os de petr\u00f3leo, recupera\u00e7\u00e3o de areia em locais de perfura\u00e7\u00e3o\/trabalho, zonas de trabalho de alta frequ\u00eancia em campos maduros, zonas de fratura\u00e7\u00e3o intensiva de esquilo;<\/p>\n<p><span style=\"text-decoration: underline;\"> Constru\u00e7\u00e3o Industrial:<\/span> Recupera\u00e7\u00e3o abrasiva ap\u00f3s a explos\u00e3o de areia de tubo\/po\u00e7o, limpeza da acumula\u00e7\u00e3o de areia teimosa em instala\u00e7\u00f5es;<\/p>\n<p><span style=\"text-decoration: underline;\"> Condi\u00e7\u00f5es Especiais:<\/span> Ambientes complexos com alta de areia severa como planos de lama costeiros e desertos;<\/p>\n<p><span style=\"text-decoration: underline;\"> Sitios industriais:<\/span> Transfer \u00eancia e recupera\u00e7\u00e3o de p\u00f3s industriais (por exemplo, cimento, cinzas de mosca) dentro dos pr\u00e9dios da f\u00e1brica.<\/p>\n<p><img fetchpriority=\"high\" decoding=\"async\" class=\"alignnone size-medium wp-image-2765\" src=\"https:\/\/www.haideclean.com\/wp-content\/uploads\/2026\/01\/Sand-Suction-Machine5-300x300.jpg\" alt=\"\" width=\"300\" height=\"300\" srcset=\"https:\/\/www.haideclean.com\/wp-content\/uploads\/2026\/01\/Sand-Suction-Machine5-300x300.jpg 300w, https:\/\/www.haideclean.com\/wp-content\/uploads\/2026\/01\/Sand-Suction-Machine5-150x150.jpg 150w, https:\/\/www.haideclean.com\/wp-content\/uploads\/2026\/01\/Sand-Suction-Machine5-768x768.jpg 768w, https:\/\/www.haideclean.com\/wp-content\/uploads\/2026\/01\/Sand-Suction-Machine5-12x12.jpg 12w, https:\/\/www.haideclean.com\/wp-content\/uploads\/2026\/01\/Sand-Suction-Machine5-600x600.jpg 600w, https:\/\/www.haideclean.com\/wp-content\/uploads\/2026\/01\/Sand-Suction-Machine5-100x100.jpg 100w, https:\/\/www.haideclean.com\/wp-content\/uploads\/2026\/01\/Sand-Suction-Machine5.jpg 800w\" sizes=\"(max-width: 300px) 100vw, 300px\" \/><\/p>","protected":false},"excerpt":{"rendered":"<p>Transporta eficientemente v\u00e1rios materiais em massa, incluindo p\u00f3s e materiais granulares, acomodando diversos requisitos de recupera\u00e7\u00e3o e transfer \u00eancia de materiais em m\u00faltiplos cen\u00e1rios.<\/p>","protected":false},"featured_media":2940,"template":"","meta":[],"product_brand":[],"product_cat":[31],"product_tag":[],"class_list":{"0":"post-2735","1":"product","2":"type-product","3":"status-publish","4":"has-post-thumbnail","6":"product_cat-others","8":"first","9":"instock","10":"shipping-taxable","11":"product-type-simple"},"_links":{"self":[{"href":"https:\/\/www.haideclean.com\/pt\/wp-json\/wp\/v2\/product\/2735","targetHints":{"allow":["GET"]}}],"collection":[{"href":"https:\/\/www.haideclean.com\/pt\/wp-json\/wp\/v2\/product"}],"about":[{"href":"https:\/\/www.haideclean.com\/pt\/wp-json\/wp\/v2\/types\/product"}],"wp:featuredmedia":[{"embeddable":true,"href":"https:\/\/www.haideclean.com\/pt\/wp-json\/wp\/v2\/media\/2940"}],"wp:attachment":[{"href":"https:\/\/www.haideclean.com\/pt\/wp-json\/wp\/v2\/media?parent=2735"}],"wp:term":[{"taxonomy":"product_brand","embeddable":true,"href":"https:\/\/www.haideclean.com\/pt\/wp-json\/wp\/v2\/product_brand?post=2735"},{"taxonomy":"product_cat","embeddable":true,"href":"https:\/\/www.haideclean.com\/pt\/wp-json\/wp\/v2\/product_cat?post=2735"},{"taxonomy":"product_tag","embeddable":true,"href":"https:\/\/www.haideclean.com\/pt\/wp-json\/wp\/v2\/product_tag?post=2735"}],"curies":[{"name":"wp","href":"https:\/\/api.w.org\/{rel}","templated":true}]}}