{"id":2797,"date":"2026-01-15T11:55:21","date_gmt":"2026-01-15T03:55:21","guid":{"rendered":"https:\/\/www.haideclean.com\/?post_type=product&#038;p=2797"},"modified":"2026-03-19T13:58:55","modified_gmt":"2026-03-19T05:58:55","slug":"chr61m-multi-functional-snow-removal-sweeper","status":"publish","type":"product","link":"https:\/\/www.haideclean.com\/pt\/produto\/chr61m-multi-functional-snow-removal-sweeper\/","title":{"rendered":"CHR61M Multifuncional Snow Removal Sweeper"},"content":{"rendered":"<p><img decoding=\"async\" class=\"alignnone size-medium wp-image-2847\" src=\"https:\/\/www.haideclean.com\/wp-content\/uploads\/2026\/01\/CHR70M111-300x165.png\" alt=\"\" width=\"300\" height=\"165\" srcset=\"https:\/\/www.haideclean.com\/wp-content\/uploads\/2026\/01\/CHR70M111-300x165.png 300w, https:\/\/www.haideclean.com\/wp-content\/uploads\/2026\/01\/CHR70M111-18x10.png 18w, https:\/\/www.haideclean.com\/wp-content\/uploads\/2026\/01\/CHR70M111.png 557w\" sizes=\"(max-width: 300px) 100vw, 300px\" \/><\/p>\n<p>O CHR61M Multi-functional Snow Removal Vehicle (Vehicle Multifuncional de Removal de Neve de Neve), desenvolvido por Shandong Howe[UNK]Technologies[UNK]Co. , Ltd., \u00e9 um ve\u00edculo utilit\u00e1rio compacto, de alta qualidade e de alto desempenho com uma estrutura de chassis articulada. Seu design incorpora conceitos avan\u00e7ados, alcan\u00e7ando uma plataforma unificada de ve\u00edculos e equipamento auxiliar modular. Equipado com par\u00eanteses de montagem multifuncionais em ambos os extremos, suporta v\u00e1rios anexos funcionais, possibilitando uma r\u00e1pida convers\u00e3o entre diferentes modos operacionais.<\/p>\n<p>Ao longo de sua investiga\u00e7\u00e3o e desenvolvimento D and production processes, Shandong Howe Technologies Co., Ltd. consistently prioritizes ensuring its products deliver versatility, high quality, and outstanding performance. Os componentes essenciais deste ve\u00edculo multiprop\u00f3sito utilizam marcas de lideran\u00e7a mundial, permitindo um despliegue eficiente para opera\u00e7\u00f5es de remo\u00e7\u00e3o da neve de inverno. \u00c9 amplamente aplic\u00e1vel em cen\u00e1rios como aeroportos, parques industriais e ruas de pedestres.<\/p>","protected":false},"excerpt":{"rendered":"<p>O CHR61M Multi-functional Snow Removal Vehicle (Vehicle Multifuncional de Removal de Neve de Neve), desenvolvido por Shandong Howe[UNK]Technologies[UNK]Co. , Ltd., \u00e9 um ve\u00edculo utilit\u00e1rio compacto, de alta qualidade e de alto desempenho com uma estrutura de chassis articulada. Seu design incorpora conceitos avan\u00e7ados, alcan\u00e7ando uma plataforma unificada de ve\u00edculos e equipamento auxiliar modular. Equipado com par\u00eanteses de montagem multifuncionais em ambos os extremos, suporta v\u00e1rios anexos funcionais, possibilitando uma r\u00e1pida convers\u00e3o entre diferentes modos operacionais.<\/p>","protected":false},"featured_media":2798,"template":"","meta":[],"product_brand":[],"product_cat":[29],"product_tag":[],"class_list":{"0":"post-2797","1":"product","2":"type-product","3":"status-publish","4":"has-post-thumbnail","6":"product_cat-winter-snow-removal-equipment","8":"first","9":"instock","10":"shipping-taxable","11":"product-type-simple"},"_links":{"self":[{"href":"https:\/\/www.haideclean.com\/pt\/wp-json\/wp\/v2\/product\/2797","targetHints":{"allow":["GET"]}}],"collection":[{"href":"https:\/\/www.haideclean.com\/pt\/wp-json\/wp\/v2\/product"}],"about":[{"href":"https:\/\/www.haideclean.com\/pt\/wp-json\/wp\/v2\/types\/product"}],"wp:featuredmedia":[{"embeddable":true,"href":"https:\/\/www.haideclean.com\/pt\/wp-json\/wp\/v2\/media\/2798"}],"wp:attachment":[{"href":"https:\/\/www.haideclean.com\/pt\/wp-json\/wp\/v2\/media?parent=2797"}],"wp:term":[{"taxonomy":"product_brand","embeddable":true,"href":"https:\/\/www.haideclean.com\/pt\/wp-json\/wp\/v2\/product_brand?post=2797"},{"taxonomy":"product_cat","embeddable":true,"href":"https:\/\/www.haideclean.com\/pt\/wp-json\/wp\/v2\/product_cat?post=2797"},{"taxonomy":"product_tag","embeddable":true,"href":"https:\/\/www.haideclean.com\/pt\/wp-json\/wp\/v2\/product_tag?post=2797"}],"curies":[{"name":"wp","href":"https:\/\/api.w.org\/{rel}","templated":true}]}}