{"id":2831,"date":"2026-01-15T13:59:46","date_gmt":"2026-01-15T05:59:46","guid":{"rendered":"https:\/\/www.haideclean.com\/?post_type=product&#038;p=2831"},"modified":"2026-03-18T11:40:40","modified_gmt":"2026-03-18T03:40:40","slug":"chr100sc-ride-on-floor-scrubber","status":"publish","type":"product","link":"https:\/\/www.haideclean.com\/pt\/produto\/chr100sc-ride-on-floor-scrubber\/","title":{"rendered":"CHR100SC Limpadora de pisos com condutor"},"content":{"rendered":"<p><img fetchpriority=\"high\" decoding=\"async\" class=\"alignnone size-medium wp-image-2851\" src=\"https:\/\/www.haideclean.com\/wp-content\/uploads\/2026\/01\/CHR100SC1-300x284.jpg\" alt=\"\" width=\"300\" height=\"284\" srcset=\"https:\/\/www.haideclean.com\/wp-content\/uploads\/2026\/01\/CHR100SC1-300x284.jpg 300w, https:\/\/www.haideclean.com\/wp-content\/uploads\/2026\/01\/CHR100SC1-768x727.jpg 768w, https:\/\/www.haideclean.com\/wp-content\/uploads\/2026\/01\/CHR100SC1-13x12.jpg 13w, https:\/\/www.haideclean.com\/wp-content\/uploads\/2026\/01\/CHR100SC1-600x568.jpg 600w, https:\/\/www.haideclean.com\/wp-content\/uploads\/2026\/01\/CHR100SC1.jpg 994w\" sizes=\"(max-width: 300px) 100vw, 300px\" \/><\/p>\n<p>CHR100SC m\u00e1quina de lavagem de ch\u00e3o \u00e9 uma m\u00e1quina de lavagem de ch\u00e3o de alta efici\u00eancia com fun\u00e7\u00f5es de lavagem, secagem e arranhamento. \u00c9 adequado para a limpeza de centros comerciais, armaz\u00e9ns, hospitais, hot\u00e9is, garagens subterr\u00e2neas, f\u00e1bricas, aeroportos, esta\u00e7\u00f5es de metro e outros lugares, e pode atender \u00e0s necessidades de trabalho dos clientes em v\u00e1rias cenas de trabalho.<\/p>","protected":false},"excerpt":{"rendered":"<p>A lavagem de ch\u00e3o CHR100SC \u00e9 uma m\u00e1quina de lavagem de ch\u00e3o de alta efici\u00eancia com fun\u00e7\u00f5es de lavagem, secagem e arranhamento.<\/p>","protected":false},"featured_media":2833,"template":"","meta":[],"product_brand":[],"product_cat":[39],"product_tag":[],"class_list":{"0":"post-2831","1":"product","2":"type-product","3":"status-publish","4":"has-post-thumbnail","6":"product_cat-indoor-cleaning-equipment","8":"first","9":"instock","10":"shipping-taxable","11":"product-type-simple"},"_links":{"self":[{"href":"https:\/\/www.haideclean.com\/pt\/wp-json\/wp\/v2\/product\/2831","targetHints":{"allow":["GET"]}}],"collection":[{"href":"https:\/\/www.haideclean.com\/pt\/wp-json\/wp\/v2\/product"}],"about":[{"href":"https:\/\/www.haideclean.com\/pt\/wp-json\/wp\/v2\/types\/product"}],"wp:featuredmedia":[{"embeddable":true,"href":"https:\/\/www.haideclean.com\/pt\/wp-json\/wp\/v2\/media\/2833"}],"wp:attachment":[{"href":"https:\/\/www.haideclean.com\/pt\/wp-json\/wp\/v2\/media?parent=2831"}],"wp:term":[{"taxonomy":"product_brand","embeddable":true,"href":"https:\/\/www.haideclean.com\/pt\/wp-json\/wp\/v2\/product_brand?post=2831"},{"taxonomy":"product_cat","embeddable":true,"href":"https:\/\/www.haideclean.com\/pt\/wp-json\/wp\/v2\/product_cat?post=2831"},{"taxonomy":"product_tag","embeddable":true,"href":"https:\/\/www.haideclean.com\/pt\/wp-json\/wp\/v2\/product_tag?post=2831"}],"curies":[{"name":"wp","href":"https:\/\/api.w.org\/{rel}","templated":true}]}}