{"id":2838,"date":"2026-01-15T14:23:06","date_gmt":"2026-01-15T06:23:06","guid":{"rendered":"https:\/\/www.haideclean.com\/?post_type=product&#038;p=2838"},"modified":"2026-03-18T11:40:23","modified_gmt":"2026-03-18T03:40:23","slug":"chr200sc-ride-on-floor-scrubber","status":"publish","type":"product","link":"https:\/\/www.haideclean.com\/pt\/produto\/chr200sc-ride-on-floor-scrubber\/","title":{"rendered":"CHR200SC Limpadora de pisos com condutor"},"content":{"rendered":"<p>&nbsp;<\/p>\n<p><img fetchpriority=\"high\" decoding=\"async\" class=\"alignnone size-medium wp-image-2857\" src=\"https:\/\/www.haideclean.com\/wp-content\/uploads\/2026\/01\/CHR200S1-300x300.jpg\" alt=\"\" width=\"300\" height=\"300\" srcset=\"https:\/\/www.haideclean.com\/wp-content\/uploads\/2026\/01\/CHR200S1-300x300.jpg 300w, https:\/\/www.haideclean.com\/wp-content\/uploads\/2026\/01\/CHR200S1-150x150.jpg 150w, https:\/\/www.haideclean.com\/wp-content\/uploads\/2026\/01\/CHR200S1-768x768.jpg 768w, https:\/\/www.haideclean.com\/wp-content\/uploads\/2026\/01\/CHR200S1-12x12.jpg 12w, https:\/\/www.haideclean.com\/wp-content\/uploads\/2026\/01\/CHR200S1-600x600.jpg 600w, https:\/\/www.haideclean.com\/wp-content\/uploads\/2026\/01\/CHR200S1-100x100.jpg 100w, https:\/\/www.haideclean.com\/wp-content\/uploads\/2026\/01\/CHR200S1.jpg 800w\" sizes=\"(max-width: 300px) 100vw, 300px\" \/><\/p>\n<p>CHR200SCCHR200SC \u00e9 adequado para limpeza em v\u00e1rios lugares como centros comerciais, dep\u00f3sitos, hot\u00e9is, garagens subterr\u00e2neas, f\u00e1bricas, aeroportos, esta\u00e7\u00f5es de metro, etc. Tem m\u00faltiplos modos de trabalho como economia, normal, refor\u00e7o, polimento e limpeza.<\/p>","protected":false},"excerpt":{"rendered":"<p>A lavagem de ch\u00e3o CHR200SC \u00e9 adequada para limpeza em v\u00e1rios lugares como centros comerciais.<\/p>","protected":false},"featured_media":2855,"template":"","meta":[],"product_brand":[],"product_cat":[39],"product_tag":[],"class_list":{"0":"post-2838","1":"product","2":"type-product","3":"status-publish","4":"has-post-thumbnail","6":"product_cat-indoor-cleaning-equipment","8":"first","9":"instock","10":"shipping-taxable","11":"product-type-simple"},"_links":{"self":[{"href":"https:\/\/www.haideclean.com\/pt\/wp-json\/wp\/v2\/product\/2838","targetHints":{"allow":["GET"]}}],"collection":[{"href":"https:\/\/www.haideclean.com\/pt\/wp-json\/wp\/v2\/product"}],"about":[{"href":"https:\/\/www.haideclean.com\/pt\/wp-json\/wp\/v2\/types\/product"}],"wp:featuredmedia":[{"embeddable":true,"href":"https:\/\/www.haideclean.com\/pt\/wp-json\/wp\/v2\/media\/2855"}],"wp:attachment":[{"href":"https:\/\/www.haideclean.com\/pt\/wp-json\/wp\/v2\/media?parent=2838"}],"wp:term":[{"taxonomy":"product_brand","embeddable":true,"href":"https:\/\/www.haideclean.com\/pt\/wp-json\/wp\/v2\/product_brand?post=2838"},{"taxonomy":"product_cat","embeddable":true,"href":"https:\/\/www.haideclean.com\/pt\/wp-json\/wp\/v2\/product_cat?post=2838"},{"taxonomy":"product_tag","embeddable":true,"href":"https:\/\/www.haideclean.com\/pt\/wp-json\/wp\/v2\/product_tag?post=2838"}],"curies":[{"name":"wp","href":"https:\/\/api.w.org\/{rel}","templated":true}]}}