{"id":2858,"date":"2026-01-15T14:50:00","date_gmt":"2026-01-15T06:50:00","guid":{"rendered":"https:\/\/www.haideclean.com\/?post_type=product&#038;p=2858"},"modified":"2026-03-19T12:03:07","modified_gmt":"2026-03-19T04:03:07","slug":"chr400msc-multifunctional-floor-scrubber","status":"publish","type":"product","link":"https:\/\/www.haideclean.com\/pt\/produto\/chr400msc-multifunctional-floor-scrubber\/","title":{"rendered":"CHR400MSC Multifuncional Floor Scrubber"},"content":{"rendered":"<p><img fetchpriority=\"high\" decoding=\"async\" class=\"alignnone size-medium wp-image-2875\" src=\"https:\/\/www.haideclean.com\/wp-content\/uploads\/2026\/01\/CHR400MSC1-300x214.png\" alt=\"\" width=\"300\" height=\"214\" srcset=\"https:\/\/www.haideclean.com\/wp-content\/uploads\/2026\/01\/CHR400MSC1-300x214.png 300w, https:\/\/www.haideclean.com\/wp-content\/uploads\/2026\/01\/CHR400MSC1-18x12.png 18w, https:\/\/www.haideclean.com\/wp-content\/uploads\/2026\/01\/CHR400MSC1-600x428.png 600w, https:\/\/www.haideclean.com\/wp-content\/uploads\/2026\/01\/CHR400MSC1.png 691w\" sizes=\"(max-width: 300px) 100vw, 300px\" \/><\/p>\n<ol>\n<li>A fun\u00e7\u00e3o integrada da lavagem e limpeza em grande escala pode ser amplamente utilizada para limpeza profunda de v\u00e1rios andares como estacionamentos residenciais, estacionamentos residenciais, estradas auxiliares, blocos comerciais, quadrados, etc.<\/li>\n<li>Pode alcan\u00e7ar um efeito perfeito de lavagem e limpeza do ch\u00e3o, e as manchas de esgoto no ch\u00e3o podem ser completamente limpas e recicladas, realmente alcan\u00e7ando o efeito de limpeza de &#8220; vendo a verdadeira cor na estrada, sentada no ch\u00e3o.<\/li>\n<li>Pode voltar em lugar num canal de apenas 2740 mm de largura, tornando a limpeza mais flex\u00edvel e eficiente;<\/li>\n<li>Pode limpar pedras, lixo, ramos, bast\u00f5es de bamb\u00fa e outros res\u00edduos no ch\u00e3o, com uma press\u00e3o de lavagem de at\u00e9 180 quilogramas, tornando f\u00e1cil limpar completamente e perfeitamente terra, manchas de \u00f3leo e v\u00e1rias impress\u00f5es no ch\u00e3o;<\/li>\n<\/ol>","protected":false},"excerpt":{"rendered":"<p>Essa m\u00e1quina de lavagem e limpeza em grande escala permite virar em lugar canais de 2740 mm de largura para limpeza profunda flex\u00edvel e eficiente de m\u00faltiplas superf\u00edcies. Com 180kg de press\u00e3o de lavagem, ela remove completamente, recicla esgotos e res\u00edduos, e elimina terra, manchas de petr\u00f3leo e impress\u00f5es, alcan\u00e7ando um &#8220; cor verdadeira da estrada, limpa o suficiente para se sentar efeito.<\/p>","protected":false},"featured_media":2862,"template":"","meta":[],"product_brand":[],"product_cat":[39],"product_tag":[],"class_list":{"0":"post-2858","1":"product","2":"type-product","3":"status-publish","4":"has-post-thumbnail","6":"product_cat-indoor-cleaning-equipment","8":"first","9":"instock","10":"shipping-taxable","11":"product-type-simple"},"_links":{"self":[{"href":"https:\/\/www.haideclean.com\/pt\/wp-json\/wp\/v2\/product\/2858","targetHints":{"allow":["GET"]}}],"collection":[{"href":"https:\/\/www.haideclean.com\/pt\/wp-json\/wp\/v2\/product"}],"about":[{"href":"https:\/\/www.haideclean.com\/pt\/wp-json\/wp\/v2\/types\/product"}],"wp:featuredmedia":[{"embeddable":true,"href":"https:\/\/www.haideclean.com\/pt\/wp-json\/wp\/v2\/media\/2862"}],"wp:attachment":[{"href":"https:\/\/www.haideclean.com\/pt\/wp-json\/wp\/v2\/media?parent=2858"}],"wp:term":[{"taxonomy":"product_brand","embeddable":true,"href":"https:\/\/www.haideclean.com\/pt\/wp-json\/wp\/v2\/product_brand?post=2858"},{"taxonomy":"product_cat","embeddable":true,"href":"https:\/\/www.haideclean.com\/pt\/wp-json\/wp\/v2\/product_cat?post=2858"},{"taxonomy":"product_tag","embeddable":true,"href":"https:\/\/www.haideclean.com\/pt\/wp-json\/wp\/v2\/product_tag?post=2858"}],"curies":[{"name":"wp","href":"https:\/\/api.w.org\/{rel}","templated":true}]}}