{"id":2936,"date":"2026-01-19T10:41:24","date_gmt":"2026-01-19T02:41:24","guid":{"rendered":"https:\/\/www.haideclean.com\/?post_type=product&#038;p=2936"},"modified":"2026-03-18T11:42:15","modified_gmt":"2026-03-18T03:42:15","slug":"chr5031csj-mobile-photovoltaic-power-supply-sand-removal-machine","status":"publish","type":"product","link":"https:\/\/www.haideclean.com\/pt\/produto\/chr5031csj-mobile-photovoltaic-power-supply-sand-removal-machine\/","title":{"rendered":"Modelo CHR5031CSJ, desarenador m\u00f3vil alimentado por energia fotovoltaica"},"content":{"rendered":"<p><strong>Fun\u00e7\u00e3o principal<\/strong><\/p>\n<p>Transfere eficientemente todos os tipos de materiais a granel, incluindo materiais em p\u00f3 e granulados, atende \u00e0s necessidades de recupera\u00e7\u00e3o e transporte de materiais em m\u00faltiplos cen\u00e1rios, ao mesmo tempo que resolve os desafios de coleta em condi\u00e7\u00f5es de trabalho especiais.<\/p>\n<p><strong>Materiais aplic\u00e1veis<\/strong><\/p>\n<p>P\u00f3s industriais: cinzas volantes, cimento, p\u00f3 de c\u00e1lcio, p\u00f3 mineral, p\u00f3 de magn\u00e9sio, p\u00f3 de carv\u00e3o, alumina, p\u00f3 de decanta\u00e7\u00e3o, xisto de carv\u00e3o, poeira industrial, cinzas de carv\u00e3o.<\/p>\n<p>Materiais granulares: cereais, gr\u00e2nulos de pl\u00e1stico (PT, PET, PA66).<\/p>\n<p>Materiais especiais: areia (incluindo areia de deserto, areia sedimentar e areia de extra\u00e7\u00e3o, etc.)<\/p>\n<p><strong>Cen\u00e1rios de aplica\u00e7\u00e3o<\/strong><\/p>\n<p>Relacionados com campos de petr\u00f3leo e g\u00e1s: oleodutos e gasodutos de campos de petr\u00f3leo e g\u00e1s no deserto, remo\u00e7\u00e3o de areia de po\u00e7os de petr\u00f3leo, recupera\u00e7\u00e3o de areia em canteiros de perfura\u00e7\u00e3o e repara\u00e7\u00e3o de po\u00e7os, \u00e1reas de manuten\u00e7\u00e3o frequente de campos de petr\u00f3leo antigos, \u00e1reas intensivas de fraturamento de xisto.<\/p>\n<p>Constru\u00e7\u00e3o industrial: jateamento com areia para remo\u00e7\u00e3o de ferrugem em tubula\u00e7\u00f5es e po\u00e7os, recupera\u00e7\u00e3o subsequente de abrasivos e remo\u00e7\u00e3o de areia acumulada persistente no local.<\/p>\n<p>Condi\u00e7\u00f5es de opera\u00e7\u00e3o especiais: ambientes complexos com emiss\u00f5es severas de poeira e areia, como a zona intermareal costeira e o deserto.<\/p>\n<p>Opera\u00e7\u00e3o na f\u00e1brica: tratamento e recupera\u00e7\u00e3o de p\u00f3s industriais (como cimento e cinzas volantes).<\/p>","protected":false},"excerpt":{"rendered":"<p>O modelo CHR5031CSJ, desarenador m\u00f3vel alimentado por energia fotovoltaica, \u00e9 uma central de armazenamento de energia fotovoltaica integrada, dobr\u00e1vel e de r\u00e1pida mobilidade, especialmente projetada para fornecer eletricidade a equipamentos pesados (como instala\u00e7\u00f5es desarenadoras de campos petrol\u00edferos) em regi\u00f5es sem rede el\u00e9trica, como desertos e \u00e1reas \u00e1ridas. Este equipamento resolve eficazmente os problemas dos geradores a diesel tradicionais, como alto ru\u00eddo, polui\u00e7\u00e3o intensa e altos custos de manuten\u00e7\u00e3o, ao mesmo tempo que supera a limita\u00e7\u00e3o da baixa flexibilidade das grandes centrais fotovoltaicas fixas. Esta solu\u00e7\u00e3o inovadora pode transportar energia verde diretamente para a linha de trabalho.<\/p>","protected":false},"featured_media":2937,"template":"","meta":[],"product_brand":[],"product_cat":[31],"product_tag":[],"class_list":{"0":"post-2936","1":"product","2":"type-product","3":"status-publish","4":"has-post-thumbnail","6":"product_cat-others","8":"first","9":"instock","10":"shipping-taxable","11":"product-type-simple"},"_links":{"self":[{"href":"https:\/\/www.haideclean.com\/pt\/wp-json\/wp\/v2\/product\/2936","targetHints":{"allow":["GET"]}}],"collection":[{"href":"https:\/\/www.haideclean.com\/pt\/wp-json\/wp\/v2\/product"}],"about":[{"href":"https:\/\/www.haideclean.com\/pt\/wp-json\/wp\/v2\/types\/product"}],"wp:featuredmedia":[{"embeddable":true,"href":"https:\/\/www.haideclean.com\/pt\/wp-json\/wp\/v2\/media\/2937"}],"wp:attachment":[{"href":"https:\/\/www.haideclean.com\/pt\/wp-json\/wp\/v2\/media?parent=2936"}],"wp:term":[{"taxonomy":"product_brand","embeddable":true,"href":"https:\/\/www.haideclean.com\/pt\/wp-json\/wp\/v2\/product_brand?post=2936"},{"taxonomy":"product_cat","embeddable":true,"href":"https:\/\/www.haideclean.com\/pt\/wp-json\/wp\/v2\/product_cat?post=2936"},{"taxonomy":"product_tag","embeddable":true,"href":"https:\/\/www.haideclean.com\/pt\/wp-json\/wp\/v2\/product_tag?post=2936"}],"curies":[{"name":"wp","href":"https:\/\/api.w.org\/{rel}","templated":true}]}}