{"id":80,"date":"2025-12-10T15:42:55","date_gmt":"2025-12-10T07:42:55","guid":{"rendered":"https:\/\/www.haideclean.com\/?post_type=product&#038;p=80"},"modified":"2026-03-19T12:25:43","modified_gmt":"2026-03-19T04:25:43","slug":"chd5075tcajle6-kitchen-food-garbage-truck","status":"publish","type":"product","link":"https:\/\/www.haideclean.com\/pt\/produto\/chd5075tcajle6-kitchen-food-garbage-truck\/","title":{"rendered":"CHD5075TCAJLE6 Truck de lixo de comida da cozinha"},"content":{"rendered":"<ul>\n<li>A altura do ve\u00edculo inteiro n\u00e3o \u00e9 superior a 2,2 metros, e pode entrar suavemente no estacionamento subterr\u00e2neo de cada complexo comercial (o limite de altura da entrada \u00e9 superior a 2,2 metros, e o limite de altura do interior \u00e9 superior a 3,3 metros) para realizar opera\u00e7\u00f5es de coleta e transporte.<\/li>\n<li><strong>Design de maximiza\u00e7\u00e3o de volume:<\/strong> O compartimento adota design de estrutura quadrada e redonda para maximizar o volume. O material \u00e9 feito de a\u00e7o de carbono de alta qualidade com alta for\u00e7a.<\/li>\n<li><strong>Design \u00fanico de estrutura de selagem:<\/strong> A abertura, fechamento e fechamento da porta traseira s\u00e3o controlados por diferentes cilindros e selados por faixas de fechamento especiais patentadas com mecanismo de fechamento ajustado, de modo que n\u00e3o h\u00e1 fuga no processo de funcionamento e condu\u00e7\u00e3o de ve\u00edculos.<\/li>\n<li>Entrada alargada de abertura ampla, selada por cobertura de selagem, abertura e fechamento controlada por cilindro hidr\u00e1ulico.<\/li>\n<li><strong>Mecanismo de carga de lixo amplamente aplic\u00e1vel:<\/strong> Pode levantar latas de lixo padr\u00e3o de 120L e 240L com mecanismo de bloqueio autom\u00e1tico de seguran\u00e7a, de modo que o lixo no barril n\u00e3o se sobrevola ou seja deixado para tr\u00e1s durante o processo de carga.<\/li>\n<li><strong>Autodetec\u00e7\u00e3o do mecanismo de carga de lixo:<\/strong> Quando levanta e carrega lixo, pode detectar se a cobertura superior est\u00e1 completamente aberta e se a placa de empurragem \u00e9 retornada a sua posi\u00e7\u00e3o. Quando detectar que a cobertura superior n\u00e3o \u00e9 aberta ou que a placa de empurr\u00e3o n\u00e3o \u00e9 retornada a sua posi\u00e7\u00e3o, o ve\u00edculo dar\u00e1 um aviso.<\/li>\n<li>Compress\u00e3o do lixo e compress\u00e3o moderada do lixo para maximizar a carga.<\/li>\n<li><strong>Design de descarga autom\u00e1tica:<\/strong> Manipular o interruptor, abrir a porta de tr\u00e1s, e empurrar o lixo de frente para tr\u00e1s com a placa de empurr\u00e3o, completamente limpa.<\/li>\n<li><strong>Deflector ampliado:<\/strong> A porta de descarga do lixo est\u00e1 equipada com um deflector expandido, o que efetivamente impede que os esgotos se espalham para ambos os lados do ve\u00edculo quando descarregam lixo, e \u00e9 ecol\u00f3gico e higi\u00e9nico.<\/li>\n<li>Design confi\u00e1vel de selagem da porta traseira: a abertura da porta traseira \u00e9 controlada por interruptores duplos para evitar mal funcionamento e evitar vazamento.<\/li>\n<li>Os cilindros de abertura e fechamento da porta traseira s\u00e3o instalados com v\u00e1lvulas de seguran\u00e7a para evitar que a porta traseira caia automaticamente e assegurar a seguran\u00e7a.<\/li>\n<li><strong>Design de seguran\u00e7a confi\u00e1vel:<\/strong> A porta de tr\u00e1s do ve\u00edculo est\u00e1 equipada com uma placa de seguran\u00e7a, que pode ser suportada quando a porta de tr\u00e1s \u00e9 aberta para assegurar a seguran\u00e7a do operador.<\/li>\n<\/ul>","protected":false},"excerpt":{"rendered":"<p>CHD5075TCAJLE6 cami\u00e3o de lixo de cozinha produzido por Yantai Haide Special Vehicle Co., Ltd. \u00e9 um novo produto desenvolvido e projetado com base no chassis EQ1075SJ3CDF produzido por Dongfeng Motor Co., LTD. \u00c9 uma grande capacidade, alta efici\u00eancia, sem vazamento, alto grau de automatiza\u00e7\u00e3o de equipamento de coleta e transporte de lixo de comida e cozinha, amplamente utilizado em hot\u00e9is, coleta e transporte de restos de cantinas.<\/p>","protected":false},"featured_media":1248,"template":"","meta":[],"product_brand":[],"product_cat":[28],"product_tag":[],"class_list":{"0":"post-80","1":"product","2":"type-product","3":"status-publish","4":"has-post-thumbnail","6":"product_cat-waste-collection-transport","8":"first","9":"instock","10":"shipping-taxable","11":"product-type-simple"},"_links":{"self":[{"href":"https:\/\/www.haideclean.com\/pt\/wp-json\/wp\/v2\/product\/80","targetHints":{"allow":["GET"]}}],"collection":[{"href":"https:\/\/www.haideclean.com\/pt\/wp-json\/wp\/v2\/product"}],"about":[{"href":"https:\/\/www.haideclean.com\/pt\/wp-json\/wp\/v2\/types\/product"}],"wp:featuredmedia":[{"embeddable":true,"href":"https:\/\/www.haideclean.com\/pt\/wp-json\/wp\/v2\/media\/1248"}],"wp:attachment":[{"href":"https:\/\/www.haideclean.com\/pt\/wp-json\/wp\/v2\/media?parent=80"}],"wp:term":[{"taxonomy":"product_brand","embeddable":true,"href":"https:\/\/www.haideclean.com\/pt\/wp-json\/wp\/v2\/product_brand?post=80"},{"taxonomy":"product_cat","embeddable":true,"href":"https:\/\/www.haideclean.com\/pt\/wp-json\/wp\/v2\/product_cat?post=80"},{"taxonomy":"product_tag","embeddable":true,"href":"https:\/\/www.haideclean.com\/pt\/wp-json\/wp\/v2\/product_tag?post=80"}],"curies":[{"name":"wp","href":"https:\/\/api.w.org\/{rel}","templated":true}]}}